{"id":4043,"date":"2022-06-29T15:41:20","date_gmt":"2022-06-29T15:41:20","guid":{"rendered":"http:\/\/yhs.uyx.mybluehost.me\/de\/?page_id=4043"},"modified":"2025-02-26T13:03:57","modified_gmt":"2025-02-26T13:03:57","slug":"signup-product-newsletter","status":"publish","type":"page","link":"https:\/\/www.zenloop.com\/de\/signup-product-newsletter\/","title":{"rendered":"Signup Product Newsletter"},"content":{"rendered":"<section         class=\"block-registration  no-margin padding-both\" style=\"background-image:url('');\" id=\"\"\n>\n\t<div class=\"container\">\n\t\t<h2 class=\"section-title\">Jetzt f\u00fcr den zenloop Produkt-Newsletter anmelden<\/h2>\t\t<div class=\"row\">\n\t\t\t<div class=\"six columns\">\n\t\t\t\t<div class=\"description\"><h5 class=\"mb-2\">Bleibe immer auf dem neusten Stand<\/h5>\n<ul class=\"checklist\">\n<li>Du erf\u00e4hrst von neuen Features und Funktionen<\/li>\n<li>Du erh\u00e4lst Einladungen zu anstehenden Events<\/li>\n<li>Du erh\u00e4lst Zugang zu neuen Ressourcen<\/li>\n<\/ul>\n<\/div>\n\t\t\t\t<div class=\"grid\" style=\"grid-template-columns:2.5rem 1fr;grid-gap:1.25rem;\">\n\t\t\t\t\t\t\t\t<\/div>\n\t\t\t<\/div>\n\t\t\t<div class=\"six columns\">\n\t\t\t\t\t\t\t\t\n\t\t\t\t\t\t\t\t<div class=\"registration\">\n\t\t\t\t\t\n<div class=\"wpcf7 no-js\" id=\"wpcf7-f1151-o1\" lang=\"en-US\" dir=\"ltr\" data-wpcf7-id=\"1151\">\n<div class=\"screen-reader-response\"><p role=\"status\" aria-live=\"polite\" aria-atomic=\"true\"><\/p> <ul><\/ul><\/div>\n<form action=\"\/de\/wp-json\/wp\/v2\/pages\/4043#wpcf7-f1151-o1\" method=\"post\" class=\"wpcf7-form init demo\" aria-label=\"Contact form\" novalidate=\"novalidate\" data-status=\"init\">\n<fieldset class=\"hidden-fields-container\"><input type=\"hidden\" name=\"_wpcf7\" value=\"1151\" \/><input type=\"hidden\" name=\"_wpcf7_version\" value=\"6.1.5\" \/><input type=\"hidden\" name=\"_wpcf7_locale\" value=\"en_US\" \/><input type=\"hidden\" name=\"_wpcf7_unit_tag\" value=\"wpcf7-f1151-o1\" \/><input type=\"hidden\" name=\"_wpcf7_container_post\" value=\"0\" \/><input type=\"hidden\" name=\"_wpcf7_posted_data_hash\" value=\"\" \/>\n<\/fieldset>\n<div class=\"row\">\n\t<div class=\"form-relative six columns\">\n\t\t<p><label>Vorname<\/label><br \/>\n<span class=\"wpcf7-form-control-wrap\" data-name=\"first_name\"><input size=\"40\" maxlength=\"400\" class=\"wpcf7-form-control wpcf7-text wpcf7-validates-as-required\" aria-required=\"true\" aria-invalid=\"false\" value=\"\" type=\"text\" name=\"first_name\" \/><\/span>\n\t\t<\/p>\n\t<\/div>\n\t<div class=\"form-relative six columns\">\n\t\t<p><label>Nachname<\/label><br \/>\n<span class=\"wpcf7-form-control-wrap\" data-name=\"last_name\"><input size=\"40\" maxlength=\"400\" class=\"wpcf7-form-control wpcf7-text wpcf7-validates-as-required\" aria-required=\"true\" aria-invalid=\"false\" value=\"\" type=\"text\" name=\"last_name\" \/><\/span>\n\t\t<\/p>\n\t<\/div>\n<\/div>\n<div class=\"row\">\n\t<div class=\"form-relative six columns\">\n\t\t<p><label>Unternehmen<\/label><br \/>\n<span class=\"wpcf7-form-control-wrap\" data-name=\"company\"><input size=\"40\" maxlength=\"400\" class=\"wpcf7-form-control wpcf7-text wpcf7-validates-as-required\" aria-required=\"true\" aria-invalid=\"false\" value=\"\" type=\"text\" name=\"company\" \/><\/span>\n\t\t<\/p>\n\t<\/div>\n\t<div class=\"form-relative six columns\">\n\t\t<p><label>Beruf<\/label><br \/>\n<span class=\"wpcf7-form-control-wrap\" data-name=\"job_title\"><input size=\"40\" maxlength=\"400\" class=\"wpcf7-form-control wpcf7-text wpcf7-validates-as-required\" aria-required=\"true\" aria-invalid=\"false\" value=\"\" type=\"text\" name=\"job_title\" \/><\/span>\n\t\t<\/p>\n\t<\/div>\n<\/div>\n<div class=\"form-relative\">\n\t<p><label>E-Mail Adresse<\/label><br \/>\n<span class=\"wpcf7-form-control-wrap\" data-name=\"email_address\"><input size=\"40\" maxlength=\"400\" class=\"wpcf7-form-control wpcf7-email wpcf7-validates-as-required wpcf7-text wpcf7-validates-as-email\" aria-required=\"true\" aria-invalid=\"false\" value=\"\" type=\"email\" name=\"email_address\" \/><\/span>\n\t<\/p>\n<\/div>\n<div style=\"display:none;\">\n\t<p><span class=\"wpcf7-form-control-wrap\" data-name=\"website-language-de\"><input size=\"40\" maxlength=\"400\" class=\"wpcf7-form-control wpcf7-text\" aria-invalid=\"false\" value=\"DE\" type=\"text\" name=\"website-language-de\" \/><\/span><br \/>\n<span class=\"wpcf7-form-control-wrap\" data-name=\"event-url\"><input size=\"40\" maxlength=\"400\" class=\"wpcf7-form-control wpcf7-text\" aria-invalid=\"false\" value=\"https:\/\/www.zenloop.com\/de\/wp-json\/wp\/v2\/pages\/4043\" type=\"text\" name=\"event-url\" \/><\/span>\n\t<\/p>\n<\/div>\n<p><input class=\"wpcf7-form-control wpcf7-submit has-spinner\" type=\"submit\" value=\"Jetzt kontaktieren\" \/>\n<\/p><div class=\"wpcf7-response-output\" aria-hidden=\"true\"><\/div>\n<\/form>\n<\/div>\n\t\t\t\t<\/div>\n\n\t\t\t\t<div class=\"registration-confirmation\">\n\t\t\t\t\t<h3>Successful!<\/h3>\n\t\t\t\t\t<p>An email with the registration is already on its way to your mailbox.<\/p>\n\t\t\t\t<\/div>\n\t\t\t\t\t\t\t<\/div>\n\t\t<\/div>\n\t<\/div>\n<\/section>\n\n<section         class=\"block-features  no-margin padding-both\" style=\"background-image:url('');\" id=\"\"\n>\n\t<div class=\"container\">\n\t\t<h2 class=\"section-title\">zenloop im \u00dcberblick<\/h2>\t\t<div class=\"grid\" style=\"grid-template-columns:\t1fr\">\n\t\t<div class=\"grid features\" style=\"grid-template-columns:repeat(3, 1fr);grid-gap: 0 30px;\">\n\t\t\t\t\t<a class=\"col feature boxed\" href=\"https:\/\/cx1-conference.com\/de\/\">\n\t\t\t\t<i class=\"block__icon fal fa-hand-holding-seedling icon\"><\/i>\n\t\t\t\t<h5> CX-Community<\/h5>\n\t\t\t\t\t\t\t\t<div class=\"description \">Erfahre, wie wir das gr\u00f6\u00dfte CX-\u00d6kosystem der Welt aufbauen.<\/div>\n\t\t\t\t\t\t\t<\/a>\n\t\t\t\t\t<a class=\"col feature boxed\" href=\"\/de\/events\">\n\t\t\t\t<i class=\"block__icon fal fa-calendar-alt icon\"><\/i>\n\t\t\t\t<h5> Events<\/h5>\n\t\t\t\t\t\t\t\t<div class=\"description \">Sehe dir unsere bevorstehenden und vergangenen Events an.<\/div>\n\t\t\t\t\t\t\t<\/a>\n\t\t\t\t\t<a class=\"col feature boxed\" href=\"\/de\/unternehmen\/newsroom\">\n\t\t\t\t<i class=\"block__icon fal fa-newspaper icon\"><\/i>\n\t\t\t\t<h5> Newsroom<\/h5>\n\t\t\t\t\t\t\t\t<div class=\"description \">Lese die neuesten Meldungen \u00fcber zenloop in den Medien.<\/div>\n\t\t\t\t\t\t\t<\/a>\n\t\t\t\t\t<a class=\"col feature boxed\" href=\"\/de\/ressourcen\">\n\t\t\t\t<i class=\"block__icon fal fa-book icon\"><\/i>\n\t\t\t\t<h5> Ressourcen<\/h5>\n\t\t\t\t\t\t\t\t<div class=\"description \">Profitiere von unseren Artikeln, Case Studies, Whitepapern und mehr.<\/div>\n\t\t\t\t\t\t\t<\/a>\n\t\t\t\t\t<a class=\"col feature boxed\" href=\"\/de\/unternehmen\/ueber-uns\">\n\t\t\t\t<i class=\"block__icon fal fa-users icon\"><\/i>\n\t\t\t\t<h5> \u00dcber uns<\/h5>\n\t\t\t\t\t\t\t\t<div class=\"description \">Erfahre mehr \u00fcber zenloop und was uns ausmacht.<\/div>\n\t\t\t\t\t\t\t<\/a>\n\t\t\t\t\t<a class=\"col feature boxed\" href=\"\/de\/kontakt\">\n\t\t\t\t<i class=\"block__icon fal fa-address-book icon\"><\/i>\n\t\t\t\t<h5> Kontakt<\/h5>\n\t\t\t\t\t\t\t\t<div class=\"description \">Finde den richtigen Ansprechpartner f\u00fcr jedes Anliegen.<\/div>\n\t\t\t\t\t\t\t<\/a>\n\t\t\t\t<\/div>\n\t\t<\/div>\n\n\t\t\n\t<\/div>\n<\/section>\n\n<section         class=\"block-spalten  no-margin padding-top\" style=\"background-color:#ecedef;\" id=\"\"\n>\n\t<div class=\"container\">\n\t\t\n\t\t\t\t\n\t\t<div class=\"grid\" style=\"grid-template-columns:\t5fr 7fr\">\t\t\t\t\n\t\t\t\t<div class=\"col \">\n\t\t\t\t\t<h2>Du bist noch kein zenloop Kunde?<\/h2>\n<p>&nbsp;<\/p>\n<p><a class=\"button\" href=\"\/de\/demo-anfragen\">Jetzt informieren<\/a><\/p>\n\t\t\t\t<\/div>\n\t\t\t\n\t\t\t\t\t\t\t\n\t\t\t\t<div class=\"col \">\n\t\t\t\t\t<p><img loading=\"lazy\" decoding=\"async\" class=\"alignnone size-full wp-image-2019\" src=\"https:\/\/www.zenloop.com\/de\/wp-content\/uploads\/sites\/3\/2022\/03\/desktop-4-e1647862337786.png\" alt=\"desktop\" width=\"1000\" height=\"517\" srcset=\"https:\/\/www.zenloop.com\/de\/wp-content\/uploads\/sites\/3\/2022\/03\/desktop-4-e1647862337786.png 1000w, https:\/\/www.zenloop.com\/de\/wp-content\/uploads\/sites\/3\/2022\/03\/desktop-4-e1647862337786-300x155.png 300w, https:\/\/www.zenloop.com\/de\/wp-content\/uploads\/sites\/3\/2022\/03\/desktop-4-e1647862337786-768x397.png 768w\" sizes=\"auto, (max-width: 1000px) 100vw, 1000px\" \/><\/p>\n\t\t\t\t<\/div>\n\t\t\t\n\t\t\t<\/div>\n\t\t\n\t<\/div>\n<\/section>","protected":false},"excerpt":{"rendered":"","protected":false},"author":2,"featured_media":3463,"parent":0,"menu_order":0,"comment_status":"closed","ping_status":"closed","template":"","meta":{"_acf_changed":true,"inline_featured_image":false,"footnotes":""},"class_list":["post-4043","page","type-page","status-publish","has-post-thumbnail","hentry"],"acf":[],"yoast_head":"<!-- This site is optimized with the Yoast SEO Premium plugin v21.6 (Yoast SEO v27.5) - https:\/\/yoast.com\/product\/yoast-seo-premium-wordpress\/ -->\n<title>Signup Product Newsletter - zenloop<\/title>\n<meta name=\"description\" content=\"Jetzt anmelden und \u00fcber zenloop Updates auf dem Laufenden bleiben.\" \/>\n<meta name=\"robots\" content=\"index, follow, max-snippet:-1, max-image-preview:large, max-video-preview:-1\" \/>\n<link rel=\"canonical\" href=\"https:\/\/www.zenloop.com\/de\/signup-product-newsletter\/\" \/>\n<meta property=\"og:locale\" content=\"de_DE\" \/>\n<meta property=\"og:type\" content=\"article\" \/>\n<meta property=\"og:title\" content=\"Signup Product Newsletter\" \/>\n<meta property=\"og:description\" content=\"Jetzt anmelden und \u00fcber zenloop Updates auf dem Laufenden bleiben.\" \/>\n<meta property=\"og:url\" content=\"https:\/\/www.zenloop.com\/de\/signup-product-newsletter\/\" \/>\n<meta property=\"og:site_name\" content=\"zenloop\" \/>\n<meta property=\"article:publisher\" content=\"https:\/\/www.facebook.com\/zenloop\/\" \/>\n<meta property=\"article:modified_time\" content=\"2025-02-26T13:03:57+00:00\" \/>\n<meta property=\"og:image\" content=\"https:\/\/www.zenloop.com\/de\/wp-content\/uploads\/sites\/3\/2022\/03\/article-promoters-preview.jpg\" \/>\n\t<meta property=\"og:image:width\" content=\"1200\" \/>\n\t<meta property=\"og:image:height\" content=\"628\" \/>\n\t<meta property=\"og:image:type\" content=\"image\/jpeg\" \/>\n<meta name=\"twitter:card\" content=\"summary_large_image\" \/>\n<meta name=\"twitter:site\" content=\"@zenloopHQ\" \/>\n<meta name=\"twitter:label1\" content=\"Gesch\u00e4tzte Lesezeit\" \/>\n\t<meta name=\"twitter:data1\" content=\"2 Minuten\" \/>\n<script type=\"application\/ld+json\" class=\"yoast-schema-graph\">{\"@context\":\"https:\\\/\\\/schema.org\",\"@graph\":[{\"@type\":\"WebPage\",\"@id\":\"https:\\\/\\\/www.zenloop.com\\\/de\\\/signup-product-newsletter\\\/\",\"url\":\"https:\\\/\\\/www.zenloop.com\\\/de\\\/signup-product-newsletter\\\/\",\"name\":\"Signup Product Newsletter - zenloop\",\"isPartOf\":{\"@id\":\"https:\\\/\\\/www.zenloop.com\\\/de\\\/#website\"},\"primaryImageOfPage\":{\"@id\":\"https:\\\/\\\/www.zenloop.com\\\/de\\\/signup-product-newsletter\\\/#primaryimage\"},\"image\":{\"@id\":\"https:\\\/\\\/www.zenloop.com\\\/de\\\/signup-product-newsletter\\\/#primaryimage\"},\"thumbnailUrl\":\"https:\\\/\\\/www.zenloop.com\\\/de\\\/wp-content\\\/uploads\\\/sites\\\/3\\\/2022\\\/04\\\/energy-logo-zenloop.svg\",\"datePublished\":\"2022-06-29T15:41:20+00:00\",\"dateModified\":\"2025-02-26T13:03:57+00:00\",\"description\":\"Jetzt anmelden und \u00fcber zenloop Updates auf dem Laufenden bleiben.\",\"inLanguage\":\"de-DE\",\"potentialAction\":[{\"@type\":\"ReadAction\",\"target\":[\"https:\\\/\\\/www.zenloop.com\\\/de\\\/signup-product-newsletter\\\/\"]}]},{\"@type\":\"ImageObject\",\"inLanguage\":\"de-DE\",\"@id\":\"https:\\\/\\\/www.zenloop.com\\\/de\\\/signup-product-newsletter\\\/#primaryimage\",\"url\":\"https:\\\/\\\/www.zenloop.com\\\/de\\\/wp-content\\\/uploads\\\/sites\\\/3\\\/2022\\\/04\\\/energy-logo-zenloop.svg\",\"contentUrl\":\"https:\\\/\\\/www.zenloop.com\\\/de\\\/wp-content\\\/uploads\\\/sites\\\/3\\\/2022\\\/04\\\/energy-logo-zenloop.svg\",\"width\":129,\"height\":72,\"caption\":\"energy-logo-zenloop\"},{\"@type\":\"WebSite\",\"@id\":\"https:\\\/\\\/www.zenloop.com\\\/de\\\/#website\",\"url\":\"https:\\\/\\\/www.zenloop.com\\\/de\\\/\",\"name\":\"zenloop\",\"description\":\"Customer Experience Management und Action Management\",\"publisher\":{\"@id\":\"https:\\\/\\\/www.zenloop.com\\\/de\\\/#organization\"},\"potentialAction\":[{\"@type\":\"SearchAction\",\"target\":{\"@type\":\"EntryPoint\",\"urlTemplate\":\"https:\\\/\\\/www.zenloop.com\\\/de\\\/?s={search_term_string}\"},\"query-input\":{\"@type\":\"PropertyValueSpecification\",\"valueRequired\":true,\"valueName\":\"search_term_string\"}}],\"inLanguage\":\"de-DE\"},{\"@type\":\"Organization\",\"@id\":\"https:\\\/\\\/www.zenloop.com\\\/de\\\/#organization\",\"name\":\"zenloop\",\"url\":\"https:\\\/\\\/www.zenloop.com\\\/de\\\/\",\"logo\":{\"@type\":\"ImageObject\",\"inLanguage\":\"de-DE\",\"@id\":\"https:\\\/\\\/www.zenloop.com\\\/de\\\/#\\\/schema\\\/logo\\\/image\\\/\",\"url\":\"https:\\\/\\\/www.zenloop.com\\\/de\\\/wp-content\\\/uploads\\\/sites\\\/3\\\/2022\\\/03\\\/zenloop-2.svg\",\"contentUrl\":\"https:\\\/\\\/www.zenloop.com\\\/de\\\/wp-content\\\/uploads\\\/sites\\\/3\\\/2022\\\/03\\\/zenloop-2.svg\",\"width\":129,\"height\":72,\"caption\":\"zenloop\"},\"image\":{\"@id\":\"https:\\\/\\\/www.zenloop.com\\\/de\\\/#\\\/schema\\\/logo\\\/image\\\/\"},\"sameAs\":[\"https:\\\/\\\/www.facebook.com\\\/zenloop\\\/\",\"https:\\\/\\\/x.com\\\/zenloopHQ\",\"https:\\\/\\\/www.linkedin.com\\\/company\\\/zenloop\",\"https:\\\/\\\/www.instagram.com\\\/zenloophq\\\/\",\"https:\\\/\\\/www.youtube.com\\\/channel\\\/UCJDQprWMAcIesSAcawVIcsw\"]}]}<\/script>\n<!-- \/ Yoast SEO Premium plugin. -->","yoast_head_json":{"title":"Signup Product Newsletter - zenloop","description":"Jetzt anmelden und \u00fcber zenloop Updates auf dem Laufenden bleiben.","robots":{"index":"index","follow":"follow","max-snippet":"max-snippet:-1","max-image-preview":"max-image-preview:large","max-video-preview":"max-video-preview:-1"},"canonical":"https:\/\/www.zenloop.com\/de\/signup-product-newsletter\/","og_locale":"de_DE","og_type":"article","og_title":"Signup Product Newsletter","og_description":"Jetzt anmelden und \u00fcber zenloop Updates auf dem Laufenden bleiben.","og_url":"https:\/\/www.zenloop.com\/de\/signup-product-newsletter\/","og_site_name":"zenloop","article_publisher":"https:\/\/www.facebook.com\/zenloop\/","article_modified_time":"2025-02-26T13:03:57+00:00","og_image":[{"width":1200,"height":628,"url":"https:\/\/www.zenloop.com\/de\/wp-content\/uploads\/sites\/3\/2022\/03\/article-promoters-preview.jpg","type":"image\/jpeg"}],"twitter_card":"summary_large_image","twitter_site":"@zenloopHQ","twitter_misc":{"Gesch\u00e4tzte Lesezeit":"2 Minuten"},"schema":{"@context":"https:\/\/schema.org","@graph":[{"@type":"WebPage","@id":"https:\/\/www.zenloop.com\/de\/signup-product-newsletter\/","url":"https:\/\/www.zenloop.com\/de\/signup-product-newsletter\/","name":"Signup Product Newsletter - zenloop","isPartOf":{"@id":"https:\/\/www.zenloop.com\/de\/#website"},"primaryImageOfPage":{"@id":"https:\/\/www.zenloop.com\/de\/signup-product-newsletter\/#primaryimage"},"image":{"@id":"https:\/\/www.zenloop.com\/de\/signup-product-newsletter\/#primaryimage"},"thumbnailUrl":"https:\/\/www.zenloop.com\/de\/wp-content\/uploads\/sites\/3\/2022\/04\/energy-logo-zenloop.svg","datePublished":"2022-06-29T15:41:20+00:00","dateModified":"2025-02-26T13:03:57+00:00","description":"Jetzt anmelden und \u00fcber zenloop Updates auf dem Laufenden bleiben.","inLanguage":"de-DE","potentialAction":[{"@type":"ReadAction","target":["https:\/\/www.zenloop.com\/de\/signup-product-newsletter\/"]}]},{"@type":"ImageObject","inLanguage":"de-DE","@id":"https:\/\/www.zenloop.com\/de\/signup-product-newsletter\/#primaryimage","url":"https:\/\/www.zenloop.com\/de\/wp-content\/uploads\/sites\/3\/2022\/04\/energy-logo-zenloop.svg","contentUrl":"https:\/\/www.zenloop.com\/de\/wp-content\/uploads\/sites\/3\/2022\/04\/energy-logo-zenloop.svg","width":129,"height":72,"caption":"energy-logo-zenloop"},{"@type":"WebSite","@id":"https:\/\/www.zenloop.com\/de\/#website","url":"https:\/\/www.zenloop.com\/de\/","name":"zenloop","description":"Customer Experience Management und Action Management","publisher":{"@id":"https:\/\/www.zenloop.com\/de\/#organization"},"potentialAction":[{"@type":"SearchAction","target":{"@type":"EntryPoint","urlTemplate":"https:\/\/www.zenloop.com\/de\/?s={search_term_string}"},"query-input":{"@type":"PropertyValueSpecification","valueRequired":true,"valueName":"search_term_string"}}],"inLanguage":"de-DE"},{"@type":"Organization","@id":"https:\/\/www.zenloop.com\/de\/#organization","name":"zenloop","url":"https:\/\/www.zenloop.com\/de\/","logo":{"@type":"ImageObject","inLanguage":"de-DE","@id":"https:\/\/www.zenloop.com\/de\/#\/schema\/logo\/image\/","url":"https:\/\/www.zenloop.com\/de\/wp-content\/uploads\/sites\/3\/2022\/03\/zenloop-2.svg","contentUrl":"https:\/\/www.zenloop.com\/de\/wp-content\/uploads\/sites\/3\/2022\/03\/zenloop-2.svg","width":129,"height":72,"caption":"zenloop"},"image":{"@id":"https:\/\/www.zenloop.com\/de\/#\/schema\/logo\/image\/"},"sameAs":["https:\/\/www.facebook.com\/zenloop\/","https:\/\/x.com\/zenloopHQ","https:\/\/www.linkedin.com\/company\/zenloop","https:\/\/www.instagram.com\/zenloophq\/","https:\/\/www.youtube.com\/channel\/UCJDQprWMAcIesSAcawVIcsw"]}]}},"_links":{"self":[{"href":"https:\/\/www.zenloop.com\/de\/wp-json\/wp\/v2\/pages\/4043","targetHints":{"allow":["GET"]}}],"collection":[{"href":"https:\/\/www.zenloop.com\/de\/wp-json\/wp\/v2\/pages"}],"about":[{"href":"https:\/\/www.zenloop.com\/de\/wp-json\/wp\/v2\/types\/page"}],"author":[{"embeddable":true,"href":"https:\/\/www.zenloop.com\/de\/wp-json\/wp\/v2\/users\/2"}],"replies":[{"embeddable":true,"href":"https:\/\/www.zenloop.com\/de\/wp-json\/wp\/v2\/comments?post=4043"}],"version-history":[{"count":0,"href":"https:\/\/www.zenloop.com\/de\/wp-json\/wp\/v2\/pages\/4043\/revisions"}],"wp:featuredmedia":[{"embeddable":true,"href":"https:\/\/www.zenloop.com\/de\/wp-json\/wp\/v2\/media\/3463"}],"wp:attachment":[{"href":"https:\/\/www.zenloop.com\/de\/wp-json\/wp\/v2\/media?parent=4043"}],"curies":[{"name":"wp","href":"https:\/\/api.w.org\/{rel}","templated":true}]}}