{"id":4001,"date":"2022-06-20T15:37:08","date_gmt":"2022-06-20T15:37:08","guid":{"rendered":"http:\/\/yhs.uyx.mybluehost.me\/de\/?page_id=4001"},"modified":"2025-02-26T13:07:42","modified_gmt":"2025-02-26T13:07:42","slug":"partner-werden","status":"publish","type":"page","link":"https:\/\/www.zenloop.com\/de\/partner-werden\/","title":{"rendered":"Werden Sie unser Partner"},"content":{"rendered":"<section         class=\"block-hero  no-margin padding-both\" style=\"background-image:url('');\" id=\"\"\n>\n\t<div class=\"container\">\n\t\t\n\t\t\n\t\t<div class=\"grid \" style=\"grid-template-columns:1fr 1fr\">\n\t\t\t<div class=\"col flex-center\">\n\t\t\t\t\t\t\t\t\t\t\t\t\t\t\t\t<h1>Werde unser Partner<\/h1>\n\t\t\t\t\t\t\t\t\t\t\t\t\t\t\t\t\t\t\t\t\t<p class=\"small-text\">Erfahre alles \u00fcber die Vorteile unseres Partnerprogramms. Schlie\u00dfe dich uns an und werde Teil unseres CX-\u00d6kosystems.\r\n<\/p>\n\n\t\t\t\t\t\t\t\t\t\t<div class=\"buttons\">\n\t\t\t\t\t\t\t\t\t\t\t\t\t<a href=\"#form\" class=\"button\">Jetzt anmelden<\/a>\n\t\t\t\t\t\t\t\t\t\t\t<\/div>\n\t\t\t\t\t\t\t\t\t\t\n\t\t\t\t<\/div>\n\t\t\t\t<div class=\"col flex-center image-side bubble-area\">\n\t\t\t\t\t\t\t\t\t\t\t\t\n\t\t\t\t\t\n\t<div class=\"align-right\">\n\t\t<div class=\"speech-bubble-image\">\n\t\t\t<img decoding=\"async\" src=\"https:\/\/zenloop1.wpengine.com\/de\/wp-content\/uploads\/sites\/3\/2022\/06\/become-a-partner-header.jpeg\">\n\t\t\t\t\t\t\t\t\t\n\t\t\t\t\t\t<div class=\"speech-bubble hero-bubble-top\">\n\t\t\t\t<div class=\"bubble-text\">\n\t\t\t\t\tWerde Teil unserer Partner-Community und profitiere von unseren vielen gemeinsamen Veranstaltungen, Aktivit\u00e4ten und mehr.\t\t\t\t<\/div>\n\t\t\t<\/div>\n\t\t\t\t\t\t\n\t\t\t\t\t\t\n\t\t<\/div>\n\t<\/div>\n\t\n\n\t\t\t\t\t\t\t\t\t<\/div>\n\t\t\t<\/div>\n\t\t<\/div>\n<\/section>\n\n<link rel=\"stylesheet\" type=\"text\/css\" href=\"\/\/cdn.jsdelivr.net\/npm\/slick-carousel@1.8.1\/slick\/slick.css\"\/>\n<script type=\"text\/javascript\" src=\"\/\/cdn.jsdelivr.net\/npm\/slick-carousel@1.8.1\/slick\/slick.min.js\"><\/script>\n\n<section         class=\"block-logos  small-margin-bottom padding-both\" style=\"background-color:#02193c;\" id=\"\"\n>\n\t<div class=\"logos table\">\n\t\t\t<a  class=\"logo\">\n\t\t\t<img loading=\"lazy\" decoding=\"async\" width=\"128\" height=\"72\" src=\"https:\/\/www.zenloop.com\/de\/wp-content\/uploads\/sites\/3\/2022\/03\/emarsys-white.svg\" class=\"attachment-full size-full\" alt=\"\" \/>\t\t<\/a>\n\t\t\t<a  class=\"logo\">\n\t\t\t<img loading=\"lazy\" decoding=\"async\" width=\"129\" height=\"72\" src=\"https:\/\/www.zenloop.com\/de\/wp-content\/uploads\/sites\/3\/2022\/06\/dynamiy-yield-white.svg\" class=\"attachment-full size-full\" alt=\"dynamiy-yield-white\" \/>\t\t<\/a>\n\t\t\t<a  class=\"logo\">\n\t\t\t<img loading=\"lazy\" decoding=\"async\" width=\"128\" height=\"72\" src=\"https:\/\/www.zenloop.com\/de\/wp-content\/uploads\/sites\/3\/2022\/03\/spryker-white.svg\" class=\"attachment-full size-full\" alt=\"spryker-white\" \/>\t\t<\/a>\n\t\t\t<a  class=\"logo\">\n\t\t\t<img loading=\"lazy\" decoding=\"async\" width=\"128\" height=\"72\" src=\"https:\/\/www.zenloop.com\/de\/wp-content\/uploads\/sites\/3\/2022\/03\/shopware-white.svg\" class=\"attachment-full size-full\" alt=\"\" \/>\t\t<\/a>\n\t\t\t<a  class=\"logo\">\n\t\t\t<img loading=\"lazy\" decoding=\"async\" width=\"128\" height=\"72\" src=\"https:\/\/www.zenloop.com\/de\/wp-content\/uploads\/sites\/3\/2022\/03\/parcelperform-white.svg\" class=\"attachment-full size-full\" alt=\"parcelperform-white\" \/>\t\t<\/a>\n\t\t\t<a  class=\"logo\">\n\t\t\t<img loading=\"lazy\" decoding=\"async\" width=\"128\" height=\"72\" src=\"https:\/\/www.zenloop.com\/de\/wp-content\/uploads\/sites\/3\/2022\/03\/optimizely-white.svg\" class=\"attachment-full size-full\" alt=\"\" \/>\t\t<\/a>\n\t\t\t<a  class=\"logo\">\n\t\t\t<img loading=\"lazy\" decoding=\"async\" width=\"128\" height=\"72\" src=\"https:\/\/www.zenloop.com\/de\/wp-content\/uploads\/sites\/3\/2022\/03\/crossengage-white.svg\" class=\"attachment-full size-full\" alt=\"\" \/>\t\t<\/a>\n\t\t\t<a  class=\"logo\">\n\t\t\t<img loading=\"lazy\" decoding=\"async\" width=\"128\" height=\"72\" src=\"https:\/\/www.zenloop.com\/de\/wp-content\/uploads\/sites\/3\/2022\/03\/zendesk-white.svg\" class=\"attachment-full size-full\" alt=\"zendesk-white\" \/>\t\t<\/a>\n\t\t\t<a  class=\"logo\">\n\t\t\t<img loading=\"lazy\" decoding=\"async\" width=\"128\" height=\"72\" src=\"https:\/\/www.zenloop.com\/de\/wp-content\/uploads\/sites\/3\/2022\/03\/styla-white.svg\" class=\"attachment-full size-full\" alt=\"styla-white\" \/>\t\t<\/a>\n\t\t<\/div>\n<\/section>\n\n<section         class=\"block-registration  small-margin-bottom small-padding-both\" style=\"background-color:#ffffff;\" id=\"\"\n>\n\t<div class=\"container\">\n\t\t<h2 class=\"section-title\">Werde Teil der zenloop Partner Community<\/h2>\t\t<div class=\"row\">\n\t\t\t<div class=\"six columns\">\n\t\t\t\t<div class=\"description\"><h4 class=\"h4 mb-2\">Technologie- und Solution-Partnerschaften<\/h4>\n<p>Werde Teil unseres starken, globalen und stetig wachsenden Netzwerks. Gemeinsam revolutionieren wir die Welt der Customer Experience.<\/p>\n<p>Hinterlasse uns deine Kontaktdaten und wir werden und umgehend bei dir melden und besprechen, wie wir eine Zusammenarbeit aufbauen und gemeinsam Mehrwert f\u00fcr unsere Kunden schaffen k\u00f6nnen.<\/p>\n<\/div>\n\t\t\t\t<div class=\"grid\" style=\"grid-template-columns:2.5rem 1fr;grid-gap:1.25rem;\">\n\t\t\t\t\t\t\t\t<\/div>\n\t\t\t<\/div>\n\t\t\t<div class=\"six columns\">\n\t\t\t\t\t\t\t\t\n\t\t\t\t\t\t\t\t\t<div class=\"registration\">\n\t\t\t\t\t\n<div class=\"wpcf7 no-js\" id=\"wpcf7-f7514-o1\" lang=\"en-US\" dir=\"ltr\" data-wpcf7-id=\"7514\">\n<div class=\"screen-reader-response\"><p role=\"status\" aria-live=\"polite\" aria-atomic=\"true\"><\/p> <ul><\/ul><\/div>\n<form action=\"\/de\/wp-json\/wp\/v2\/pages\/4001#wpcf7-f7514-o1\" method=\"post\" class=\"wpcf7-form init demo\" aria-label=\"Contact form\" novalidate=\"novalidate\" data-status=\"init\">\n<fieldset class=\"hidden-fields-container\"><input type=\"hidden\" name=\"_wpcf7\" value=\"7514\" \/><input type=\"hidden\" name=\"_wpcf7_version\" value=\"6.1.5\" \/><input type=\"hidden\" name=\"_wpcf7_locale\" value=\"en_US\" \/><input type=\"hidden\" name=\"_wpcf7_unit_tag\" value=\"wpcf7-f7514-o1\" \/><input type=\"hidden\" name=\"_wpcf7_container_post\" value=\"0\" \/><input type=\"hidden\" name=\"_wpcf7_posted_data_hash\" value=\"\" \/>\n<\/fieldset>\n<div class=\"row\">\n\t<div class=\"form-relative six columns\">\n\t\t<p><label>Vorname<\/label><br \/>\n<span class=\"wpcf7-form-control-wrap\" data-name=\"first_name\"><input size=\"40\" maxlength=\"400\" class=\"wpcf7-form-control wpcf7-text wpcf7-validates-as-required\" aria-required=\"true\" aria-invalid=\"false\" value=\"\" type=\"text\" name=\"first_name\" \/><\/span>\n\t\t<\/p>\n\t<\/div>\n\t<div class=\"form-relative six columns\">\n\t\t<p><label>Nachname<\/label><br \/>\n<span class=\"wpcf7-form-control-wrap\" data-name=\"last_name\"><input size=\"40\" maxlength=\"400\" class=\"wpcf7-form-control wpcf7-text wpcf7-validates-as-required\" aria-required=\"true\" aria-invalid=\"false\" value=\"\" type=\"text\" name=\"last_name\" \/><\/span>\n\t\t<\/p>\n\t<\/div>\n<\/div>\n<div class=\"row\">\n\t<div class=\"form-relative six columns\">\n\t\t<p><label>Unternehmen<\/label><br \/>\n<span class=\"wpcf7-form-control-wrap\" data-name=\"company\"><input size=\"40\" maxlength=\"400\" class=\"wpcf7-form-control wpcf7-text wpcf7-validates-as-required\" aria-required=\"true\" aria-invalid=\"false\" value=\"\" type=\"text\" name=\"company\" \/><\/span>\n\t\t<\/p>\n\t<\/div>\n\t<div class=\"form-relative six columns\">\n\t\t<p><label>Beruf<\/label><br \/>\n<span class=\"wpcf7-form-control-wrap\" data-name=\"job_title\"><input size=\"40\" maxlength=\"400\" class=\"wpcf7-form-control wpcf7-text wpcf7-validates-as-required\" aria-required=\"true\" aria-invalid=\"false\" value=\"\" type=\"text\" name=\"job_title\" \/><\/span>\n\t\t<\/p>\n\t<\/div>\n<\/div>\n<div class=\"form-relative\">\n\t<p><label>E-Mail Adresse<\/label><br \/>\n<span class=\"wpcf7-form-control-wrap\" data-name=\"email_address\"><input size=\"40\" maxlength=\"400\" class=\"wpcf7-form-control wpcf7-email wpcf7-validates-as-required wpcf7-text wpcf7-validates-as-email\" aria-required=\"true\" aria-invalid=\"false\" value=\"\" type=\"email\" name=\"email_address\" \/><\/span>\n\t<\/p>\n<\/div>\n<div style=\"display:none;\">\n\t<p><span class=\"wpcf7-form-control-wrap\" data-name=\"page-url\"><input size=\"40\" maxlength=\"400\" class=\"wpcf7-form-control wpcf7-text\" aria-invalid=\"false\" value=\"https:\/\/www.zenloop.com\/de\/wp-json\/wp\/v2\/pages\/4001\" type=\"text\" name=\"page-url\" \/><\/span>\n\t<\/p>\n<\/div>\n<div style=\"display: none\">\n\t<p><span class=\"wpcf7-form-control-wrap initialTrafficSource\" data-name=\"initialTrafficSource\"><input type=\"text\" name=\"initialTrafficSource\" id=\"\" class=\"wpcf7-form-control wpcf7-text wpcf7dtx wpcf7dtx-text dtx-pageload\" aria-invalid=\"false\" readonly=\"readonly\" value=\"\" data-dtx-value=\"CF7_get_cookie%20key%3D%27initialTrafficSource%27\" \/><\/span>\n\t<\/p>\n<\/div>\n<p><input class=\"wpcf7-form-control wpcf7-submit has-spinner\" type=\"submit\" value=\"Jetzt kontaktieren\" \/>\n<\/p><div class=\"wpcf7-response-output\" aria-hidden=\"true\"><\/div>\n<\/form>\n<\/div>\n\t\t\t\t<\/div>\n\n\t\t\t\t<div class=\"registration-confirmation\">\n\t\t\t\t\t\t\t\t\t<\/div>\n\t\t\t\t\t\t\t<\/div>\n\t\t<\/div>\n\t<\/div>\n<\/section>\n\n<section         class=\"block-features  small-margin-bottom padding-both\" style=\"background-color:#ecedef;\" id=\"\"\n>\n\t<div class=\"container\">\n\t\t\t\t<div class=\"grid\" style=\"grid-template-columns:\t1fr\">\n\t\t<div class=\"grid features\" style=\"grid-template-columns:repeat(3, 1fr);grid-gap: 0 30px;\">\n\t\t\t\t\t<a class=\"col feature \" >\n\t\t\t\t<i class=\"block__icon fal fa-sack-dollar icon\"><\/i>\n\t\t\t\t<h5>Umsatz<\/h5>\n\t\t\t\t\t\t\t\t<div class=\"description \">Erschlie\u00dfezus\u00e4tzliche Einnahmequellen f\u00fcr dein Unternehmen<\/div>\n\t\t\t\t\t\t\t<\/a>\n\t\t\t\t\t<a class=\"col feature \" >\n\t\t\t\t<i class=\"block__icon fal fa-retweet icon\"><\/i>\n\t\t\t\t<h5>Zusammenarbeit<\/h5>\n\t\t\t\t\t\t\t\t<div class=\"description \">Zugang zu einem branchenf\u00fchrenden Technologie-\u00d6kosystem<\/div>\n\t\t\t\t\t\t\t<\/a>\n\t\t\t\t\t<a class=\"col feature \" >\n\t\t\t\t<i class=\"block__icon fal fa-hand-holding-seedling icon\"><\/i>\n\t\t\t\t<h5>Community<\/h5>\n\t\t\t\t\t\t\t\t<div class=\"description \">Werde Teil von Europas f\u00fchrender Action Management Community<\/div>\n\t\t\t\t\t\t\t<\/a>\n\t\t\t\t<\/div>\n\t\t<\/div>\n\n\t\t\n\t<\/div>\n<\/section>\n\n<section         class=\"block-spalten  no-margin no-padding\" style=\"background-color:#ffffff;\" id=\"\"\n>\n\t<div class=\"container\">\n\t\t\n\t\t\t\t\n\t\t<div class=\"grid\" style=\"grid-template-columns:\t6fr 6fr\">\t\t\t\t\n\t\t\t\t<div class=\"col \">\n\t\t\t\t\t<h2 class=\"demo-module__headline h2\">Auch du kannst von zenloop profitieren.<\/h2>\n<p><a class=\"button\" href=\"https:\/\/zenloop1.wpengine.com\/en\/request-demo\">Kostenfreie Beratung vereinbaren<\/a><\/p>\n\t\t\t\t<\/div>\n\t\t\t\n\t\t\t\t\t\t\t\n\t\t\t\t<div class=\"col \">\n\t\t\t\t\t<p><img loading=\"lazy\" decoding=\"async\" class=\"alignnone size-full wp-image-1099\" src=\"https:\/\/zenloop1.wpengine.com\/de\/wp-content\/uploads\/2022\/03\/desktop-1-e1646826239163.png\" alt=\"\" width=\"1000\" height=\"515\" srcset=\"https:\/\/www.zenloop.com\/de\/wp-content\/uploads\/sites\/3\/2022\/03\/desktop-1-e1646826239163.png 1000w, https:\/\/www.zenloop.com\/de\/wp-content\/uploads\/sites\/3\/2022\/03\/desktop-1-e1646826239163-300x155.png 300w, https:\/\/www.zenloop.com\/de\/wp-content\/uploads\/sites\/3\/2022\/03\/desktop-1-e1646826239163-768x396.png 768w\" sizes=\"auto, (max-width: 1000px) 100vw, 1000px\" \/><\/p>\n\t\t\t\t<\/div>\n\t\t\t\n\t\t\t<\/div>\n\t\t\n\t<\/div>\n<\/section>","protected":false},"excerpt":{"rendered":"","protected":false},"author":2,"featured_media":3463,"parent":0,"menu_order":0,"comment_status":"closed","ping_status":"closed","template":"","meta":{"_acf_changed":true,"inline_featured_image":false,"footnotes":""},"class_list":["post-4001","page","type-page","status-publish","has-post-thumbnail","hentry"],"acf":[],"yoast_head":"<!-- This site is optimized with the Yoast SEO Premium plugin v21.6 (Yoast SEO v27.5) - https:\/\/yoast.com\/product\/yoast-seo-premium-wordpress\/ -->\n<title>Partner werden | zenloop Partner-Programm<\/title>\n<meta name=\"description\" content=\"Erfahre alles \u00fcber die Vorteile unseres Partnerprogramms. Schlie\u00dfe dich uns an und werde Teil unseres CX-\u00d6kosystems.\" \/>\n<meta name=\"robots\" content=\"index, follow, max-snippet:-1, max-image-preview:large, max-video-preview:-1\" \/>\n<link rel=\"canonical\" href=\"https:\/\/www.zenloop.com\/de\/partner-werden\/\" \/>\n<meta property=\"og:locale\" content=\"de_DE\" \/>\n<meta property=\"og:type\" content=\"article\" \/>\n<meta property=\"og:title\" content=\"Werden Sie unser Partner\" \/>\n<meta property=\"og:description\" content=\"Erfahre alles \u00fcber die Vorteile unseres Partnerprogramms. Schlie\u00dfe dich uns an und werde Teil unseres CX-\u00d6kosystems.\" \/>\n<meta property=\"og:url\" content=\"https:\/\/www.zenloop.com\/de\/partner-werden\/\" \/>\n<meta property=\"og:site_name\" content=\"zenloop\" \/>\n<meta property=\"article:publisher\" content=\"https:\/\/www.facebook.com\/zenloop\/\" \/>\n<meta property=\"article:modified_time\" content=\"2025-02-26T13:07:42+00:00\" \/>\n<meta property=\"og:image\" content=\"https:\/\/www.zenloop.com\/de\/wp-content\/uploads\/sites\/3\/2022\/03\/article-promoters-preview.jpg\" \/>\n\t<meta property=\"og:image:width\" content=\"1200\" \/>\n\t<meta property=\"og:image:height\" content=\"628\" \/>\n\t<meta property=\"og:image:type\" content=\"image\/jpeg\" \/>\n<meta name=\"twitter:card\" content=\"summary_large_image\" \/>\n<meta name=\"twitter:site\" content=\"@zenloopHQ\" \/>\n<meta name=\"twitter:label1\" content=\"Gesch\u00e4tzte Lesezeit\" \/>\n\t<meta name=\"twitter:data1\" content=\"4 Minuten\" \/>\n<script type=\"application\/ld+json\" class=\"yoast-schema-graph\">{\"@context\":\"https:\\\/\\\/schema.org\",\"@graph\":[{\"@type\":\"WebPage\",\"@id\":\"https:\\\/\\\/www.zenloop.com\\\/de\\\/partner-werden\\\/\",\"url\":\"https:\\\/\\\/www.zenloop.com\\\/de\\\/partner-werden\\\/\",\"name\":\"Partner werden | zenloop Partner-Programm\",\"isPartOf\":{\"@id\":\"https:\\\/\\\/www.zenloop.com\\\/de\\\/#website\"},\"primaryImageOfPage\":{\"@id\":\"https:\\\/\\\/www.zenloop.com\\\/de\\\/partner-werden\\\/#primaryimage\"},\"image\":{\"@id\":\"https:\\\/\\\/www.zenloop.com\\\/de\\\/partner-werden\\\/#primaryimage\"},\"thumbnailUrl\":\"https:\\\/\\\/www.zenloop.com\\\/de\\\/wp-content\\\/uploads\\\/sites\\\/3\\\/2022\\\/04\\\/energy-logo-zenloop.svg\",\"datePublished\":\"2022-06-20T15:37:08+00:00\",\"dateModified\":\"2025-02-26T13:07:42+00:00\",\"description\":\"Erfahre alles \u00fcber die Vorteile unseres Partnerprogramms. Schlie\u00dfe dich uns an und werde Teil unseres CX-\u00d6kosystems.\",\"inLanguage\":\"de-DE\",\"potentialAction\":[{\"@type\":\"ReadAction\",\"target\":[\"https:\\\/\\\/www.zenloop.com\\\/de\\\/partner-werden\\\/\"]}]},{\"@type\":\"ImageObject\",\"inLanguage\":\"de-DE\",\"@id\":\"https:\\\/\\\/www.zenloop.com\\\/de\\\/partner-werden\\\/#primaryimage\",\"url\":\"https:\\\/\\\/www.zenloop.com\\\/de\\\/wp-content\\\/uploads\\\/sites\\\/3\\\/2022\\\/04\\\/energy-logo-zenloop.svg\",\"contentUrl\":\"https:\\\/\\\/www.zenloop.com\\\/de\\\/wp-content\\\/uploads\\\/sites\\\/3\\\/2022\\\/04\\\/energy-logo-zenloop.svg\",\"width\":129,\"height\":72,\"caption\":\"energy-logo-zenloop\"},{\"@type\":\"WebSite\",\"@id\":\"https:\\\/\\\/www.zenloop.com\\\/de\\\/#website\",\"url\":\"https:\\\/\\\/www.zenloop.com\\\/de\\\/\",\"name\":\"zenloop\",\"description\":\"Customer Experience Management und Action Management\",\"publisher\":{\"@id\":\"https:\\\/\\\/www.zenloop.com\\\/de\\\/#organization\"},\"potentialAction\":[{\"@type\":\"SearchAction\",\"target\":{\"@type\":\"EntryPoint\",\"urlTemplate\":\"https:\\\/\\\/www.zenloop.com\\\/de\\\/?s={search_term_string}\"},\"query-input\":{\"@type\":\"PropertyValueSpecification\",\"valueRequired\":true,\"valueName\":\"search_term_string\"}}],\"inLanguage\":\"de-DE\"},{\"@type\":\"Organization\",\"@id\":\"https:\\\/\\\/www.zenloop.com\\\/de\\\/#organization\",\"name\":\"zenloop\",\"url\":\"https:\\\/\\\/www.zenloop.com\\\/de\\\/\",\"logo\":{\"@type\":\"ImageObject\",\"inLanguage\":\"de-DE\",\"@id\":\"https:\\\/\\\/www.zenloop.com\\\/de\\\/#\\\/schema\\\/logo\\\/image\\\/\",\"url\":\"https:\\\/\\\/www.zenloop.com\\\/de\\\/wp-content\\\/uploads\\\/sites\\\/3\\\/2022\\\/03\\\/zenloop-2.svg\",\"contentUrl\":\"https:\\\/\\\/www.zenloop.com\\\/de\\\/wp-content\\\/uploads\\\/sites\\\/3\\\/2022\\\/03\\\/zenloop-2.svg\",\"width\":129,\"height\":72,\"caption\":\"zenloop\"},\"image\":{\"@id\":\"https:\\\/\\\/www.zenloop.com\\\/de\\\/#\\\/schema\\\/logo\\\/image\\\/\"},\"sameAs\":[\"https:\\\/\\\/www.facebook.com\\\/zenloop\\\/\",\"https:\\\/\\\/x.com\\\/zenloopHQ\",\"https:\\\/\\\/www.linkedin.com\\\/company\\\/zenloop\",\"https:\\\/\\\/www.instagram.com\\\/zenloophq\\\/\",\"https:\\\/\\\/www.youtube.com\\\/channel\\\/UCJDQprWMAcIesSAcawVIcsw\"]}]}<\/script>\n<!-- \/ Yoast SEO Premium plugin. -->","yoast_head_json":{"title":"Partner werden | zenloop Partner-Programm","description":"Erfahre alles \u00fcber die Vorteile unseres Partnerprogramms. Schlie\u00dfe dich uns an und werde Teil unseres CX-\u00d6kosystems.","robots":{"index":"index","follow":"follow","max-snippet":"max-snippet:-1","max-image-preview":"max-image-preview:large","max-video-preview":"max-video-preview:-1"},"canonical":"https:\/\/www.zenloop.com\/de\/partner-werden\/","og_locale":"de_DE","og_type":"article","og_title":"Werden Sie unser Partner","og_description":"Erfahre alles \u00fcber die Vorteile unseres Partnerprogramms. Schlie\u00dfe dich uns an und werde Teil unseres CX-\u00d6kosystems.","og_url":"https:\/\/www.zenloop.com\/de\/partner-werden\/","og_site_name":"zenloop","article_publisher":"https:\/\/www.facebook.com\/zenloop\/","article_modified_time":"2025-02-26T13:07:42+00:00","og_image":[{"width":1200,"height":628,"url":"https:\/\/www.zenloop.com\/de\/wp-content\/uploads\/sites\/3\/2022\/03\/article-promoters-preview.jpg","type":"image\/jpeg"}],"twitter_card":"summary_large_image","twitter_site":"@zenloopHQ","twitter_misc":{"Gesch\u00e4tzte Lesezeit":"4 Minuten"},"schema":{"@context":"https:\/\/schema.org","@graph":[{"@type":"WebPage","@id":"https:\/\/www.zenloop.com\/de\/partner-werden\/","url":"https:\/\/www.zenloop.com\/de\/partner-werden\/","name":"Partner werden | zenloop Partner-Programm","isPartOf":{"@id":"https:\/\/www.zenloop.com\/de\/#website"},"primaryImageOfPage":{"@id":"https:\/\/www.zenloop.com\/de\/partner-werden\/#primaryimage"},"image":{"@id":"https:\/\/www.zenloop.com\/de\/partner-werden\/#primaryimage"},"thumbnailUrl":"https:\/\/www.zenloop.com\/de\/wp-content\/uploads\/sites\/3\/2022\/04\/energy-logo-zenloop.svg","datePublished":"2022-06-20T15:37:08+00:00","dateModified":"2025-02-26T13:07:42+00:00","description":"Erfahre alles \u00fcber die Vorteile unseres Partnerprogramms. Schlie\u00dfe dich uns an und werde Teil unseres CX-\u00d6kosystems.","inLanguage":"de-DE","potentialAction":[{"@type":"ReadAction","target":["https:\/\/www.zenloop.com\/de\/partner-werden\/"]}]},{"@type":"ImageObject","inLanguage":"de-DE","@id":"https:\/\/www.zenloop.com\/de\/partner-werden\/#primaryimage","url":"https:\/\/www.zenloop.com\/de\/wp-content\/uploads\/sites\/3\/2022\/04\/energy-logo-zenloop.svg","contentUrl":"https:\/\/www.zenloop.com\/de\/wp-content\/uploads\/sites\/3\/2022\/04\/energy-logo-zenloop.svg","width":129,"height":72,"caption":"energy-logo-zenloop"},{"@type":"WebSite","@id":"https:\/\/www.zenloop.com\/de\/#website","url":"https:\/\/www.zenloop.com\/de\/","name":"zenloop","description":"Customer Experience Management und Action Management","publisher":{"@id":"https:\/\/www.zenloop.com\/de\/#organization"},"potentialAction":[{"@type":"SearchAction","target":{"@type":"EntryPoint","urlTemplate":"https:\/\/www.zenloop.com\/de\/?s={search_term_string}"},"query-input":{"@type":"PropertyValueSpecification","valueRequired":true,"valueName":"search_term_string"}}],"inLanguage":"de-DE"},{"@type":"Organization","@id":"https:\/\/www.zenloop.com\/de\/#organization","name":"zenloop","url":"https:\/\/www.zenloop.com\/de\/","logo":{"@type":"ImageObject","inLanguage":"de-DE","@id":"https:\/\/www.zenloop.com\/de\/#\/schema\/logo\/image\/","url":"https:\/\/www.zenloop.com\/de\/wp-content\/uploads\/sites\/3\/2022\/03\/zenloop-2.svg","contentUrl":"https:\/\/www.zenloop.com\/de\/wp-content\/uploads\/sites\/3\/2022\/03\/zenloop-2.svg","width":129,"height":72,"caption":"zenloop"},"image":{"@id":"https:\/\/www.zenloop.com\/de\/#\/schema\/logo\/image\/"},"sameAs":["https:\/\/www.facebook.com\/zenloop\/","https:\/\/x.com\/zenloopHQ","https:\/\/www.linkedin.com\/company\/zenloop","https:\/\/www.instagram.com\/zenloophq\/","https:\/\/www.youtube.com\/channel\/UCJDQprWMAcIesSAcawVIcsw"]}]}},"_links":{"self":[{"href":"https:\/\/www.zenloop.com\/de\/wp-json\/wp\/v2\/pages\/4001","targetHints":{"allow":["GET"]}}],"collection":[{"href":"https:\/\/www.zenloop.com\/de\/wp-json\/wp\/v2\/pages"}],"about":[{"href":"https:\/\/www.zenloop.com\/de\/wp-json\/wp\/v2\/types\/page"}],"author":[{"embeddable":true,"href":"https:\/\/www.zenloop.com\/de\/wp-json\/wp\/v2\/users\/2"}],"replies":[{"embeddable":true,"href":"https:\/\/www.zenloop.com\/de\/wp-json\/wp\/v2\/comments?post=4001"}],"version-history":[{"count":0,"href":"https:\/\/www.zenloop.com\/de\/wp-json\/wp\/v2\/pages\/4001\/revisions"}],"wp:featuredmedia":[{"embeddable":true,"href":"https:\/\/www.zenloop.com\/de\/wp-json\/wp\/v2\/media\/3463"}],"wp:attachment":[{"href":"https:\/\/www.zenloop.com\/de\/wp-json\/wp\/v2\/media?parent=4001"}],"curies":[{"name":"wp","href":"https:\/\/api.w.org\/{rel}","templated":true}]}}