{"id":3963,"date":"2022-06-16T16:22:40","date_gmt":"2022-06-16T16:22:40","guid":{"rendered":"http:\/\/yhs.uyx.mybluehost.me\/de\/?page_id=3963"},"modified":"2024-11-07T16:07:02","modified_gmt":"2024-11-07T16:07:02","slug":"newsletter-anmeldung-bestaetigt","status":"publish","type":"page","link":"https:\/\/www.zenloop.com\/de\/newsletter-anmeldung-bestaetigt\/","title":{"rendered":"Anmeldung erfolgreich!"},"content":{"rendered":"<section         class=\"block-hero  margin-bottom padding-both\" style=\"background-image:url('');\" id=\"\"\n>\n\t<div class=\"container\">\n\t\t\n\t\t\n\t\t<div class=\"grid \" style=\"grid-template-columns:1fr 1fr\">\n\t\t\t<div class=\"col flex-center\">\n\t\t\t\t\t\t\t\t\t\t\t\t\t\t\t\t<h1>Anmeldung erfolgreich!<\/h1>\n\t\t\t\t\t\t\t\t\t\t\t\t\t\t\t\t\t\t\t\t\t<p >Ab sofort erhalten Sie unseren monatlichen Newsletter mit spannenden Inhalten direkt in Ihrem Postfach!<\/p>\n\n\t\t\t\t\t\t\t\t\t\t\n\t\t\t\t<\/div>\n\t\t\t\t<div class=\"col flex-center image-side \">\n\t\t\t\t\t\t\t\t\t\t\t<img loading=\"lazy\" decoding=\"async\" width=\"570\" height=\"243\" src=\"https:\/\/www.zenloop.com\/de\/wp-content\/uploads\/sites\/3\/2022\/06\/newsletter-confirmation.svg\" class=\"attachment-full size-full\" alt=\"newsletter-confirmation\" \/>\t\t\t\t\t\t\t\t\t<\/div>\n\t\t\t<\/div>\n\t\t<\/div>\n<\/section>\n\n<section         class=\"block-spalten  no-margin no-padding\" style=\"background-image:url('');\" id=\"\"\n>\n\t<div class=\"container\">\n\t\t\n\t\t\t\t\n\t\t<div class=\"grid\" style=\"grid-template-columns:\trepeat( 1, 1fr)\">\t\t\t\t\n\t\t\t\t<div class=\"col \">\n\t\t\t\t\t\t\t\t\t<\/div>\n\t\t\t\n\t\t\t<\/div>\n\t\t\n\t<\/div>\n<\/section>\n\n<section         class=\"block-features  small-margin-bottom no-padding\" style=\"background-image:url('');\" id=\"\"\n>\n\t<div class=\"container\">\n\t\t<h2 class=\"section-title\">Das erwartet Sie<\/h2>\t\t<div class=\"grid\" style=\"grid-template-columns:\t1fr\">\n\t\t<div class=\"grid features\" style=\"grid-template-columns:repeat(2, 1fr);grid-gap: 0 30px;\">\n\t\t\t\t\t<a class=\"col feature \" >\n\t\t\t\t<i class=\"block__icon fal fa-calendar-check icon\"><\/i>\n\t\t\t\t<h5>Veranstaltungen<\/h5>\n\t\t\t\t\t\t\t\t<div class=\"description \">Verpassen Sie keine Webinare, CX1 Conferences oder auch spannende und relevante externe Events mehr.<\/div>\n\t\t\t\t\t\t\t<\/a>\n\t\t\t\t\t<a class=\"col feature \" >\n\t\t\t\t<i class=\"block__icon fal fa-book icon\"><\/i>\n\t\t\t\t<h5>Ver\u00f6ffentlichungen<\/h5>\n\t\t\t\t\t\t\t\t<div class=\"description \">Erfahren Sie als Erste:r von der Ver\u00f6ffentlichung neuer Whitepapern, Case Studies, Blogbeitr\u00e4gen und mehr.<\/div>\n\t\t\t\t\t\t\t<\/a>\n\t\t\t\t<\/div>\n\t\t<\/div>\n\n\t\t\n\t<\/div>\n<\/section>\n\n<section         class=\"block-features  margin-bottom no-padding\" style=\"background-image:url('');\" id=\"\"\n>\n\t<div class=\"container\">\n\t\t\t\t<div class=\"grid\" style=\"grid-template-columns:\t1fr\">\n\t\t<div class=\"grid features\" style=\"grid-template-columns:repeat(2, 1fr);grid-gap: 0 30px;\">\n\t\t\t\t\t<a class=\"col feature \" >\n\t\t\t\t<i class=\"block__icon fal fa-laptop-code icon\"><\/i>\n\t\t\t\t<h5> Produkt News<\/h5>\n\t\t\t\t\t\t\t\t<div class=\"description \">Bleibe, Sie auf dem Laufenden, wie sich unsere Plattform entwickelt und welche neuen Features Sie erwarten.<\/div>\n\t\t\t\t\t\t\t<\/a>\n\t\t\t\t\t<a class=\"col feature \" >\n\t\t\t\t<i class=\"block__icon fal fa-video-plus icon\"><\/i>\n\t\t\t\t<h5>Weitere Highlights<\/h5>\n\t\t\t\t\t\t\t\t<div class=\"description \">Hier erwarten Sie Event-Aufzeichnungen, Ver\u00f6ffentlichungen in externen Medien, relevante Inhalte unserer Partner und mehr.<\/div>\n\t\t\t\t\t\t\t<\/a>\n\t\t\t\t<\/div>\n\t\t<\/div>\n\n\t\t\n\t<\/div>\n<\/section>\n\n<section         class=\"block-spalten bottom-panel no-margin small-padding-top\" style=\"background-color:#ecedef;\" id=\"\"\n>\n\t<div class=\"container\">\n\t\t\n\t\t\t\t\n\t\t<div class=\"grid\" style=\"grid-template-columns:\t7fr 5fr\">\t\t\t\t\n\t\t\t\t<div class=\"col \">\n\t\t\t\t\t<div class=\"col-lg-7 col-12 demo-module__left\">\n<div class=\"demo-module__headline--box mb-xl-5 mb-3\">\n<h2 class=\"demo-module__headline h2\">Wie kann ich noch mehr \u00fcber die zenloop Plattform erfahren?<\/h2>\n<\/div>\n<div class=\"demo-module__cta--box  \"><a class=\"btn btn-primary button\" href=\"https:\/\/zenloop1.wpengine.com\/de\/demo-anfragen\">Kostenfreie Beratung vereinbaren<\/a><\/div>\n<\/div>\n\t\t\t\t<\/div>\n\t\t\t\n\t\t\t\t\t\t\t\n\t\t\t\t<div class=\"col \">\n\t\t\t\t\t<p><img loading=\"lazy\" decoding=\"async\" class=\"alignnone size-full wp-image-859\" src=\"https:\/\/zenloop1.wpengine.com\/en\/wp-content\/uploads\/2022\/03\/person-e1646731098431.jpg\" alt=\"\" width=\"940\" height=\"761\" srcset=\"https:\/\/www.zenloop.com\/de\/wp-content\/uploads\/sites\/3\/2022\/03\/person-e1646731098431.jpg 940w, https:\/\/www.zenloop.com\/de\/wp-content\/uploads\/sites\/3\/2022\/03\/person-e1646731098431-300x243.jpg 300w, https:\/\/www.zenloop.com\/de\/wp-content\/uploads\/sites\/3\/2022\/03\/person-e1646731098431-768x622.jpg 768w\" sizes=\"auto, (max-width: 940px) 100vw, 940px\" \/><\/p>\n\t\t\t\t<\/div>\n\t\t\t\n\t\t\t<\/div>\n\t\t\n\t<\/div>\n<\/section>","protected":false},"excerpt":{"rendered":"","protected":false},"author":2,"featured_media":3463,"parent":0,"menu_order":0,"comment_status":"closed","ping_status":"closed","template":"","meta":{"_acf_changed":false,"inline_featured_image":false,"footnotes":""},"class_list":["post-3963","page","type-page","status-publish","has-post-thumbnail","hentry"],"acf":[],"yoast_head":"<!-- This site is optimized with the Yoast SEO Premium plugin v21.6 (Yoast SEO v27.4) - https:\/\/yoast.com\/product\/yoast-seo-premium-wordpress\/ -->\n<title>Anmeldung erfolgreich! - zenloop<\/title>\n<meta name=\"description\" content=\"Vielen Dank f\u00fcr deine Anmeldung zu unserem Newsletter. Wir freuen uns dir regelm\u00e4\u00dfig zeigen zu k\u00f6nnen woran wir gearbeitet haben.\" \/>\n<meta name=\"robots\" content=\"index, follow, max-snippet:-1, max-image-preview:large, max-video-preview:-1\" \/>\n<link rel=\"canonical\" href=\"https:\/\/www.zenloop.com\/de\/newsletter-anmeldung-bestaetigt\/\" \/>\n<meta property=\"og:locale\" content=\"de_DE\" \/>\n<meta property=\"og:type\" content=\"article\" \/>\n<meta property=\"og:title\" content=\"Anmeldung erfolgreich!\" \/>\n<meta property=\"og:description\" content=\"Vielen Dank f\u00fcr deine Anmeldung zu unserem Newsletter. Wir freuen uns dir regelm\u00e4\u00dfig zeigen zu k\u00f6nnen woran wir gearbeitet haben.\" \/>\n<meta property=\"og:url\" content=\"https:\/\/www.zenloop.com\/de\/newsletter-anmeldung-bestaetigt\/\" \/>\n<meta property=\"og:site_name\" content=\"zenloop\" \/>\n<meta property=\"article:publisher\" content=\"https:\/\/www.facebook.com\/zenloop\/\" \/>\n<meta property=\"article:modified_time\" content=\"2024-11-07T16:07:02+00:00\" \/>\n<meta property=\"og:image\" content=\"https:\/\/www.zenloop.com\/de\/wp-content\/uploads\/sites\/3\/2022\/03\/article-promoters-preview.jpg\" \/>\n\t<meta property=\"og:image:width\" content=\"1200\" \/>\n\t<meta property=\"og:image:height\" content=\"628\" \/>\n\t<meta property=\"og:image:type\" content=\"image\/jpeg\" \/>\n<meta name=\"twitter:card\" content=\"summary_large_image\" \/>\n<meta name=\"twitter:site\" content=\"@zenloopHQ\" \/>\n<meta name=\"twitter:label1\" content=\"Gesch\u00e4tzte Lesezeit\" \/>\n\t<meta name=\"twitter:data1\" content=\"1 Minute\" \/>\n<script type=\"application\/ld+json\" class=\"yoast-schema-graph\">{\"@context\":\"https:\\\/\\\/schema.org\",\"@graph\":[{\"@type\":\"WebPage\",\"@id\":\"https:\\\/\\\/www.zenloop.com\\\/de\\\/newsletter-anmeldung-bestaetigt\\\/\",\"url\":\"https:\\\/\\\/www.zenloop.com\\\/de\\\/newsletter-anmeldung-bestaetigt\\\/\",\"name\":\"Anmeldung erfolgreich! - zenloop\",\"isPartOf\":{\"@id\":\"https:\\\/\\\/www.zenloop.com\\\/de\\\/#website\"},\"primaryImageOfPage\":{\"@id\":\"https:\\\/\\\/www.zenloop.com\\\/de\\\/newsletter-anmeldung-bestaetigt\\\/#primaryimage\"},\"image\":{\"@id\":\"https:\\\/\\\/www.zenloop.com\\\/de\\\/newsletter-anmeldung-bestaetigt\\\/#primaryimage\"},\"thumbnailUrl\":\"https:\\\/\\\/www.zenloop.com\\\/de\\\/wp-content\\\/uploads\\\/sites\\\/3\\\/2022\\\/04\\\/energy-logo-zenloop.svg\",\"datePublished\":\"2022-06-16T16:22:40+00:00\",\"dateModified\":\"2024-11-07T16:07:02+00:00\",\"description\":\"Vielen Dank f\u00fcr deine Anmeldung zu unserem Newsletter. Wir freuen uns dir regelm\u00e4\u00dfig zeigen zu k\u00f6nnen woran wir gearbeitet haben.\",\"inLanguage\":\"de-DE\",\"potentialAction\":[{\"@type\":\"ReadAction\",\"target\":[\"https:\\\/\\\/www.zenloop.com\\\/de\\\/newsletter-anmeldung-bestaetigt\\\/\"]}]},{\"@type\":\"ImageObject\",\"inLanguage\":\"de-DE\",\"@id\":\"https:\\\/\\\/www.zenloop.com\\\/de\\\/newsletter-anmeldung-bestaetigt\\\/#primaryimage\",\"url\":\"https:\\\/\\\/www.zenloop.com\\\/de\\\/wp-content\\\/uploads\\\/sites\\\/3\\\/2022\\\/04\\\/energy-logo-zenloop.svg\",\"contentUrl\":\"https:\\\/\\\/www.zenloop.com\\\/de\\\/wp-content\\\/uploads\\\/sites\\\/3\\\/2022\\\/04\\\/energy-logo-zenloop.svg\",\"width\":129,\"height\":72,\"caption\":\"energy-logo-zenloop\"},{\"@type\":\"WebSite\",\"@id\":\"https:\\\/\\\/www.zenloop.com\\\/de\\\/#website\",\"url\":\"https:\\\/\\\/www.zenloop.com\\\/de\\\/\",\"name\":\"zenloop\",\"description\":\"Customer Experience Management und Action Management\",\"publisher\":{\"@id\":\"https:\\\/\\\/www.zenloop.com\\\/de\\\/#organization\"},\"potentialAction\":[{\"@type\":\"SearchAction\",\"target\":{\"@type\":\"EntryPoint\",\"urlTemplate\":\"https:\\\/\\\/www.zenloop.com\\\/de\\\/?s={search_term_string}\"},\"query-input\":{\"@type\":\"PropertyValueSpecification\",\"valueRequired\":true,\"valueName\":\"search_term_string\"}}],\"inLanguage\":\"de-DE\"},{\"@type\":\"Organization\",\"@id\":\"https:\\\/\\\/www.zenloop.com\\\/de\\\/#organization\",\"name\":\"zenloop\",\"url\":\"https:\\\/\\\/www.zenloop.com\\\/de\\\/\",\"logo\":{\"@type\":\"ImageObject\",\"inLanguage\":\"de-DE\",\"@id\":\"https:\\\/\\\/www.zenloop.com\\\/de\\\/#\\\/schema\\\/logo\\\/image\\\/\",\"url\":\"https:\\\/\\\/www.zenloop.com\\\/de\\\/wp-content\\\/uploads\\\/sites\\\/3\\\/2022\\\/03\\\/zenloop-2.svg\",\"contentUrl\":\"https:\\\/\\\/www.zenloop.com\\\/de\\\/wp-content\\\/uploads\\\/sites\\\/3\\\/2022\\\/03\\\/zenloop-2.svg\",\"width\":129,\"height\":72,\"caption\":\"zenloop\"},\"image\":{\"@id\":\"https:\\\/\\\/www.zenloop.com\\\/de\\\/#\\\/schema\\\/logo\\\/image\\\/\"},\"sameAs\":[\"https:\\\/\\\/www.facebook.com\\\/zenloop\\\/\",\"https:\\\/\\\/x.com\\\/zenloopHQ\",\"https:\\\/\\\/www.linkedin.com\\\/company\\\/zenloop\",\"https:\\\/\\\/www.instagram.com\\\/zenloophq\\\/\",\"https:\\\/\\\/www.youtube.com\\\/channel\\\/UCJDQprWMAcIesSAcawVIcsw\"]}]}<\/script>\n<!-- \/ Yoast SEO Premium plugin. -->","yoast_head_json":{"title":"Anmeldung erfolgreich! - zenloop","description":"Vielen Dank f\u00fcr deine Anmeldung zu unserem Newsletter. Wir freuen uns dir regelm\u00e4\u00dfig zeigen zu k\u00f6nnen woran wir gearbeitet haben.","robots":{"index":"index","follow":"follow","max-snippet":"max-snippet:-1","max-image-preview":"max-image-preview:large","max-video-preview":"max-video-preview:-1"},"canonical":"https:\/\/www.zenloop.com\/de\/newsletter-anmeldung-bestaetigt\/","og_locale":"de_DE","og_type":"article","og_title":"Anmeldung erfolgreich!","og_description":"Vielen Dank f\u00fcr deine Anmeldung zu unserem Newsletter. Wir freuen uns dir regelm\u00e4\u00dfig zeigen zu k\u00f6nnen woran wir gearbeitet haben.","og_url":"https:\/\/www.zenloop.com\/de\/newsletter-anmeldung-bestaetigt\/","og_site_name":"zenloop","article_publisher":"https:\/\/www.facebook.com\/zenloop\/","article_modified_time":"2024-11-07T16:07:02+00:00","og_image":[{"width":1200,"height":628,"url":"https:\/\/www.zenloop.com\/de\/wp-content\/uploads\/sites\/3\/2022\/03\/article-promoters-preview.jpg","type":"image\/jpeg"}],"twitter_card":"summary_large_image","twitter_site":"@zenloopHQ","twitter_misc":{"Gesch\u00e4tzte Lesezeit":"1 Minute"},"schema":{"@context":"https:\/\/schema.org","@graph":[{"@type":"WebPage","@id":"https:\/\/www.zenloop.com\/de\/newsletter-anmeldung-bestaetigt\/","url":"https:\/\/www.zenloop.com\/de\/newsletter-anmeldung-bestaetigt\/","name":"Anmeldung erfolgreich! - zenloop","isPartOf":{"@id":"https:\/\/www.zenloop.com\/de\/#website"},"primaryImageOfPage":{"@id":"https:\/\/www.zenloop.com\/de\/newsletter-anmeldung-bestaetigt\/#primaryimage"},"image":{"@id":"https:\/\/www.zenloop.com\/de\/newsletter-anmeldung-bestaetigt\/#primaryimage"},"thumbnailUrl":"https:\/\/www.zenloop.com\/de\/wp-content\/uploads\/sites\/3\/2022\/04\/energy-logo-zenloop.svg","datePublished":"2022-06-16T16:22:40+00:00","dateModified":"2024-11-07T16:07:02+00:00","description":"Vielen Dank f\u00fcr deine Anmeldung zu unserem Newsletter. Wir freuen uns dir regelm\u00e4\u00dfig zeigen zu k\u00f6nnen woran wir gearbeitet haben.","inLanguage":"de-DE","potentialAction":[{"@type":"ReadAction","target":["https:\/\/www.zenloop.com\/de\/newsletter-anmeldung-bestaetigt\/"]}]},{"@type":"ImageObject","inLanguage":"de-DE","@id":"https:\/\/www.zenloop.com\/de\/newsletter-anmeldung-bestaetigt\/#primaryimage","url":"https:\/\/www.zenloop.com\/de\/wp-content\/uploads\/sites\/3\/2022\/04\/energy-logo-zenloop.svg","contentUrl":"https:\/\/www.zenloop.com\/de\/wp-content\/uploads\/sites\/3\/2022\/04\/energy-logo-zenloop.svg","width":129,"height":72,"caption":"energy-logo-zenloop"},{"@type":"WebSite","@id":"https:\/\/www.zenloop.com\/de\/#website","url":"https:\/\/www.zenloop.com\/de\/","name":"zenloop","description":"Customer Experience Management und Action Management","publisher":{"@id":"https:\/\/www.zenloop.com\/de\/#organization"},"potentialAction":[{"@type":"SearchAction","target":{"@type":"EntryPoint","urlTemplate":"https:\/\/www.zenloop.com\/de\/?s={search_term_string}"},"query-input":{"@type":"PropertyValueSpecification","valueRequired":true,"valueName":"search_term_string"}}],"inLanguage":"de-DE"},{"@type":"Organization","@id":"https:\/\/www.zenloop.com\/de\/#organization","name":"zenloop","url":"https:\/\/www.zenloop.com\/de\/","logo":{"@type":"ImageObject","inLanguage":"de-DE","@id":"https:\/\/www.zenloop.com\/de\/#\/schema\/logo\/image\/","url":"https:\/\/www.zenloop.com\/de\/wp-content\/uploads\/sites\/3\/2022\/03\/zenloop-2.svg","contentUrl":"https:\/\/www.zenloop.com\/de\/wp-content\/uploads\/sites\/3\/2022\/03\/zenloop-2.svg","width":129,"height":72,"caption":"zenloop"},"image":{"@id":"https:\/\/www.zenloop.com\/de\/#\/schema\/logo\/image\/"},"sameAs":["https:\/\/www.facebook.com\/zenloop\/","https:\/\/x.com\/zenloopHQ","https:\/\/www.linkedin.com\/company\/zenloop","https:\/\/www.instagram.com\/zenloophq\/","https:\/\/www.youtube.com\/channel\/UCJDQprWMAcIesSAcawVIcsw"]}]}},"_links":{"self":[{"href":"https:\/\/www.zenloop.com\/de\/wp-json\/wp\/v2\/pages\/3963","targetHints":{"allow":["GET"]}}],"collection":[{"href":"https:\/\/www.zenloop.com\/de\/wp-json\/wp\/v2\/pages"}],"about":[{"href":"https:\/\/www.zenloop.com\/de\/wp-json\/wp\/v2\/types\/page"}],"author":[{"embeddable":true,"href":"https:\/\/www.zenloop.com\/de\/wp-json\/wp\/v2\/users\/2"}],"replies":[{"embeddable":true,"href":"https:\/\/www.zenloop.com\/de\/wp-json\/wp\/v2\/comments?post=3963"}],"version-history":[{"count":0,"href":"https:\/\/www.zenloop.com\/de\/wp-json\/wp\/v2\/pages\/3963\/revisions"}],"wp:featuredmedia":[{"embeddable":true,"href":"https:\/\/www.zenloop.com\/de\/wp-json\/wp\/v2\/media\/3463"}],"wp:attachment":[{"href":"https:\/\/www.zenloop.com\/de\/wp-json\/wp\/v2\/media?parent=3963"}],"curies":[{"name":"wp","href":"https:\/\/api.w.org\/{rel}","templated":true}]}}