{"id":3607,"date":"2022-04-28T14:29:26","date_gmt":"2022-04-28T14:29:26","guid":{"rendered":"http:\/\/yhs.uyx.mybluehost.me\/de\/?page_id=3607"},"modified":"2022-04-28T15:05:06","modified_gmt":"2022-04-28T15:05:06","slug":"pulse-app","status":"publish","type":"page","link":"https:\/\/www.zenloop.com\/de\/pulse-app\/","title":{"rendered":"Pulse App"},"content":{"rendered":"<section         class=\"block-spalten  no-margin padding-both\" style=\"background-color:#ecedef;\" id=\"\"\n>\n\t<div class=\"container\">\n\t\t\n\t\t\t\t\n\t\t<div class=\"grid\" style=\"grid-template-columns:\t5fr 6fr\">\t\t\t\t\n\t\t\t\t<div class=\"col flex-center\">\n\t\t\t\t\t<h2 class=\"competitor_header__headline mb-1\">zenloop Pulse<\/h2>\n<h4 class=\"competitor_header__subheadline h4 mb-1\">Customer Experience im Taschenformat<\/h4>\n<p>Customer Experience jederzeit im Blick: St\u00e4rken Sie die Kundenzentrierung in Ihrem Unternehmen und bringen Sie die Stimme des Kunden zu jedem Mitarbeiter. Die zenloop Pulse Mobile App bietet alle Insights zu Kundenzufriedenheit on the go \u2013 immer und \u00fcberall. Leiten Sie beispielsweise Antworten direkt an Ihre Mitarbeiter weiter und zeigen Sie Anerkennung f\u00fcr gutes Kundenfeedback.<\/p>\n\t\t\t\t<\/div>\n\t\t\t\n\t\t\t\t\t\t\t\n\t\t\t\t<div class=\"col flex-center\">\n\t\t\t\t\t<p><img loading=\"lazy\" decoding=\"async\" class=\"alignnone size-full wp-image-3040\" src=\"https:\/\/zenloop1.wpengine.com\/en\/wp-content\/uploads\/sites\/2\/2022\/04\/zenloop-pulse-app-hero.png\" alt=\"\" width=\"890\" height=\"600\" \/><\/p>\n\t\t\t\t<\/div>\n\t\t\t\n\t\t\t<\/div>\n\t\t\n\t<\/div>\n<\/section>\n\n<section         class=\"block-features  no-margin padding-both\" style=\"background-color:#02193c;color:#ffffff;\" id=\"\"\n>\n\t<div class=\"container\">\n\t\t<h2 class=\"section-title\">Was kann die zenloop Pulse App?<\/h2>\t\t<div class=\"grid\" style=\"grid-template-columns:\t1fr\">\n\t\t<div class=\"grid features\" style=\"grid-template-columns:repeat(3, 1fr);grid-gap: 0 30px;\">\n\t\t\t\t\t<a class=\"col feature \" >\n\t\t\t\t<i class=\"block__icon fal fa-binoculars icon\"><\/i>\n\t\t\t\t<h5>Alles im Blick<\/h5>\n\t\t\t\t\t\t\t\t<div class=\"description \">Von unterwegs Kundenfeedback auf Knopfdruck \u00fcberblicken<\/div>\n\t\t\t\t\t\t\t<\/a>\n\t\t\t\t\t<a class=\"col feature \" >\n\t\t\t\t<i class=\"block__icon fal fa-long-arrow-up icon\"><\/i>\n\t\t\t\t<h5>Kundenzentrierung steigern<\/h5>\n\t\t\t\t\t\t\t\t<div class=\"description \">Kurze Feedbackschleifen steigern die Kundenzufriedenheit<\/div>\n\t\t\t\t\t\t\t<\/a>\n\t\t\t\t\t<a class=\"col feature \" >\n\t\t\t\t<i class=\"block__icon fal fa-user-crown icon\"><\/i>\n\t\t\t\t<h5>Feedback weiterleiten<\/h5>\n\t\t\t\t\t\t\t\t<div class=\"description \">Mitarbeitern Anerkennung f\u00fcr gutes Kundenfeedback zeigen<\/div>\n\t\t\t\t\t\t\t<\/a>\n\t\t\t\t<\/div>\n\t\t<\/div>\n\n\t\t\n\t<\/div>\n<\/section>\n\n<section         class=\"block-spalten  no-margin padding-both\" style=\"background-image:url('');\" id=\"\"\n>\n\t<div class=\"container\">\n\t\t\n\t\t\t\t\n\t\t<div class=\"grid\" style=\"grid-template-columns:\trepeat( 2, 1fr)\">\t\t\t\t\n\t\t\t\t<div class=\"col flex-center\">\n\t\t\t\t\t<p><img loading=\"lazy\" decoding=\"async\" class=\"alignnone wp-image-3043 size-full\" src=\"https:\/\/zenloop1.wpengine.com\/en\/wp-content\/uploads\/sites\/2\/2022\/04\/zenloop-Pulse-1.jpeg\" alt=\"\" width=\"1500\" height=\"915\" \/><\/p>\n\t\t\t\t<\/div>\n\t\t\t\n\t\t\t\t\t\t\t\n\t\t\t\t<div class=\"col flex-center\">\n\t\t\t\t\t<h3>Alle Umfragen zur Hand<\/h3>\n<p>Das Dashboard zeigt alle Umfragen in geordneter Reihenfolge und verschafft so eine schnelle \u00dcbersicht zum Status Quo jedes Kontaktpunktes mit Kunden. Umfragen lassen sich nach jeweils negativem bzw. positivem Feedback sortieren, sodass Trends direkt erkennbar sind.<\/p>\n\t\t\t\t<\/div>\n\t\t\t\n\t\t\t<\/div>\n\t\t\n\t<\/div>\n<\/section>\n\n<section         class=\"block-spalten  no-margin padding-both\" style=\"background-image:url('');\" id=\"\"\n>\n\t<div class=\"container\">\n\t\t\n\t\t\t\t\n\t\t<div class=\"grid\" style=\"grid-template-columns:\trepeat( 2, 1fr)\">\t\t\t\t\n\t\t\t\t<div class=\"col flex-center\">\n\t\t\t\t\t<h3>Alle Trends und Insights in der \u00dcbersicht<\/h3>\n<p>Die zenloop Pulse Mobile App f\u00f6rdert die Einbindung von Kundenfeedback ins Tagesgesch\u00e4ft und gibt einen \u00dcberblick \u00fcber Kundenzufriedenheit. Im Analytics-Tab geben Filter ein genaues Bild zu NPS-Trend-Diagrammen, problematischen Bereichen und auff\u00e4lligen Labels.<\/p>\n\t\t\t\t<\/div>\n\t\t\t\n\t\t\t\t\t\t\t\n\t\t\t\t<div class=\"col flex-center\">\n\t\t\t\t\t<p><img loading=\"lazy\" decoding=\"async\" class=\"alignnone size-full wp-image-3046\" src=\"https:\/\/zenloop1.wpengine.com\/en\/wp-content\/uploads\/sites\/2\/2022\/04\/zenloop-Pulse-2.jpeg\" alt=\"\" width=\"870\" height=\"400\" \/><\/p>\n\t\t\t\t<\/div>\n\t\t\t\n\t\t\t<\/div>\n\t\t\n\t<\/div>\n<\/section>\n\n<section         class=\"block-spalten  no-margin padding-both\" style=\"background-image:url('');\" id=\"\"\n>\n\t<div class=\"container\">\n\t\t\n\t\t\t\t\n\t\t<div class=\"grid\" style=\"grid-template-columns:\trepeat( 2, 1fr)\">\t\t\t\t\n\t\t\t\t<div class=\"col flex-center\">\n\t\t\t\t\t<p><img loading=\"lazy\" decoding=\"async\" class=\"alignnone size-full wp-image-3048\" src=\"https:\/\/zenloop1.wpengine.com\/en\/wp-content\/uploads\/sites\/2\/2022\/04\/zenloop-Pulse-3.jpeg\" alt=\"\" width=\"900\" height=\"600\" \/><\/p>\n\t\t\t\t<\/div>\n\t\t\t\n\t\t\t\t\t\t\t\n\t\t\t\t<div class=\"col flex-center\">\n\t\t\t\t\t<h3>Einzelnes Kundenfeedback direkt zug\u00e4nglich<\/h3>\n<p>Im Antworten-Tab sind alle Kundenkommentare abgebildet. Die einzelnen Kommentare tragen die Emotionalit\u00e4t der Kunden ins Unternehmen, das wirkt motivierend und st\u00e4rkt die Kundenzentrierung. Positive Antworten k\u00f6nnen an die Mitarbeiter weitergeleitet werden, um sie f\u00fcr ihre gute Arbeit zu loben.<\/p>\n\t\t\t\t<\/div>\n\t\t\t\n\t\t\t<\/div>\n\t\t\n\t<\/div>\n<\/section>\n\n<link rel=\"stylesheet\" type=\"text\/css\" href=\"\/\/cdn.jsdelivr.net\/npm\/slick-carousel@1.8.1\/slick\/slick.css\"\/>\n<script type=\"text\/javascript\" src=\"\/\/cdn.jsdelivr.net\/npm\/slick-carousel@1.8.1\/slick\/slick.min.js\"><\/script>\n\n<section         class=\"block-customer-cases  no-margin padding-both\" style=\"background-color:#ecedef;\" id=\"\"\n>\n\t<div class=\"container\">\n\t\t<h2 class=\"section-title\">Blog-Highlights zum Net Promoter Score<\/h2>\t\t\t\t\t\t<div class=\"grid same-height-container customer-cases  \" style=\"grid-template-columns:1fr 1fr 1fr;\">\n\t\t\t\t\t\t\t\t\t<div class=\"customer-case with-link\">\n\t\t\t\t\t\t<a href=\"https:\/\/zenloop1.wpengine.com\/en\/resources\/retention\/net-promoter-score-hub\" class=\"absolute-link\"><\/a>\t\t\t\t\t\t\t\t\t\t\t\t\t<img loading=\"lazy\" decoding=\"async\" width=\"1200\" height=\"628\" src=\"https:\/\/www.zenloop.com\/de\/wp-content\/uploads\/sites\/3\/2022\/04\/article-what-is-nps-preview-1.jpeg\" class=\"attachment-full size-full\" alt=\"\" srcset=\"https:\/\/www.zenloop.com\/de\/wp-content\/uploads\/sites\/3\/2022\/04\/article-what-is-nps-preview-1.jpeg 1200w, https:\/\/www.zenloop.com\/de\/wp-content\/uploads\/sites\/3\/2022\/04\/article-what-is-nps-preview-1-300x157.jpeg 300w, https:\/\/www.zenloop.com\/de\/wp-content\/uploads\/sites\/3\/2022\/04\/article-what-is-nps-preview-1-1024x536.jpeg 1024w, https:\/\/www.zenloop.com\/de\/wp-content\/uploads\/sites\/3\/2022\/04\/article-what-is-nps-preview-1-768x402.jpeg 768w\" sizes=\"auto, (max-width: 1200px) 100vw, 1200px\" \/>\t\t\t\t\t\t\t\t\t\t\t\t<div class=\"case-content\">\n\t\t\t\t\t\t\t<div class=\"same-height\">\n\t\t\t\t\t\t\t\t\t\t\t\t\t\t\t\t\t\t\t\t\t\t\t\t\t\t\t\t\t\t\t\t<div class=\"case-headline\">Was ist der Net Promoter Score\u00ae?<\/div>\n\t\t\t\t\t\t\t\t\t\t\t\t\t\t\t\t<div class=\"description\"><\/div>\n\t\t\t\t\t\t\t<\/div>\n\t\t\t\t\t\t\t\t\t\t\t\t\t\t<a href=\"https:\/\/zenloop1.wpengine.com\/en\/resources\/retention\/net-promoter-score-hub\" style=\"text-decoration:underline;margin-bottom:1rem;display:inline-block;margin-top:2.5rem\"><\/a>\n\t\t\t\t\t\t\t\t\t\t\t\t\t<\/div>\n\t\t\t\t\t<\/div>\n\t\t\t\t\t\t\t\t\t<div class=\"customer-case with-link\">\n\t\t\t\t\t\t<a href=\"https:\/\/zenloop1.wpengine.com\/en\/resources\/retention\/promotors\" class=\"absolute-link\"><\/a>\t\t\t\t\t\t\t\t\t\t\t\t\t<img loading=\"lazy\" decoding=\"async\" width=\"1200\" height=\"628\" src=\"https:\/\/www.zenloop.com\/de\/wp-content\/uploads\/sites\/3\/2022\/04\/article-promoters-preview.jpeg\" class=\"attachment-full size-full\" alt=\"\" srcset=\"https:\/\/www.zenloop.com\/de\/wp-content\/uploads\/sites\/3\/2022\/04\/article-promoters-preview.jpeg 1200w, https:\/\/www.zenloop.com\/de\/wp-content\/uploads\/sites\/3\/2022\/04\/article-promoters-preview-300x157.jpeg 300w, https:\/\/www.zenloop.com\/de\/wp-content\/uploads\/sites\/3\/2022\/04\/article-promoters-preview-1024x536.jpeg 1024w, https:\/\/www.zenloop.com\/de\/wp-content\/uploads\/sites\/3\/2022\/04\/article-promoters-preview-768x402.jpeg 768w\" sizes=\"auto, (max-width: 1200px) 100vw, 1200px\" \/>\t\t\t\t\t\t\t\t\t\t\t\t<div class=\"case-content\">\n\t\t\t\t\t\t\t<div class=\"same-height\">\n\t\t\t\t\t\t\t\t\t\t\t\t\t\t\t\t\t\t\t\t\t\t\t\t\t\t\t\t\t\t\t\t<div class=\"case-headline\">So nutzen Unternehmen Promotoresn mit dem NPS\u00ae<\/div>\n\t\t\t\t\t\t\t\t\t\t\t\t\t\t\t\t<div class=\"description\"><\/div>\n\t\t\t\t\t\t\t<\/div>\n\t\t\t\t\t\t\t\t\t\t\t\t\t\t<a href=\"https:\/\/zenloop1.wpengine.com\/en\/resources\/retention\/promotors\" style=\"text-decoration:underline;margin-bottom:1rem;display:inline-block;margin-top:2.5rem\"><\/a>\n\t\t\t\t\t\t\t\t\t\t\t\t\t<\/div>\n\t\t\t\t\t<\/div>\n\t\t\t\t\t\t\t\t\t<div class=\"customer-case with-link\">\n\t\t\t\t\t\t<a href=\"https:\/\/zenloop1.wpengine.com\/en\/resources\/retention\/detractors\" class=\"absolute-link\"><\/a>\t\t\t\t\t\t\t\t\t\t\t\t\t<img loading=\"lazy\" decoding=\"async\" width=\"1200\" height=\"628\" src=\"https:\/\/www.zenloop.com\/de\/wp-content\/uploads\/sites\/3\/2022\/04\/article-detractors-preview.jpeg\" class=\"attachment-full size-full\" alt=\"\" srcset=\"https:\/\/www.zenloop.com\/de\/wp-content\/uploads\/sites\/3\/2022\/04\/article-detractors-preview.jpeg 1200w, https:\/\/www.zenloop.com\/de\/wp-content\/uploads\/sites\/3\/2022\/04\/article-detractors-preview-300x157.jpeg 300w, https:\/\/www.zenloop.com\/de\/wp-content\/uploads\/sites\/3\/2022\/04\/article-detractors-preview-1024x536.jpeg 1024w, https:\/\/www.zenloop.com\/de\/wp-content\/uploads\/sites\/3\/2022\/04\/article-detractors-preview-768x402.jpeg 768w\" sizes=\"auto, (max-width: 1200px) 100vw, 1200px\" \/>\t\t\t\t\t\t\t\t\t\t\t\t<div class=\"case-content\">\n\t\t\t\t\t\t\t<div class=\"same-height\">\n\t\t\t\t\t\t\t\t\t\t\t\t\t\t\t\t\t\t\t\t\t\t\t\t\t\t\t\t\t\t\t\t<div class=\"case-headline\">Gr\u00fcnde, warum es sich lohnt, auf Detraktoren einzugehen<\/div>\n\t\t\t\t\t\t\t\t\t\t\t\t\t\t\t\t<div class=\"description\"><\/div>\n\t\t\t\t\t\t\t<\/div>\n\t\t\t\t\t\t\t\t\t\t\t\t\t\t<a href=\"https:\/\/zenloop1.wpengine.com\/en\/resources\/retention\/detractors\" style=\"text-decoration:underline;margin-bottom:1rem;display:inline-block;margin-top:2.5rem\"><\/a>\n\t\t\t\t\t\t\t\t\t\t\t\t\t<\/div>\n\t\t\t\t\t<\/div>\n\t\t\t\t\t\t\t<\/div>\n\t<\/div>\n<\/section>\n\n<section         class=\"block-spalten  no-margin padding-both\" style=\"background-image:url('');\" id=\"\"\n>\n\t<div class=\"container\">\n\t\t\n\t\t\t\t\n\t\t<div class=\"grid\" style=\"grid-template-columns:\trepeat( 2, 1fr)\">\t\t\t\t\n\t\t\t\t<div class=\"col flex-center\">\n\t\t\t\t\t<h3>FAQs \u00fcber die zenloop Pulse Mobile App<\/h3>\n<h5>Ben\u00f6tige ich ein zenloop Konto, um die App zu nutzen?<\/h5>\n<p>Ja. Sie verwenden dieselben Zugangsdaten, die Sie auch f\u00fcr die Browserversion verwenden.<\/p>\n<h5>Wo kann ich die App beziehen?<\/h5>\n<p>Apple App Store &amp; Google Playstore.<\/p>\n<h5>Kann ich Umfragen in der App erstellen?<\/h5>\n<p>Nein. Umfragen sollten im Browser erstellt werden. Sie werden die Umfragen in der Mobile App sehen, sobald sie im Browser erstellt wurden.<\/p>\n<h5>Kann ich alle Act-Optionen innerhalb der App nutzen?<\/h5>\n<p>Nein. Acting ist auf das Weiterleiten von Feedback beschr\u00e4nkt.<\/p>\n\t\t\t\t<\/div>\n\t\t\t\n\t\t\t\t\t\t\t\n\t\t\t\t<div class=\"col flex-center\">\n\t\t\t\t\t<p><a href=\"https:\/\/zenloop1.wpengine.com\/en\/wp-content\/uploads\/sites\/2\/2022\/04\/faqs.svg\"><img loading=\"lazy\" decoding=\"async\" class=\"size-full wp-image-3053 alignright\" src=\"https:\/\/zenloop1.wpengine.com\/en\/wp-content\/uploads\/sites\/2\/2022\/04\/faqs.svg\" alt=\"\" width=\"380\" height=\"336\" \/><\/a><\/p>\n\t\t\t\t<\/div>\n\t\t\t\n\t\t\t<\/div>\n\t\t\n\t<\/div>\n<\/section>\n\n<section         class=\"block-spalten  no-margin padding-top\" style=\"background-color:#ecedef;\" id=\"\"\n>\n\t<div class=\"container\">\n\t\t\n\t\t\t\t\n\t\t<div class=\"grid\" style=\"grid-template-columns:\t5fr 7fr\">\t\t\t\t\n\t\t\t\t<div class=\"col \">\n\t\t\t\t\t<h2>Auch Sie k\u00f6nnen von zenloop profitieren.<\/h2>\n<p><a class=\"button\" href=\"https:\/\/zenloop1.wpengine.com\/de\/demo-anfragen\">Kostenfreie Beratung vereinbaren<\/a><\/p>\n\t\t\t\t<\/div>\n\t\t\t\n\t\t\t\t\t\t\t\n\t\t\t\t<div class=\"col \">\n\t\t\t\t\t<p><img loading=\"lazy\" decoding=\"async\" class=\"alignnone wp-image-807 size-full\" src=\"https:\/\/zenloop1.wpengine.com\/en\/wp-content\/uploads\/2022\/02\/desktop-e1646667406214.png\" alt=\"Demo module\" width=\"1000\" height=\"515\" srcset=\"https:\/\/www.zenloop.com\/de\/wp-content\/uploads\/sites\/3\/2022\/02\/desktop-e1646667406214.png 1000w, https:\/\/www.zenloop.com\/de\/wp-content\/uploads\/sites\/3\/2022\/02\/desktop-e1646667406214-300x155.png 300w, https:\/\/www.zenloop.com\/de\/wp-content\/uploads\/sites\/3\/2022\/02\/desktop-e1646667406214-768x396.png 768w\" sizes=\"auto, (max-width: 1000px) 100vw, 1000px\" \/><\/p>\n\t\t\t\t<\/div>\n\t\t\t\n\t\t\t<\/div>\n\t\t\n\t<\/div>\n<\/section>","protected":false},"excerpt":{"rendered":"","protected":false},"author":2,"featured_media":3463,"parent":0,"menu_order":0,"comment_status":"closed","ping_status":"closed","template":"","meta":{"_acf_changed":false,"inline_featured_image":false,"footnotes":""},"class_list":["post-3607","page","type-page","status-publish","has-post-thumbnail","hentry"],"acf":[],"yoast_head":"<!-- This site is optimized with the Yoast SEO Premium plugin v21.6 (Yoast SEO v27.5) - https:\/\/yoast.com\/product\/yoast-seo-premium-wordpress\/ -->\n<title>Pulse App - zenloop<\/title>\n<meta name=\"robots\" content=\"index, follow, max-snippet:-1, max-image-preview:large, max-video-preview:-1\" \/>\n<link rel=\"canonical\" href=\"https:\/\/www.zenloop.com\/de\/pulse-app\/\" \/>\n<meta property=\"og:locale\" content=\"de_DE\" \/>\n<meta property=\"og:type\" content=\"article\" \/>\n<meta property=\"og:title\" content=\"Pulse App\" \/>\n<meta property=\"og:url\" content=\"https:\/\/www.zenloop.com\/de\/pulse-app\/\" \/>\n<meta property=\"og:site_name\" content=\"zenloop\" \/>\n<meta property=\"article:publisher\" content=\"https:\/\/www.facebook.com\/zenloop\/\" \/>\n<meta property=\"article:modified_time\" content=\"2022-04-28T15:05:06+00:00\" \/>\n<meta property=\"og:image\" content=\"https:\/\/www.zenloop.com\/de\/wp-content\/uploads\/sites\/3\/2022\/03\/article-promoters-preview.jpg\" \/>\n\t<meta property=\"og:image:width\" content=\"1200\" \/>\n\t<meta property=\"og:image:height\" content=\"628\" \/>\n\t<meta property=\"og:image:type\" content=\"image\/jpeg\" \/>\n<meta name=\"twitter:card\" content=\"summary_large_image\" \/>\n<meta name=\"twitter:site\" content=\"@zenloopHQ\" \/>\n<script type=\"application\/ld+json\" class=\"yoast-schema-graph\">{\"@context\":\"https:\\\/\\\/schema.org\",\"@graph\":[{\"@type\":\"WebPage\",\"@id\":\"https:\\\/\\\/www.zenloop.com\\\/de\\\/pulse-app\\\/\",\"url\":\"https:\\\/\\\/www.zenloop.com\\\/de\\\/pulse-app\\\/\",\"name\":\"Pulse App - zenloop\",\"isPartOf\":{\"@id\":\"https:\\\/\\\/www.zenloop.com\\\/de\\\/#website\"},\"primaryImageOfPage\":{\"@id\":\"https:\\\/\\\/www.zenloop.com\\\/de\\\/pulse-app\\\/#primaryimage\"},\"image\":{\"@id\":\"https:\\\/\\\/www.zenloop.com\\\/de\\\/pulse-app\\\/#primaryimage\"},\"thumbnailUrl\":\"https:\\\/\\\/www.zenloop.com\\\/de\\\/wp-content\\\/uploads\\\/sites\\\/3\\\/2022\\\/04\\\/energy-logo-zenloop.svg\",\"datePublished\":\"2022-04-28T14:29:26+00:00\",\"dateModified\":\"2022-04-28T15:05:06+00:00\",\"inLanguage\":\"de-DE\",\"potentialAction\":[{\"@type\":\"ReadAction\",\"target\":[\"https:\\\/\\\/www.zenloop.com\\\/de\\\/pulse-app\\\/\"]}]},{\"@type\":\"ImageObject\",\"inLanguage\":\"de-DE\",\"@id\":\"https:\\\/\\\/www.zenloop.com\\\/de\\\/pulse-app\\\/#primaryimage\",\"url\":\"https:\\\/\\\/www.zenloop.com\\\/de\\\/wp-content\\\/uploads\\\/sites\\\/3\\\/2022\\\/04\\\/energy-logo-zenloop.svg\",\"contentUrl\":\"https:\\\/\\\/www.zenloop.com\\\/de\\\/wp-content\\\/uploads\\\/sites\\\/3\\\/2022\\\/04\\\/energy-logo-zenloop.svg\",\"width\":129,\"height\":72,\"caption\":\"energy-logo-zenloop\"},{\"@type\":\"WebSite\",\"@id\":\"https:\\\/\\\/www.zenloop.com\\\/de\\\/#website\",\"url\":\"https:\\\/\\\/www.zenloop.com\\\/de\\\/\",\"name\":\"zenloop\",\"description\":\"Customer Experience Management und Action Management\",\"publisher\":{\"@id\":\"https:\\\/\\\/www.zenloop.com\\\/de\\\/#organization\"},\"potentialAction\":[{\"@type\":\"SearchAction\",\"target\":{\"@type\":\"EntryPoint\",\"urlTemplate\":\"https:\\\/\\\/www.zenloop.com\\\/de\\\/?s={search_term_string}\"},\"query-input\":{\"@type\":\"PropertyValueSpecification\",\"valueRequired\":true,\"valueName\":\"search_term_string\"}}],\"inLanguage\":\"de-DE\"},{\"@type\":\"Organization\",\"@id\":\"https:\\\/\\\/www.zenloop.com\\\/de\\\/#organization\",\"name\":\"zenloop\",\"url\":\"https:\\\/\\\/www.zenloop.com\\\/de\\\/\",\"logo\":{\"@type\":\"ImageObject\",\"inLanguage\":\"de-DE\",\"@id\":\"https:\\\/\\\/www.zenloop.com\\\/de\\\/#\\\/schema\\\/logo\\\/image\\\/\",\"url\":\"https:\\\/\\\/www.zenloop.com\\\/de\\\/wp-content\\\/uploads\\\/sites\\\/3\\\/2022\\\/03\\\/zenloop-2.svg\",\"contentUrl\":\"https:\\\/\\\/www.zenloop.com\\\/de\\\/wp-content\\\/uploads\\\/sites\\\/3\\\/2022\\\/03\\\/zenloop-2.svg\",\"width\":129,\"height\":72,\"caption\":\"zenloop\"},\"image\":{\"@id\":\"https:\\\/\\\/www.zenloop.com\\\/de\\\/#\\\/schema\\\/logo\\\/image\\\/\"},\"sameAs\":[\"https:\\\/\\\/www.facebook.com\\\/zenloop\\\/\",\"https:\\\/\\\/x.com\\\/zenloopHQ\",\"https:\\\/\\\/www.linkedin.com\\\/company\\\/zenloop\",\"https:\\\/\\\/www.instagram.com\\\/zenloophq\\\/\",\"https:\\\/\\\/www.youtube.com\\\/channel\\\/UCJDQprWMAcIesSAcawVIcsw\"]}]}<\/script>\n<!-- \/ Yoast SEO Premium plugin. -->","yoast_head_json":{"title":"Pulse App - zenloop","robots":{"index":"index","follow":"follow","max-snippet":"max-snippet:-1","max-image-preview":"max-image-preview:large","max-video-preview":"max-video-preview:-1"},"canonical":"https:\/\/www.zenloop.com\/de\/pulse-app\/","og_locale":"de_DE","og_type":"article","og_title":"Pulse App","og_url":"https:\/\/www.zenloop.com\/de\/pulse-app\/","og_site_name":"zenloop","article_publisher":"https:\/\/www.facebook.com\/zenloop\/","article_modified_time":"2022-04-28T15:05:06+00:00","og_image":[{"width":1200,"height":628,"url":"https:\/\/www.zenloop.com\/de\/wp-content\/uploads\/sites\/3\/2022\/03\/article-promoters-preview.jpg","type":"image\/jpeg"}],"twitter_card":"summary_large_image","twitter_site":"@zenloopHQ","schema":{"@context":"https:\/\/schema.org","@graph":[{"@type":"WebPage","@id":"https:\/\/www.zenloop.com\/de\/pulse-app\/","url":"https:\/\/www.zenloop.com\/de\/pulse-app\/","name":"Pulse App - zenloop","isPartOf":{"@id":"https:\/\/www.zenloop.com\/de\/#website"},"primaryImageOfPage":{"@id":"https:\/\/www.zenloop.com\/de\/pulse-app\/#primaryimage"},"image":{"@id":"https:\/\/www.zenloop.com\/de\/pulse-app\/#primaryimage"},"thumbnailUrl":"https:\/\/www.zenloop.com\/de\/wp-content\/uploads\/sites\/3\/2022\/04\/energy-logo-zenloop.svg","datePublished":"2022-04-28T14:29:26+00:00","dateModified":"2022-04-28T15:05:06+00:00","inLanguage":"de-DE","potentialAction":[{"@type":"ReadAction","target":["https:\/\/www.zenloop.com\/de\/pulse-app\/"]}]},{"@type":"ImageObject","inLanguage":"de-DE","@id":"https:\/\/www.zenloop.com\/de\/pulse-app\/#primaryimage","url":"https:\/\/www.zenloop.com\/de\/wp-content\/uploads\/sites\/3\/2022\/04\/energy-logo-zenloop.svg","contentUrl":"https:\/\/www.zenloop.com\/de\/wp-content\/uploads\/sites\/3\/2022\/04\/energy-logo-zenloop.svg","width":129,"height":72,"caption":"energy-logo-zenloop"},{"@type":"WebSite","@id":"https:\/\/www.zenloop.com\/de\/#website","url":"https:\/\/www.zenloop.com\/de\/","name":"zenloop","description":"Customer Experience Management und Action Management","publisher":{"@id":"https:\/\/www.zenloop.com\/de\/#organization"},"potentialAction":[{"@type":"SearchAction","target":{"@type":"EntryPoint","urlTemplate":"https:\/\/www.zenloop.com\/de\/?s={search_term_string}"},"query-input":{"@type":"PropertyValueSpecification","valueRequired":true,"valueName":"search_term_string"}}],"inLanguage":"de-DE"},{"@type":"Organization","@id":"https:\/\/www.zenloop.com\/de\/#organization","name":"zenloop","url":"https:\/\/www.zenloop.com\/de\/","logo":{"@type":"ImageObject","inLanguage":"de-DE","@id":"https:\/\/www.zenloop.com\/de\/#\/schema\/logo\/image\/","url":"https:\/\/www.zenloop.com\/de\/wp-content\/uploads\/sites\/3\/2022\/03\/zenloop-2.svg","contentUrl":"https:\/\/www.zenloop.com\/de\/wp-content\/uploads\/sites\/3\/2022\/03\/zenloop-2.svg","width":129,"height":72,"caption":"zenloop"},"image":{"@id":"https:\/\/www.zenloop.com\/de\/#\/schema\/logo\/image\/"},"sameAs":["https:\/\/www.facebook.com\/zenloop\/","https:\/\/x.com\/zenloopHQ","https:\/\/www.linkedin.com\/company\/zenloop","https:\/\/www.instagram.com\/zenloophq\/","https:\/\/www.youtube.com\/channel\/UCJDQprWMAcIesSAcawVIcsw"]}]}},"_links":{"self":[{"href":"https:\/\/www.zenloop.com\/de\/wp-json\/wp\/v2\/pages\/3607","targetHints":{"allow":["GET"]}}],"collection":[{"href":"https:\/\/www.zenloop.com\/de\/wp-json\/wp\/v2\/pages"}],"about":[{"href":"https:\/\/www.zenloop.com\/de\/wp-json\/wp\/v2\/types\/page"}],"author":[{"embeddable":true,"href":"https:\/\/www.zenloop.com\/de\/wp-json\/wp\/v2\/users\/2"}],"replies":[{"embeddable":true,"href":"https:\/\/www.zenloop.com\/de\/wp-json\/wp\/v2\/comments?post=3607"}],"version-history":[{"count":0,"href":"https:\/\/www.zenloop.com\/de\/wp-json\/wp\/v2\/pages\/3607\/revisions"}],"wp:featuredmedia":[{"embeddable":true,"href":"https:\/\/www.zenloop.com\/de\/wp-json\/wp\/v2\/media\/3463"}],"wp:attachment":[{"href":"https:\/\/www.zenloop.com\/de\/wp-json\/wp\/v2\/media?parent=3607"}],"curies":[{"name":"wp","href":"https:\/\/api.w.org\/{rel}","templated":true}]}}