{"id":3098,"date":"2022-04-22T11:23:54","date_gmt":"2022-04-22T11:23:54","guid":{"rendered":"http:\/\/yhs.uyx.mybluehost.me\/de\/?page_id=3098"},"modified":"2022-04-25T10:19:46","modified_gmt":"2022-04-25T10:19:46","slug":"trbo-zenloop","status":"publish","type":"page","link":"https:\/\/www.zenloop.com\/de\/partner\/trbo-zenloop\/","title":{"rendered":"trbo + zenloop"},"content":{"rendered":"<section         class=\"block-hero partners-header margin-bottom padding-both\" style=\"background-image:url('');\" id=\"\"\n>\n\t<div class=\"container\">\n\t\t\n\t\t\n\t\t<div class=\"grid \" style=\"grid-template-columns:1fr 1fr\">\n\t\t\t<div class=\"col flex-center\">\n\t\t\t\t\t\t\t\t\t\t\t\t\t\t\t\t<h1>trbo + zenloop<\/h1>\n\t\t\t\t\t\t\t\t\t\t\t\t\t\t\t\t\t\t\t\t\t\t\t\t\t\t\t\t\t<h4>Ausgereifte Kundenzufriedenheit mit trbo und zenloop<\/h4>\n\t\t\t\t\t\t\t\t\t\t\t\t\t\t\t\t<p >Mit trbo\u2019s Personalisierung der User Experience individuelle Bed\u00fcrfnisse erf\u00fcllen und Besucher zu K\u00e4ufern konvertieren. trbo ist f\u00fchrender Technologieanbieter f\u00fcr dynamische Onsite-Personalisierung, Optimierung und Testing. Mit der KI-basierten Plattform von trbo lassen sich Inhalte und Angebote von Webseiten individuell und inspirierend gestalten, abgestimmt auf die Bed\u00fcrfnislage von Kunden und mit Einbeziehung der wertvollen Kundenfeedbacks von zenloop, in Echtzeit.\r\n\r\n<\/p>\n\n\t\t\t\t\t\t\t\t\t\t\n\t\t\t\t<\/div>\n\t\t\t\t<div class=\"col flex-center image-side \">\n\t\t\t\t\t\t\t\t\t\t\t<img loading=\"lazy\" decoding=\"async\" width=\"940\" height=\"700\" src=\"https:\/\/www.zenloop.com\/de\/wp-content\/uploads\/sites\/3\/2022\/04\/page-header-trbo.jpeg\" class=\"attachment-full size-full\" alt=\"page-header-trbo\" srcset=\"https:\/\/www.zenloop.com\/de\/wp-content\/uploads\/sites\/3\/2022\/04\/page-header-trbo.jpeg 940w, https:\/\/www.zenloop.com\/de\/wp-content\/uploads\/sites\/3\/2022\/04\/page-header-trbo-300x223.jpeg 300w, https:\/\/www.zenloop.com\/de\/wp-content\/uploads\/sites\/3\/2022\/04\/page-header-trbo-768x572.jpeg 768w\" sizes=\"auto, (max-width: 940px) 100vw, 940px\" \/>\t\t\t\t\t\t\t\t\t<\/div>\n\t\t\t<\/div>\n\t\t<\/div>\n<\/section>\n\n<section         class=\"block-spalten partners-image-left margin-both no-padding\" style=\"background-image:url('');\" id=\"\"\n>\n\t<div class=\"container\">\n\t\t\n\t\t\t\t\n\t\t<div class=\"grid\" style=\"grid-template-columns:\trepeat( 2, 1fr)\">\t\t\t\t\n\t\t\t\t<div class=\"col flex-center\">\n\t\t\t\t\t<p><img loading=\"lazy\" decoding=\"async\" class=\"alignnone size-full wp-image-3101\" src=\"https:\/\/zenloop1.wpengine.com\/de\/wp-content\/uploads\/sites\/3\/2022\/04\/trbo-Benefit-2-NPS-Survey-2.svg\" alt=\"trbo-Benefit-2-NPS-Survey-2\" width=\"360\" height=\"182\" \/><\/p>\n\t\t\t\t<\/div>\n\t\t\t\n\t\t\t\t\t\t\t\n\t\t\t\t<div class=\"col \">\n\t\t\t\t\t<h2>Mit selbstlernenden Algorithmen zum perfekten Einkaufserlebnis<\/h2>\n<p>Um die Interessen der Kunden zu erkennen, analysiert ein selbstlernender Algorithmus das User-Verhalten auf Basis von \u00fcber 50 Besucher-Merkmalen. Diese Daten erlauben anschlie\u00dfend eine zielgerichtete Auslieferung verschiedenster Inhalte im Design des Online-Auftritts, die das Einkaufserlebnis von Website-Besuchern nachweislich optimieren.<\/p>\n\t\t\t\t<\/div>\n\t\t\t\n\t\t\t<\/div>\n\t\t\n\t<\/div>\n<\/section>\n\n<section         class=\"block-spalten partners-image-right margin-both no-padding\" style=\"background-image:url('');\" id=\"\"\n>\n\t<div class=\"container\">\n\t\t\n\t\t\t\t\n\t\t<div class=\"grid\" style=\"grid-template-columns:\trepeat( 2, 1fr)\">\t\t\t\t\n\t\t\t\t<div class=\"col flex-center\">\n\t\t\t\t\t<h2>Informationen einholen und User Experiences verbessern<\/h2>\n<p>Ergebnisse der zenloop NPS Umfragen k\u00f6nnen von trbo zum Triggern passender Folgema\u00dfnahmen sowohl onsite als auch in weiteren Kan\u00e4len genutzt werden. Mittels A\/B-Tests kann evaluiert werden, was die Ma\u00dfnahmen im Onlineshop bewirken. Die Usability und die User Experience werden so nachhaltig verbessert und an die Bed\u00fcrfnisse der User angepasst.<\/p>\n\t\t\t\t<\/div>\n\t\t\t\n\t\t\t\t\t\t\t\n\t\t\t\t<div class=\"col flex-center\">\n\t\t\t\t\t<p><img loading=\"lazy\" decoding=\"async\" class=\"alignnone size-full wp-image-3100\" src=\"https:\/\/zenloop1.wpengine.com\/de\/wp-content\/uploads\/sites\/3\/2022\/04\/trbo-Benefit-3-zenloop-Dashboard-DE-3.svg\" alt=\"trbo-Benefit-3-zenloop-Dashboard-DE-3\" width=\"360\" height=\"300\" \/><\/p>\n\t\t\t\t<\/div>\n\t\t\t\n\t\t\t<\/div>\n\t\t\n\t<\/div>\n<\/section>\n\n<section         class=\"block-spalten partners-image-left margin-both no-padding\" style=\"background-image:url('');\" id=\"\"\n>\n\t<div class=\"container\">\n\t\t\n\t\t\t\t\n\t\t<div class=\"grid\" style=\"grid-template-columns:\trepeat( 2, 1fr)\">\t\t\t\t\n\t\t\t\t<div class=\"col flex-center\">\n\t\t\t\t\t<p><img loading=\"lazy\" decoding=\"async\" class=\"alignnone size-full wp-image-3099\" src=\"https:\/\/zenloop1.wpengine.com\/de\/wp-content\/uploads\/sites\/3\/2022\/04\/trbo-Benefit-4-Example-NPS-Survey-4.svg\" alt=\"trbo-Benefit-4-Example-NPS-Survey-4\" width=\"360\" height=\"266\" \/><\/p>\n\t\t\t\t<\/div>\n\t\t\t\n\t\t\t\t\t\t\t\n\t\t\t\t<div class=\"col \">\n\t\t\t\t\t<h2>Personalisierte Angebote per Newsletter ausspielen<\/h2>\n<p>Individuelle NPS Umfragen f\u00fcr User, je nach Interessenslage, sind Onsite aber auch in Newslettern m\u00f6glich. Auf Basis durch KI-ermittelter Interessensmerkmale ist eine personalisierte Ansprache von Usern mit Produktempfehlungen, Angeboten und einem ganzheitlichen Messaging m\u00f6glich. Eine Steigerung der Conversion Rate sowie die Umwandlung von Besuchern in langfristige Kunden sind so in greifbarer N\u00e4he.<\/p>\n\t\t\t\t<\/div>\n\t\t\t\n\t\t\t<\/div>\n\t\t\n\t<\/div>\n<\/section>\n\n<section         class=\"block-article-listings  no-margin padding-both\" style=\"background-color:#ecedef;\" id=\"\"\n>\n\t<div class=\"container\">\n\t\t<div class=\"article-listings-area\">\n\t\t\t<div class=\"six columns\">\n\t\t\t\t<h2>Blog Highlights<\/h2>\n\t\t\t\t<div class=\"article-listings\">\n\t\t\t\t\t\t\t\t\t\t\t\t\t\t\t\t\t\t<div class=\"article-listing\">\n\t\t\t\t\t\t\t\t<h5>Customer Journey im Zusammenhang mit NPS\u00ae<\/h5>\n\t\t\t\t\t\t\t\t<div class=\"article-description\">Kundenorientierung ausbauen und -zufriedenheit analysieren\r\n<\/div>\n\t\t\t\t\t\t\t\t<div class=\"article-data\">\n\t\t\t\t\t\t\t\t\t<div class=\"read-time\">7 Min. Lesezeit \/<\/div>\n\t\t\t\t\t\t\t\t\t<a href=\"\/de\/blog\/customer-journey-und-nps\">Mehr erfahren ><\/a>\n\t\t\t\t\t\t\t\t<\/div>\n\t\t\t\t\t\t\t<\/div>\n\t\t\t\t\t\t\t\t\t\t\t\t\t\t\t\t\t\t\t\t\t\t\t\t<div class=\"article-listing\">\n\t\t\t\t\t\t\t\t<h5>Feedback-Revolution<\/h5>\n\t\t\t\t\t\t\t\t<div class=\"article-description\">Erfolgreiche Kundenbindung mit NPS-Mikro-Umfragen\r\n<\/div>\n\t\t\t\t\t\t\t\t<div class=\"article-data\">\n\t\t\t\t\t\t\t\t\t<div class=\"read-time\">9 Min. Lesezeit \/<\/div>\n\t\t\t\t\t\t\t\t\t<a href=\"\/de\/blog\/nps-umfragen\"> Mehr erfahren ><\/a>\n\t\t\t\t\t\t\t\t<\/div>\n\t\t\t\t\t\t\t<\/div>\n\t\t\t\t\t\t\t\t\t\t\t\t\t\t\t\t\t\t\t\t\t\t\t\t<div class=\"article-listing\">\n\t\t\t\t\t\t\t\t<h5>Das Kundenerlebnis<\/h5>\n\t\t\t\t\t\t\t\t<div class=\"article-description\">Tipps f\u00fcr erfolgreiche Kundenerfahrungen\r\n<\/div>\n\t\t\t\t\t\t\t\t<div class=\"article-data\">\n\t\t\t\t\t\t\t\t\t<div class=\"read-time\">8 Min. Lesezeit \/<\/div>\n\t\t\t\t\t\t\t\t\t<a href=\"\/de\/blog\/erfolgsfaktor-kundenerlebnis\">Mehr erfahren ><\/a>\n\t\t\t\t\t\t\t\t<\/div>\n\t\t\t\t\t\t\t<\/div>\n\t\t\t\t\t\t\t\t\t\t\t\t\t\t\t<\/div>\n\t\t\t\t\n\t\t\t\t\t\t\t\t<a href=\"http:\/\/de\/ressourcen\/retention\" class=\"button see-all\">Zur\u00fcck zur \u00dcbersichtsseite<\/a>\n\t\t\t\t\t\t\t\t\n\t\t\t<\/div>\n\t\t\t<div class=\"six columns align-right right-side\">\n\t\t\t\t<p><img loading=\"lazy\" decoding=\"async\" class=\"alignnone size-full wp-image-1604\" src=\"https:\/\/zenloop1.wpengine.com\/de\/wp-content\/uploads\/2022\/03\/blog-article-module-image.jpeg\" alt=\"blog-article-module-image\" width=\"860\" height=\"1030\" srcset=\"https:\/\/www.zenloop.com\/de\/wp-content\/uploads\/sites\/3\/2022\/03\/blog-article-module-image.jpeg 860w, https:\/\/www.zenloop.com\/de\/wp-content\/uploads\/sites\/3\/2022\/03\/blog-article-module-image-250x300.jpeg 250w, https:\/\/www.zenloop.com\/de\/wp-content\/uploads\/sites\/3\/2022\/03\/blog-article-module-image-855x1024.jpeg 855w, https:\/\/www.zenloop.com\/de\/wp-content\/uploads\/sites\/3\/2022\/03\/blog-article-module-image-768x920.jpeg 768w\" sizes=\"auto, (max-width: 860px) 100vw, 860px\" \/><\/p>\n\t\t\t<\/div>\n\t\t<\/div>\n\t<\/div>\n<\/section>\n\n<section         class=\"block-partners  no-margin padding-both\" style=\"background-image:url('');\" id=\"\"\n>\n\t\t<div class=\"container\">\n            <h2 class=\"section-title\">Weitere Technologie-Partner<\/h2>\t\t\t<div class=\"grid\" style=\"grid-template-columns:1fr 1fr 1fr 1fr\">\n                                    <a href=\"\/de\/partner\/styla\" class=\"partner-listing\">\n                        <div class=\"image\"><img loading=\"lazy\" decoding=\"async\" width=\"64\" height=\"64\" src=\"https:\/\/www.zenloop.com\/de\/wp-content\/uploads\/sites\/3\/2022\/04\/styla.svg\" class=\"attachment-full size-full\" alt=\"\" \/><\/div>\n                        <div class=\"partner-name\">Styla<\/div>\n                    <\/a>\n                                    <a href=\"\/de\/partner\/shopify\" class=\"partner-listing\">\n                        <div class=\"image\"><img loading=\"lazy\" decoding=\"async\" width=\"60\" height=\"60\" src=\"https:\/\/www.zenloop.com\/de\/wp-content\/uploads\/sites\/3\/2022\/04\/integration-icon-shopify.svg\" class=\"attachment-full size-full\" alt=\"integration-icon-shopify\" \/><\/div>\n                        <div class=\"partner-name\">Shopify<\/div>\n                    <\/a>\n                                    <a href=\"\/de\/partner\/shopware\" class=\"partner-listing\">\n                        <div class=\"image\"><img loading=\"lazy\" decoding=\"async\" width=\"64\" height=\"64\" src=\"https:\/\/www.zenloop.com\/de\/wp-content\/uploads\/sites\/3\/2022\/03\/shopware-zenloop-integration.svg\" class=\"attachment-full size-full\" alt=\"\" \/><\/div>\n                        <div class=\"partner-name\">Shopware<\/div>\n                    <\/a>\n                                    <a href=\"\/de\/partner\/contentsquare\" class=\"partner-listing\">\n                        <div class=\"image\"><img loading=\"lazy\" decoding=\"async\" width=\"64\" height=\"64\" src=\"https:\/\/www.zenloop.com\/de\/wp-content\/uploads\/sites\/3\/2022\/04\/contentsquare.svg\" class=\"attachment-full size-full\" alt=\"\" \/><\/div>\n                        <div class=\"partner-name\">Contentsquare<\/div>\n                    <\/a>\n                                    <a href=\"\/de\/partner\/zendesk\" class=\"partner-listing\">\n                        <div class=\"image\"><img loading=\"lazy\" decoding=\"async\" width=\"60\" height=\"60\" src=\"https:\/\/www.zenloop.com\/de\/wp-content\/uploads\/sites\/3\/2022\/04\/integration-icon-zendesk.svg\" class=\"attachment-full size-full\" alt=\"\" \/><\/div>\n                        <div class=\"partner-name\">Zendesk<\/div>\n                    <\/a>\n                                    <a href=\"\/de\/partner\/tradebyte\" class=\"partner-listing\">\n                        <div class=\"image\"><img loading=\"lazy\" decoding=\"async\" width=\"64\" height=\"64\" src=\"https:\/\/www.zenloop.com\/de\/wp-content\/uploads\/sites\/3\/2022\/04\/tradebyte.svg\" class=\"attachment-full size-full\" alt=\"\" \/><\/div>\n                        <div class=\"partner-name\">Tradebyte<\/div>\n                    <\/a>\n                                    <a href=\"\/de\/partner\/crossengage\" class=\"partner-listing\">\n                        <div class=\"image\"><img loading=\"lazy\" decoding=\"async\" width=\"64\" height=\"64\" src=\"https:\/\/www.zenloop.com\/de\/wp-content\/uploads\/sites\/3\/2022\/04\/crossengage.svg\" class=\"attachment-full size-full\" alt=\"\" \/><\/div>\n                        <div class=\"partner-name\">CrossEngage<\/div>\n                    <\/a>\n                                    <a href=\"\/de\/partner\/findologic\" class=\"partner-listing\">\n                        <div class=\"image\"><img loading=\"lazy\" decoding=\"async\" width=\"64\" height=\"64\" src=\"https:\/\/www.zenloop.com\/de\/wp-content\/uploads\/sites\/3\/2022\/04\/findologic.svg\" class=\"attachment-full size-full\" alt=\"\" \/><\/div>\n                        <div class=\"partner-name\">Findologic<\/div>\n                    <\/a>\n                                    <a href=\"\/de\/partner\/freshdesk\" class=\"partner-listing\">\n                        <div class=\"image\"><img loading=\"lazy\" decoding=\"async\" width=\"60\" height=\"60\" src=\"https:\/\/www.zenloop.com\/de\/wp-content\/uploads\/sites\/3\/2022\/04\/integration-icon-freshdesk.svg\" class=\"attachment-full size-full\" alt=\"\" \/><\/div>\n                        <div class=\"partner-name\">Freshdesk<\/div>\n                    <\/a>\n                                    <a href=\"\/de\/partner\/salesforce\" class=\"partner-listing\">\n                        <div class=\"image\"><img loading=\"lazy\" decoding=\"async\" width=\"64\" height=\"64\" src=\"https:\/\/www.zenloop.com\/de\/wp-content\/uploads\/sites\/3\/2022\/03\/salesforce-zenloop-integration.svg\" class=\"attachment-full size-full\" alt=\"\" \/><\/div>\n                        <div class=\"partner-name\">Salesforce<\/div>\n                    <\/a>\n                                    <a href=\"\/de\/partner\/dynamicyield\" class=\"partner-listing\">\n                        <div class=\"image\"><img loading=\"lazy\" decoding=\"async\" width=\"64\" height=\"64\" src=\"https:\/\/www.zenloop.com\/de\/wp-content\/uploads\/sites\/3\/2022\/04\/dynamicyield.svg\" class=\"attachment-full size-full\" alt=\"\" \/><\/div>\n                        <div class=\"partner-name\">Dynamic Yield<\/div>\n                    <\/a>\n                                    <a href=\"\/de\/technology-partner\" class=\"partner-listing\">\n                        <div class=\"image\"><\/div>\n                        <div class=\"partner-name\"> &#8230;und viele mehr!<\/div>\n                    <\/a>\n                            <\/div>\n\t\t<\/div>\n<\/section>\n\n<section         class=\"block-spalten partners-footer-cta no-margin small-padding-top\" style=\"background-color:#ecedef;\" id=\"\"\n>\n\t<div class=\"container\">\n\t\t\n\t\t\t\t\n\t\t<div class=\"grid\" style=\"grid-template-columns:\t7fr 5fr\">\t\t\t\t\n\t\t\t\t<div class=\"col \">\n\t\t\t\t\t<h2>Die Vorteile von trbo und zenloop nutzen<\/h2>\n<p><a class=\"button\" href=\"\/de\/demo-anfragen\">Kostenfreie Beratung anfragen<\/a><\/p>\n\t\t\t\t<\/div>\n\t\t\t\n\t\t\t\t\t\t\t\n\t\t\t\t<div class=\"col \">\n\t\t\t\t\t<p><img loading=\"lazy\" decoding=\"async\" class=\"alignnone wp-image-859 size-full\" src=\"https:\/\/zenloop1.wpengine.com\/de\/wp-content\/uploads\/2022\/03\/person-e1646731098431.jpg\" alt=\"Demo module\" width=\"940\" height=\"761\" srcset=\"https:\/\/www.zenloop.com\/de\/wp-content\/uploads\/sites\/3\/2022\/03\/person-e1646731098431.jpg 940w, https:\/\/www.zenloop.com\/de\/wp-content\/uploads\/sites\/3\/2022\/03\/person-e1646731098431-300x243.jpg 300w, https:\/\/www.zenloop.com\/de\/wp-content\/uploads\/sites\/3\/2022\/03\/person-e1646731098431-768x622.jpg 768w\" sizes=\"auto, (max-width: 940px) 100vw, 940px\" \/><\/p>\n\t\t\t\t<\/div>\n\t\t\t\n\t\t\t<\/div>\n\t\t\n\t<\/div>\n<\/section>","protected":false},"excerpt":{"rendered":"","protected":false},"author":2,"featured_media":3463,"parent":840,"menu_order":0,"comment_status":"closed","ping_status":"closed","template":"","meta":{"_acf_changed":false,"inline_featured_image":false,"footnotes":""},"class_list":["post-3098","page","type-page","status-publish","has-post-thumbnail","hentry"],"acf":[],"yoast_head":"<!-- This site is optimized with the Yoast SEO Premium plugin v21.6 (Yoast SEO v27.5) - https:\/\/yoast.com\/product\/yoast-seo-premium-wordpress\/ -->\n<title>Kundenansprache und -konvertierung in Echtzeit mit trbo und zenloop<\/title>\n<meta name=\"description\" content=\"Mit trbo\u2019s Personalisierung der User Experience individuelle Bed\u00fcrfnisse erf\u00fcllen und Besucher zu K\u00e4ufern konvertieren.\" \/>\n<meta name=\"robots\" content=\"index, follow, max-snippet:-1, max-image-preview:large, max-video-preview:-1\" \/>\n<link rel=\"canonical\" href=\"https:\/\/www.zenloop.com\/de\/partner\/trbo-zenloop\/\" \/>\n<meta property=\"og:locale\" content=\"de_DE\" \/>\n<meta property=\"og:type\" content=\"article\" \/>\n<meta property=\"og:title\" content=\"trbo + zenloop\" \/>\n<meta property=\"og:description\" content=\"Mit trbo\u2019s Personalisierung der User Experience individuelle Bed\u00fcrfnisse erf\u00fcllen und Besucher zu K\u00e4ufern konvertieren.\" \/>\n<meta property=\"og:url\" content=\"https:\/\/www.zenloop.com\/de\/partner\/trbo-zenloop\/\" \/>\n<meta property=\"og:site_name\" content=\"zenloop\" \/>\n<meta property=\"article:publisher\" content=\"https:\/\/www.facebook.com\/zenloop\/\" \/>\n<meta property=\"article:modified_time\" content=\"2022-04-25T10:19:46+00:00\" \/>\n<meta property=\"og:image\" content=\"https:\/\/www.zenloop.com\/de\/wp-content\/uploads\/sites\/3\/2022\/03\/article-promoters-preview.jpg\" \/>\n\t<meta property=\"og:image:width\" content=\"1200\" \/>\n\t<meta property=\"og:image:height\" content=\"628\" \/>\n\t<meta property=\"og:image:type\" content=\"image\/jpeg\" \/>\n<meta name=\"twitter:card\" content=\"summary_large_image\" \/>\n<meta name=\"twitter:site\" content=\"@zenloopHQ\" \/>\n<script type=\"application\/ld+json\" class=\"yoast-schema-graph\">{\"@context\":\"https:\\\/\\\/schema.org\",\"@graph\":[{\"@type\":\"WebPage\",\"@id\":\"https:\\\/\\\/www.zenloop.com\\\/de\\\/partner\\\/trbo-zenloop\\\/\",\"url\":\"https:\\\/\\\/www.zenloop.com\\\/de\\\/partner\\\/trbo-zenloop\\\/\",\"name\":\"Kundenansprache und -konvertierung in Echtzeit mit trbo und zenloop\",\"isPartOf\":{\"@id\":\"https:\\\/\\\/www.zenloop.com\\\/de\\\/#website\"},\"primaryImageOfPage\":{\"@id\":\"https:\\\/\\\/www.zenloop.com\\\/de\\\/partner\\\/trbo-zenloop\\\/#primaryimage\"},\"image\":{\"@id\":\"https:\\\/\\\/www.zenloop.com\\\/de\\\/partner\\\/trbo-zenloop\\\/#primaryimage\"},\"thumbnailUrl\":\"https:\\\/\\\/www.zenloop.com\\\/de\\\/wp-content\\\/uploads\\\/sites\\\/3\\\/2022\\\/04\\\/energy-logo-zenloop.svg\",\"datePublished\":\"2022-04-22T11:23:54+00:00\",\"dateModified\":\"2022-04-25T10:19:46+00:00\",\"description\":\"Mit trbo\u2019s Personalisierung der User Experience individuelle Bed\u00fcrfnisse erf\u00fcllen und Besucher zu K\u00e4ufern konvertieren.\",\"breadcrumb\":{\"@id\":\"https:\\\/\\\/www.zenloop.com\\\/de\\\/partner\\\/trbo-zenloop\\\/#breadcrumb\"},\"inLanguage\":\"de-DE\",\"potentialAction\":[{\"@type\":\"ReadAction\",\"target\":[\"https:\\\/\\\/www.zenloop.com\\\/de\\\/partner\\\/trbo-zenloop\\\/\"]}]},{\"@type\":\"ImageObject\",\"inLanguage\":\"de-DE\",\"@id\":\"https:\\\/\\\/www.zenloop.com\\\/de\\\/partner\\\/trbo-zenloop\\\/#primaryimage\",\"url\":\"https:\\\/\\\/www.zenloop.com\\\/de\\\/wp-content\\\/uploads\\\/sites\\\/3\\\/2022\\\/04\\\/energy-logo-zenloop.svg\",\"contentUrl\":\"https:\\\/\\\/www.zenloop.com\\\/de\\\/wp-content\\\/uploads\\\/sites\\\/3\\\/2022\\\/04\\\/energy-logo-zenloop.svg\",\"width\":129,\"height\":72,\"caption\":\"energy-logo-zenloop\"},{\"@type\":\"BreadcrumbList\",\"@id\":\"https:\\\/\\\/www.zenloop.com\\\/de\\\/partner\\\/trbo-zenloop\\\/#breadcrumb\",\"itemListElement\":[{\"@type\":\"ListItem\",\"position\":1,\"name\":\"zenloop Partner Community\",\"item\":\"https:\\\/\\\/www.zenloop.com\\\/de\\\/partner\\\/\"},{\"@type\":\"ListItem\",\"position\":2,\"name\":\"trbo + zenloop\"}]},{\"@type\":\"WebSite\",\"@id\":\"https:\\\/\\\/www.zenloop.com\\\/de\\\/#website\",\"url\":\"https:\\\/\\\/www.zenloop.com\\\/de\\\/\",\"name\":\"zenloop\",\"description\":\"Customer Experience Management und Action Management\",\"publisher\":{\"@id\":\"https:\\\/\\\/www.zenloop.com\\\/de\\\/#organization\"},\"potentialAction\":[{\"@type\":\"SearchAction\",\"target\":{\"@type\":\"EntryPoint\",\"urlTemplate\":\"https:\\\/\\\/www.zenloop.com\\\/de\\\/?s={search_term_string}\"},\"query-input\":{\"@type\":\"PropertyValueSpecification\",\"valueRequired\":true,\"valueName\":\"search_term_string\"}}],\"inLanguage\":\"de-DE\"},{\"@type\":\"Organization\",\"@id\":\"https:\\\/\\\/www.zenloop.com\\\/de\\\/#organization\",\"name\":\"zenloop\",\"url\":\"https:\\\/\\\/www.zenloop.com\\\/de\\\/\",\"logo\":{\"@type\":\"ImageObject\",\"inLanguage\":\"de-DE\",\"@id\":\"https:\\\/\\\/www.zenloop.com\\\/de\\\/#\\\/schema\\\/logo\\\/image\\\/\",\"url\":\"https:\\\/\\\/www.zenloop.com\\\/de\\\/wp-content\\\/uploads\\\/sites\\\/3\\\/2022\\\/03\\\/zenloop-2.svg\",\"contentUrl\":\"https:\\\/\\\/www.zenloop.com\\\/de\\\/wp-content\\\/uploads\\\/sites\\\/3\\\/2022\\\/03\\\/zenloop-2.svg\",\"width\":129,\"height\":72,\"caption\":\"zenloop\"},\"image\":{\"@id\":\"https:\\\/\\\/www.zenloop.com\\\/de\\\/#\\\/schema\\\/logo\\\/image\\\/\"},\"sameAs\":[\"https:\\\/\\\/www.facebook.com\\\/zenloop\\\/\",\"https:\\\/\\\/x.com\\\/zenloopHQ\",\"https:\\\/\\\/www.linkedin.com\\\/company\\\/zenloop\",\"https:\\\/\\\/www.instagram.com\\\/zenloophq\\\/\",\"https:\\\/\\\/www.youtube.com\\\/channel\\\/UCJDQprWMAcIesSAcawVIcsw\"]}]}<\/script>\n<!-- \/ Yoast SEO Premium plugin. -->","yoast_head_json":{"title":"Kundenansprache und -konvertierung in Echtzeit mit trbo und zenloop","description":"Mit trbo\u2019s Personalisierung der User Experience individuelle Bed\u00fcrfnisse erf\u00fcllen und Besucher zu K\u00e4ufern konvertieren.","robots":{"index":"index","follow":"follow","max-snippet":"max-snippet:-1","max-image-preview":"max-image-preview:large","max-video-preview":"max-video-preview:-1"},"canonical":"https:\/\/www.zenloop.com\/de\/partner\/trbo-zenloop\/","og_locale":"de_DE","og_type":"article","og_title":"trbo + zenloop","og_description":"Mit trbo\u2019s Personalisierung der User Experience individuelle Bed\u00fcrfnisse erf\u00fcllen und Besucher zu K\u00e4ufern konvertieren.","og_url":"https:\/\/www.zenloop.com\/de\/partner\/trbo-zenloop\/","og_site_name":"zenloop","article_publisher":"https:\/\/www.facebook.com\/zenloop\/","article_modified_time":"2022-04-25T10:19:46+00:00","og_image":[{"width":1200,"height":628,"url":"https:\/\/www.zenloop.com\/de\/wp-content\/uploads\/sites\/3\/2022\/03\/article-promoters-preview.jpg","type":"image\/jpeg"}],"twitter_card":"summary_large_image","twitter_site":"@zenloopHQ","schema":{"@context":"https:\/\/schema.org","@graph":[{"@type":"WebPage","@id":"https:\/\/www.zenloop.com\/de\/partner\/trbo-zenloop\/","url":"https:\/\/www.zenloop.com\/de\/partner\/trbo-zenloop\/","name":"Kundenansprache und -konvertierung in Echtzeit mit trbo und zenloop","isPartOf":{"@id":"https:\/\/www.zenloop.com\/de\/#website"},"primaryImageOfPage":{"@id":"https:\/\/www.zenloop.com\/de\/partner\/trbo-zenloop\/#primaryimage"},"image":{"@id":"https:\/\/www.zenloop.com\/de\/partner\/trbo-zenloop\/#primaryimage"},"thumbnailUrl":"https:\/\/www.zenloop.com\/de\/wp-content\/uploads\/sites\/3\/2022\/04\/energy-logo-zenloop.svg","datePublished":"2022-04-22T11:23:54+00:00","dateModified":"2022-04-25T10:19:46+00:00","description":"Mit trbo\u2019s Personalisierung der User Experience individuelle Bed\u00fcrfnisse erf\u00fcllen und Besucher zu K\u00e4ufern konvertieren.","breadcrumb":{"@id":"https:\/\/www.zenloop.com\/de\/partner\/trbo-zenloop\/#breadcrumb"},"inLanguage":"de-DE","potentialAction":[{"@type":"ReadAction","target":["https:\/\/www.zenloop.com\/de\/partner\/trbo-zenloop\/"]}]},{"@type":"ImageObject","inLanguage":"de-DE","@id":"https:\/\/www.zenloop.com\/de\/partner\/trbo-zenloop\/#primaryimage","url":"https:\/\/www.zenloop.com\/de\/wp-content\/uploads\/sites\/3\/2022\/04\/energy-logo-zenloop.svg","contentUrl":"https:\/\/www.zenloop.com\/de\/wp-content\/uploads\/sites\/3\/2022\/04\/energy-logo-zenloop.svg","width":129,"height":72,"caption":"energy-logo-zenloop"},{"@type":"BreadcrumbList","@id":"https:\/\/www.zenloop.com\/de\/partner\/trbo-zenloop\/#breadcrumb","itemListElement":[{"@type":"ListItem","position":1,"name":"zenloop Partner Community","item":"https:\/\/www.zenloop.com\/de\/partner\/"},{"@type":"ListItem","position":2,"name":"trbo + zenloop"}]},{"@type":"WebSite","@id":"https:\/\/www.zenloop.com\/de\/#website","url":"https:\/\/www.zenloop.com\/de\/","name":"zenloop","description":"Customer Experience Management und Action Management","publisher":{"@id":"https:\/\/www.zenloop.com\/de\/#organization"},"potentialAction":[{"@type":"SearchAction","target":{"@type":"EntryPoint","urlTemplate":"https:\/\/www.zenloop.com\/de\/?s={search_term_string}"},"query-input":{"@type":"PropertyValueSpecification","valueRequired":true,"valueName":"search_term_string"}}],"inLanguage":"de-DE"},{"@type":"Organization","@id":"https:\/\/www.zenloop.com\/de\/#organization","name":"zenloop","url":"https:\/\/www.zenloop.com\/de\/","logo":{"@type":"ImageObject","inLanguage":"de-DE","@id":"https:\/\/www.zenloop.com\/de\/#\/schema\/logo\/image\/","url":"https:\/\/www.zenloop.com\/de\/wp-content\/uploads\/sites\/3\/2022\/03\/zenloop-2.svg","contentUrl":"https:\/\/www.zenloop.com\/de\/wp-content\/uploads\/sites\/3\/2022\/03\/zenloop-2.svg","width":129,"height":72,"caption":"zenloop"},"image":{"@id":"https:\/\/www.zenloop.com\/de\/#\/schema\/logo\/image\/"},"sameAs":["https:\/\/www.facebook.com\/zenloop\/","https:\/\/x.com\/zenloopHQ","https:\/\/www.linkedin.com\/company\/zenloop","https:\/\/www.instagram.com\/zenloophq\/","https:\/\/www.youtube.com\/channel\/UCJDQprWMAcIesSAcawVIcsw"]}]}},"_links":{"self":[{"href":"https:\/\/www.zenloop.com\/de\/wp-json\/wp\/v2\/pages\/3098","targetHints":{"allow":["GET"]}}],"collection":[{"href":"https:\/\/www.zenloop.com\/de\/wp-json\/wp\/v2\/pages"}],"about":[{"href":"https:\/\/www.zenloop.com\/de\/wp-json\/wp\/v2\/types\/page"}],"author":[{"embeddable":true,"href":"https:\/\/www.zenloop.com\/de\/wp-json\/wp\/v2\/users\/2"}],"replies":[{"embeddable":true,"href":"https:\/\/www.zenloop.com\/de\/wp-json\/wp\/v2\/comments?post=3098"}],"version-history":[{"count":0,"href":"https:\/\/www.zenloop.com\/de\/wp-json\/wp\/v2\/pages\/3098\/revisions"}],"up":[{"embeddable":true,"href":"https:\/\/www.zenloop.com\/de\/wp-json\/wp\/v2\/pages\/840"}],"wp:featuredmedia":[{"embeddable":true,"href":"https:\/\/www.zenloop.com\/de\/wp-json\/wp\/v2\/media\/3463"}],"wp:attachment":[{"href":"https:\/\/www.zenloop.com\/de\/wp-json\/wp\/v2\/media?parent=3098"}],"curies":[{"name":"wp","href":"https:\/\/api.w.org\/{rel}","templated":true}]}}