{"id":3069,"date":"2022-04-22T10:19:21","date_gmt":"2022-04-22T10:19:21","guid":{"rendered":"http:\/\/yhs.uyx.mybluehost.me\/de\/?page_id=3069"},"modified":"2022-04-25T08:39:04","modified_gmt":"2022-04-25T08:39:04","slug":"optilyz","status":"publish","type":"page","link":"https:\/\/www.zenloop.com\/de\/partner\/optilyz\/","title":{"rendered":"optilyz + zenloop"},"content":{"rendered":"<section         class=\"block-hero partners-header margin-bottom padding-both\" style=\"background-image:url('');\" id=\"\"\n>\n\t<div class=\"container\">\n\t\t\n\t\t\n\t\t<div class=\"grid \" style=\"grid-template-columns:1fr 1fr\">\n\t\t\t<div class=\"col flex-center\">\n\t\t\t\t\t\t\t\t\t\t\t\t\t\t\t\t<h1>optilyz + zenloop<\/h1>\n\t\t\t\t\t\t\t\t\t\t\t\t\t\t\t\t\t\t\t\t\t\t\t\t\t\t\t\t\t<h4>Zugeschnittene Mailing-Kampagnen versenden und Kunden begeistern mit optilyz und zenloop<\/h4>\n\t\t\t\t\t\t\t\t\t\t\t\t\t\t\t\t<p >Die Print Software mit automatisierten, optimierten Mailing-Kampagnen f\u00fcr hyper-personalisierte Direktwerbung auf vielen verschiedenen Medien. Dabei l\u00e4sst sich optilyz unkompliziert an jegliche Systeme anbinden und Mailings in Cross-Channel Journeys integrieren. Durch die Auswahl aus hunderten Formaten im Dashboard lassen sich einzigartige Printmedien visualisieren, zugeschnitten auf die Bed\u00fcrfnisse des individuellen Kunden.\r\n\r\n\r\n\r\n\r\n<\/p>\n\n\t\t\t\t\t\t\t\t\t\t\n\t\t\t\t<\/div>\n\t\t\t\t<div class=\"col flex-center image-side \">\n\t\t\t\t\t\t\t\t\t\t\t<img loading=\"lazy\" decoding=\"async\" width=\"940\" height=\"700\" src=\"https:\/\/www.zenloop.com\/de\/wp-content\/uploads\/sites\/3\/2022\/04\/page-header-optilyz.jpeg\" class=\"attachment-full size-full\" alt=\"optilyz\" srcset=\"https:\/\/www.zenloop.com\/de\/wp-content\/uploads\/sites\/3\/2022\/04\/page-header-optilyz.jpeg 940w, https:\/\/www.zenloop.com\/de\/wp-content\/uploads\/sites\/3\/2022\/04\/page-header-optilyz-300x223.jpeg 300w, https:\/\/www.zenloop.com\/de\/wp-content\/uploads\/sites\/3\/2022\/04\/page-header-optilyz-768x572.jpeg 768w\" sizes=\"auto, (max-width: 940px) 100vw, 940px\" \/>\t\t\t\t\t\t\t\t\t<\/div>\n\t\t\t<\/div>\n\t\t<\/div>\n<\/section>\n\n<section         class=\"block-spalten partners-image-left margin-both no-padding\" style=\"background-image:url('');\" id=\"\"\n>\n\t<div class=\"container\">\n\t\t\n\t\t\t\t\n\t\t<div class=\"grid\" style=\"grid-template-columns:\trepeat( 2, 1fr)\">\t\t\t\t\n\t\t\t\t<div class=\"col flex-center\">\n\t\t\t\t\t<p><img loading=\"lazy\" decoding=\"async\" class=\"alignnone size-full wp-image-3082\" src=\"https:\/\/zenloop1.wpengine.com\/de\/wp-content\/uploads\/sites\/3\/2022\/04\/optilyz-Benefit-1-NPS-Survey-1.svg\" alt=\"benefit-1\" width=\"360\" height=\"266\" \/><\/p>\n\t\t\t\t<\/div>\n\t\t\t\n\t\t\t\t\t\t\t\n\t\t\t\t<div class=\"col \">\n\t\t\t\t\t<h2>Mailing nach individuellen Bed\u00fcrfnissen planen und buchen<\/h2>\n<p>Mit automatisierten Kampagnen lassen sich innerhalb weniger Klicks Mailings, Briefe, Postkarten und Selfmailer zum passenden Zeitpunkt versenden. Dabei steht Ihnen der Kundensupport und das Customer Success Team jederzeit zur Seite. optilyz ist sicher und agiert DSGVO-konform.<\/p>\n\t\t\t\t<\/div>\n\t\t\t\n\t\t\t<\/div>\n\t\t\n\t<\/div>\n<\/section>\n\n<section         class=\"block-spalten partners-image-right margin-both no-padding\" style=\"background-image:url('');\" id=\"\"\n>\n\t<div class=\"container\">\n\t\t\n\t\t\t\t\n\t\t<div class=\"grid\" style=\"grid-template-columns:\trepeat( 2, 1fr)\">\t\t\t\t\n\t\t\t\t<div class=\"col flex-center\">\n\t\t\t\t\t<h2>Zugeschnittene Mailings an die richtigen Empf\u00e4nger versenden<\/h2>\n<p>Durch A\/B Testing k\u00f6nnen die wirksamsten Mailingstrategien identifiziert, getestet und angewandt werden. Umfangreiche Personalisierungs- und Segmentierungsm\u00f6glichkeiten lassen die gew\u00fcnschten Identit\u00e4ten finden, umsetzen und Kunden gewinnen. Selbst 1:1-Bildpersonalisierung ist einfach umsetzbar und dank der Adressbereinigung gehen die Mailings nie ins Leere.<\/p>\n\t\t\t\t<\/div>\n\t\t\t\n\t\t\t\t\t\t\t\n\t\t\t\t<div class=\"col flex-center\">\n\t\t\t\t\t<p><img loading=\"lazy\" decoding=\"async\" class=\"alignnone wp-image-3080 size-full\" src=\"https:\/\/zenloop1.wpengine.com\/de\/wp-content\/uploads\/sites\/3\/2022\/04\/optilyz-Benefit-2-NPS-Survey-2.svg\" alt=\"benefit-2\" width=\"360\" height=\"266\" \/><\/p>\n\t\t\t\t<\/div>\n\t\t\t\n\t\t\t<\/div>\n\t\t\n\t<\/div>\n<\/section>\n\n<section         class=\"block-spalten partners-image-left margin-both no-padding\" style=\"background-image:url('');\" id=\"\"\n>\n\t<div class=\"container\">\n\t\t\n\t\t\t\t\n\t\t<div class=\"grid\" style=\"grid-template-columns:\trepeat( 2, 1fr)\">\t\t\t\t\n\t\t\t\t<div class=\"col flex-center\">\n\t\t\t\t\t<p><img loading=\"lazy\" decoding=\"async\" class=\"alignnone size-full wp-image-3081\" src=\"https:\/\/zenloop1.wpengine.com\/de\/wp-content\/uploads\/sites\/3\/2022\/04\/optilyz-Benefit-3-NPS-Survey-3.svg\" alt=\"benefit-3\" width=\"360\" height=\"266\" \/><\/p>\n\t\t\t\t<\/div>\n\t\t\t\n\t\t\t\t\t\t\t\n\t\t\t\t<div class=\"col \">\n\t\t\t\t\t<h2>Internationalit\u00e4t, Preisberechnung und alle Formate vereinen<\/h2>\n<p>optilyz\u2019 internationales Druck- und Zustellnetzwerk realisiert deutliche Kosteneinsparungen und Zeitvorteile in l\u00e4nderspezifischen Standards. Nahezu jedes Format kann in h\u00f6chster Qualit\u00e4t Digital oder Offset gedruckt werden und mittels Echtzeit-Preisrechner k\u00f6nnen zu erwartene Kosten im Vorhinein berechnet werden.<\/p>\n\t\t\t\t<\/div>\n\t\t\t\n\t\t\t<\/div>\n\t\t\n\t<\/div>\n<\/section>\n\n<section         class=\"block-article-listings  no-margin padding-both\" style=\"background-color:#ecedef;\" id=\"\"\n>\n\t<div class=\"container\">\n\t\t<div class=\"article-listings-area\">\n\t\t\t<div class=\"six columns\">\n\t\t\t\t<h2>Blog Highlights<\/h2>\n\t\t\t\t<div class=\"article-listings\">\n\t\t\t\t\t\t\t\t\t\t\t\t\t\t\t\t\t\t<div class=\"article-listing\">\n\t\t\t\t\t\t\t\t<h5>Tipps zur Steigerung der Kundenzufriedenheit<\/h5>\n\t\t\t\t\t\t\t\t<div class=\"article-description\">Mit welchen Mitteln Kundenzufriedenheit langfristig gew\u00e4hrleistet werden kann\r\n<\/div>\n\t\t\t\t\t\t\t\t<div class=\"article-data\">\n\t\t\t\t\t\t\t\t\t<div class=\"read-time\">10 Min. Lesezeit \/<\/div>\n\t\t\t\t\t\t\t\t\t<a href=\"\/de\/blog\/kundenzufriedenheit-steigern\">Mehr erfahren ><\/a>\n\t\t\t\t\t\t\t\t<\/div>\n\t\t\t\t\t\t\t<\/div>\n\t\t\t\t\t\t\t\t\t\t\t\t\t\t\t\t\t\t\t\t\t\t\t\t<div class=\"article-listing\">\n\t\t\t\t\t\t\t\t<h5>Customer Journey im Zusammenhang mit NPS\u00ae<\/h5>\n\t\t\t\t\t\t\t\t<div class=\"article-description\">Kundenorientierung ausbauen und -zufriedenheit analysieren\r\n<\/div>\n\t\t\t\t\t\t\t\t<div class=\"article-data\">\n\t\t\t\t\t\t\t\t\t<div class=\"read-time\">7 Min. Lesezeit \/<\/div>\n\t\t\t\t\t\t\t\t\t<a href=\"\/de\/blog\/customer-journey-und-nps\"> Mehr erfahren ><\/a>\n\t\t\t\t\t\t\t\t<\/div>\n\t\t\t\t\t\t\t<\/div>\n\t\t\t\t\t\t\t\t\t\t\t\t\t\t\t\t\t\t\t\t\t\t\t\t<div class=\"article-listing\">\n\t\t\t\t\t\t\t\t<h5>Kundenzentrierung<\/h5>\n\t\t\t\t\t\t\t\t<div class=\"article-description\">Wie zufriedene Kunden den Umsatz eines Unternehmens direkt beeinflussen\r\n<\/div>\n\t\t\t\t\t\t\t\t<div class=\"article-data\">\n\t\t\t\t\t\t\t\t\t<div class=\"read-time\">9 Min. Lesezeit \/<\/div>\n\t\t\t\t\t\t\t\t\t<a href=\"\/de\/bog\/kundenzentrierung\">Mehr erfahren ><\/a>\n\t\t\t\t\t\t\t\t<\/div>\n\t\t\t\t\t\t\t<\/div>\n\t\t\t\t\t\t\t\t\t\t\t\t\t\t\t<\/div>\n\t\t\t\t\n\t\t\t\t\t\t\t\t<a href=\"http:\/\/de\/ressourcen\/retention\" class=\"button see-all\">Zur\u00fcck zur \u00dcbersichtsseite<\/a>\n\t\t\t\t\t\t\t\t\n\t\t\t<\/div>\n\t\t\t<div class=\"six columns align-right right-side\">\n\t\t\t\t<p><img loading=\"lazy\" decoding=\"async\" class=\"alignnone size-full wp-image-1604\" src=\"https:\/\/zenloop1.wpengine.com\/de\/wp-content\/uploads\/2022\/03\/blog-article-module-image.jpeg\" alt=\"blog-article-module-image\" width=\"860\" height=\"1030\" srcset=\"https:\/\/www.zenloop.com\/de\/wp-content\/uploads\/sites\/3\/2022\/03\/blog-article-module-image.jpeg 860w, https:\/\/www.zenloop.com\/de\/wp-content\/uploads\/sites\/3\/2022\/03\/blog-article-module-image-250x300.jpeg 250w, https:\/\/www.zenloop.com\/de\/wp-content\/uploads\/sites\/3\/2022\/03\/blog-article-module-image-855x1024.jpeg 855w, https:\/\/www.zenloop.com\/de\/wp-content\/uploads\/sites\/3\/2022\/03\/blog-article-module-image-768x920.jpeg 768w\" sizes=\"auto, (max-width: 860px) 100vw, 860px\" \/><\/p>\n\t\t\t<\/div>\n\t\t<\/div>\n\t<\/div>\n<\/section>\n\n<section         class=\"block-partners  no-margin padding-both\" style=\"background-image:url('');\" id=\"\"\n>\n\t\t<div class=\"container\">\n            <h2 class=\"section-title\">Weitere Technologie-Partner<\/h2>\t\t\t<div class=\"grid\" style=\"grid-template-columns:1fr 1fr 1fr 1fr\">\n                                    <a href=\"\/de\/partner\/emarsys\" class=\"partner-listing\">\n                        <div class=\"image\"><img loading=\"lazy\" decoding=\"async\" width=\"64\" height=\"64\" src=\"https:\/\/www.zenloop.com\/de\/wp-content\/uploads\/sites\/3\/2022\/03\/emarsys-zenloop-integration.svg\" class=\"attachment-full size-full\" alt=\"\" \/><\/div>\n                        <div class=\"partner-name\">Emarsys<\/div>\n                    <\/a>\n                                    <a href=\"\/de\/partner\/inxmail\" class=\"partner-listing\">\n                        <div class=\"image\"><img loading=\"lazy\" decoding=\"async\" width=\"64\" height=\"64\" src=\"https:\/\/www.zenloop.com\/de\/wp-content\/uploads\/sites\/3\/2022\/03\/inxmail-zenloop-integration.svg\" class=\"attachment-full size-full\" alt=\"\" \/><\/div>\n                        <div class=\"partner-name\">Inxmail<\/div>\n                    <\/a>\n                                    <a href=\"\/de\/partner\/paqato\" class=\"partner-listing\">\n                        <div class=\"image\"><img loading=\"lazy\" decoding=\"async\" width=\"64\" height=\"64\" src=\"https:\/\/www.zenloop.com\/de\/wp-content\/uploads\/sites\/3\/2022\/04\/paqato.svg\" class=\"attachment-full size-full\" alt=\"\" \/><\/div>\n                        <div class=\"partner-name\">Paqato<\/div>\n                    <\/a>\n                                    <a href=\"\/de\/partner\/sevensenders\" class=\"partner-listing\">\n                        <div class=\"image\"><img loading=\"lazy\" decoding=\"async\" width=\"64\" height=\"64\" src=\"https:\/\/www.zenloop.com\/de\/wp-content\/uploads\/sites\/3\/2022\/04\/sevensenders.svg\" class=\"attachment-full size-full\" alt=\"\" \/><\/div>\n                        <div class=\"partner-name\">Seven Senders<\/div>\n                    <\/a>\n                                    <a href=\"\/de\/partner\/optimizely\" class=\"partner-listing\">\n                        <div class=\"image\"><img loading=\"lazy\" decoding=\"async\" width=\"60\" height=\"60\" src=\"https:\/\/www.zenloop.com\/de\/wp-content\/uploads\/sites\/3\/2022\/04\/integration-icon-optimizely.svg\" class=\"attachment-full size-full\" alt=\"\" \/><\/div>\n                        <div class=\"partner-name\">Optimizely<\/div>\n                    <\/a>\n                                    <a href=\"\/de\/partner\/contentsquare\" class=\"partner-listing\">\n                        <div class=\"image\"><img loading=\"lazy\" decoding=\"async\" width=\"64\" height=\"64\" src=\"https:\/\/www.zenloop.com\/de\/wp-content\/uploads\/sites\/3\/2022\/04\/contentsquare.svg\" class=\"attachment-full size-full\" alt=\"\" \/><\/div>\n                        <div class=\"partner-name\">Contentsquare<\/div>\n                    <\/a>\n                                    <a href=\"\/de\/partner\/freshdesk\" class=\"partner-listing\">\n                        <div class=\"image\"><img loading=\"lazy\" decoding=\"async\" width=\"60\" height=\"60\" src=\"https:\/\/www.zenloop.com\/de\/wp-content\/uploads\/sites\/3\/2022\/04\/integration-icon-freshdesk.svg\" class=\"attachment-full size-full\" alt=\"\" \/><\/div>\n                        <div class=\"partner-name\">Freshdesk<\/div>\n                    <\/a>\n                                    <a href=\"\/de\/partner\/zendesk\" class=\"partner-listing\">\n                        <div class=\"image\"><img loading=\"lazy\" decoding=\"async\" width=\"60\" height=\"60\" src=\"https:\/\/www.zenloop.com\/de\/wp-content\/uploads\/sites\/3\/2022\/04\/integration-icon-zendesk.svg\" class=\"attachment-full size-full\" alt=\"\" \/><\/div>\n                        <div class=\"partner-name\">Zendesk<\/div>\n                    <\/a>\n                                    <a href=\"\/de\/partner\/tradebyte\" class=\"partner-listing\">\n                        <div class=\"image\"><img loading=\"lazy\" decoding=\"async\" width=\"64\" height=\"64\" src=\"https:\/\/www.zenloop.com\/de\/wp-content\/uploads\/sites\/3\/2022\/04\/tradebyte.svg\" class=\"attachment-full size-full\" alt=\"\" \/><\/div>\n                        <div class=\"partner-name\">Tradebyte<\/div>\n                    <\/a>\n                                    <a href=\"\/de\/partner\/dynamicyield\" class=\"partner-listing\">\n                        <div class=\"image\"><img loading=\"lazy\" decoding=\"async\" width=\"64\" height=\"64\" src=\"https:\/\/www.zenloop.com\/de\/wp-content\/uploads\/sites\/3\/2022\/04\/dynamicyield.svg\" class=\"attachment-full size-full\" alt=\"\" \/><\/div>\n                        <div class=\"partner-name\">Dynamic Yield<\/div>\n                    <\/a>\n                                    <a href=\"\/de\/partner\/salesforce\" class=\"partner-listing\">\n                        <div class=\"image\"><img loading=\"lazy\" decoding=\"async\" width=\"64\" height=\"64\" src=\"https:\/\/www.zenloop.com\/de\/wp-content\/uploads\/sites\/3\/2022\/03\/salesforce-zenloop-integration.svg\" class=\"attachment-full size-full\" alt=\"\" \/><\/div>\n                        <div class=\"partner-name\">Salesforce<\/div>\n                    <\/a>\n                                    <a href=\"\/de\/technology-partner\" class=\"partner-listing\">\n                        <div class=\"image\"><\/div>\n                        <div class=\"partner-name\"> &#8230;und viele mehr!<\/div>\n                    <\/a>\n                            <\/div>\n\t\t<\/div>\n<\/section>\n\n<section         class=\"block-spalten partners-footer-cta no-margin small-padding-top\" style=\"background-color:#ecedef;\" id=\"\"\n>\n\t<div class=\"container\">\n\t\t\n\t\t\t\t\n\t\t<div class=\"grid\" style=\"grid-template-columns:\t7fr 5fr\">\t\t\t\t\n\t\t\t\t<div class=\"col \">\n\t\t\t\t\t<h2>Die Vorteile von optilyz und zenloop nutzen<\/h2>\n<p><a class=\"button\" href=\"\/de\/demo-anfragen\">Die Vorteile von Dixa und zenloop nutzen<\/a><\/p>\n\t\t\t\t<\/div>\n\t\t\t\n\t\t\t\t\t\t\t\n\t\t\t\t<div class=\"col \">\n\t\t\t\t\t<p><img loading=\"lazy\" decoding=\"async\" class=\"alignnone wp-image-859 size-full\" src=\"https:\/\/zenloop1.wpengine.com\/de\/wp-content\/uploads\/2022\/03\/person-e1646731098431.jpg\" alt=\"Demo module\" width=\"940\" height=\"761\" srcset=\"https:\/\/www.zenloop.com\/de\/wp-content\/uploads\/sites\/3\/2022\/03\/person-e1646731098431.jpg 940w, https:\/\/www.zenloop.com\/de\/wp-content\/uploads\/sites\/3\/2022\/03\/person-e1646731098431-300x243.jpg 300w, https:\/\/www.zenloop.com\/de\/wp-content\/uploads\/sites\/3\/2022\/03\/person-e1646731098431-768x622.jpg 768w\" sizes=\"auto, (max-width: 940px) 100vw, 940px\" \/><\/p>\n\t\t\t\t<\/div>\n\t\t\t\n\t\t\t<\/div>\n\t\t\n\t<\/div>\n<\/section>","protected":false},"excerpt":{"rendered":"","protected":false},"author":2,"featured_media":3463,"parent":840,"menu_order":0,"comment_status":"closed","ping_status":"closed","template":"","meta":{"_acf_changed":false,"inline_featured_image":false,"footnotes":""},"class_list":["post-3069","page","type-page","status-publish","has-post-thumbnail","hentry"],"acf":[],"yoast_head":"<!-- This site is optimized with the Yoast SEO Premium plugin v21.6 (Yoast SEO v27.5) - https:\/\/yoast.com\/product\/yoast-seo-premium-wordpress\/ -->\n<title>Mailings personalisieren und Kunden individuell ansprechen mit optilyz und zenloop<\/title>\n<meta name=\"description\" content=\"Die Print Software mit automatisierten, optimierten Mailing-Kampagnen f\u00fcr hyper-personalisierte Direktwerbung auf vielen verschiedenen Medien.\" \/>\n<meta name=\"robots\" content=\"index, follow, max-snippet:-1, max-image-preview:large, max-video-preview:-1\" \/>\n<link rel=\"canonical\" href=\"https:\/\/www.zenloop.com\/de\/partner\/optilyz\/\" \/>\n<meta property=\"og:locale\" content=\"de_DE\" \/>\n<meta property=\"og:type\" content=\"article\" \/>\n<meta property=\"og:title\" content=\"optilyz + zenloop\" \/>\n<meta property=\"og:description\" content=\"Die Print Software mit automatisierten, optimierten Mailing-Kampagnen f\u00fcr hyper-personalisierte Direktwerbung auf vielen verschiedenen Medien.\" \/>\n<meta property=\"og:url\" content=\"https:\/\/www.zenloop.com\/de\/partner\/optilyz\/\" \/>\n<meta property=\"og:site_name\" content=\"zenloop\" \/>\n<meta property=\"article:publisher\" content=\"https:\/\/www.facebook.com\/zenloop\/\" \/>\n<meta property=\"article:modified_time\" content=\"2022-04-25T08:39:04+00:00\" \/>\n<meta property=\"og:image\" content=\"https:\/\/www.zenloop.com\/de\/wp-content\/uploads\/sites\/3\/2022\/03\/article-promoters-preview.jpg\" \/>\n\t<meta property=\"og:image:width\" content=\"1200\" \/>\n\t<meta property=\"og:image:height\" content=\"628\" \/>\n\t<meta property=\"og:image:type\" content=\"image\/jpeg\" \/>\n<meta name=\"twitter:card\" content=\"summary_large_image\" \/>\n<meta name=\"twitter:site\" content=\"@zenloopHQ\" \/>\n<script type=\"application\/ld+json\" class=\"yoast-schema-graph\">{\"@context\":\"https:\\\/\\\/schema.org\",\"@graph\":[{\"@type\":\"WebPage\",\"@id\":\"https:\\\/\\\/www.zenloop.com\\\/de\\\/partner\\\/optilyz\\\/\",\"url\":\"https:\\\/\\\/www.zenloop.com\\\/de\\\/partner\\\/optilyz\\\/\",\"name\":\"Mailings personalisieren und Kunden individuell ansprechen mit optilyz und zenloop\",\"isPartOf\":{\"@id\":\"https:\\\/\\\/www.zenloop.com\\\/de\\\/#website\"},\"primaryImageOfPage\":{\"@id\":\"https:\\\/\\\/www.zenloop.com\\\/de\\\/partner\\\/optilyz\\\/#primaryimage\"},\"image\":{\"@id\":\"https:\\\/\\\/www.zenloop.com\\\/de\\\/partner\\\/optilyz\\\/#primaryimage\"},\"thumbnailUrl\":\"https:\\\/\\\/www.zenloop.com\\\/de\\\/wp-content\\\/uploads\\\/sites\\\/3\\\/2022\\\/04\\\/energy-logo-zenloop.svg\",\"datePublished\":\"2022-04-22T10:19:21+00:00\",\"dateModified\":\"2022-04-25T08:39:04+00:00\",\"description\":\"Die Print Software mit automatisierten, optimierten Mailing-Kampagnen f\u00fcr hyper-personalisierte Direktwerbung auf vielen verschiedenen Medien.\",\"breadcrumb\":{\"@id\":\"https:\\\/\\\/www.zenloop.com\\\/de\\\/partner\\\/optilyz\\\/#breadcrumb\"},\"inLanguage\":\"de-DE\",\"potentialAction\":[{\"@type\":\"ReadAction\",\"target\":[\"https:\\\/\\\/www.zenloop.com\\\/de\\\/partner\\\/optilyz\\\/\"]}]},{\"@type\":\"ImageObject\",\"inLanguage\":\"de-DE\",\"@id\":\"https:\\\/\\\/www.zenloop.com\\\/de\\\/partner\\\/optilyz\\\/#primaryimage\",\"url\":\"https:\\\/\\\/www.zenloop.com\\\/de\\\/wp-content\\\/uploads\\\/sites\\\/3\\\/2022\\\/04\\\/energy-logo-zenloop.svg\",\"contentUrl\":\"https:\\\/\\\/www.zenloop.com\\\/de\\\/wp-content\\\/uploads\\\/sites\\\/3\\\/2022\\\/04\\\/energy-logo-zenloop.svg\",\"width\":129,\"height\":72,\"caption\":\"energy-logo-zenloop\"},{\"@type\":\"BreadcrumbList\",\"@id\":\"https:\\\/\\\/www.zenloop.com\\\/de\\\/partner\\\/optilyz\\\/#breadcrumb\",\"itemListElement\":[{\"@type\":\"ListItem\",\"position\":1,\"name\":\"zenloop Partner Community\",\"item\":\"https:\\\/\\\/www.zenloop.com\\\/de\\\/partner\\\/\"},{\"@type\":\"ListItem\",\"position\":2,\"name\":\"optilyz + zenloop\"}]},{\"@type\":\"WebSite\",\"@id\":\"https:\\\/\\\/www.zenloop.com\\\/de\\\/#website\",\"url\":\"https:\\\/\\\/www.zenloop.com\\\/de\\\/\",\"name\":\"zenloop\",\"description\":\"Customer Experience Management und Action Management\",\"publisher\":{\"@id\":\"https:\\\/\\\/www.zenloop.com\\\/de\\\/#organization\"},\"potentialAction\":[{\"@type\":\"SearchAction\",\"target\":{\"@type\":\"EntryPoint\",\"urlTemplate\":\"https:\\\/\\\/www.zenloop.com\\\/de\\\/?s={search_term_string}\"},\"query-input\":{\"@type\":\"PropertyValueSpecification\",\"valueRequired\":true,\"valueName\":\"search_term_string\"}}],\"inLanguage\":\"de-DE\"},{\"@type\":\"Organization\",\"@id\":\"https:\\\/\\\/www.zenloop.com\\\/de\\\/#organization\",\"name\":\"zenloop\",\"url\":\"https:\\\/\\\/www.zenloop.com\\\/de\\\/\",\"logo\":{\"@type\":\"ImageObject\",\"inLanguage\":\"de-DE\",\"@id\":\"https:\\\/\\\/www.zenloop.com\\\/de\\\/#\\\/schema\\\/logo\\\/image\\\/\",\"url\":\"https:\\\/\\\/www.zenloop.com\\\/de\\\/wp-content\\\/uploads\\\/sites\\\/3\\\/2022\\\/03\\\/zenloop-2.svg\",\"contentUrl\":\"https:\\\/\\\/www.zenloop.com\\\/de\\\/wp-content\\\/uploads\\\/sites\\\/3\\\/2022\\\/03\\\/zenloop-2.svg\",\"width\":129,\"height\":72,\"caption\":\"zenloop\"},\"image\":{\"@id\":\"https:\\\/\\\/www.zenloop.com\\\/de\\\/#\\\/schema\\\/logo\\\/image\\\/\"},\"sameAs\":[\"https:\\\/\\\/www.facebook.com\\\/zenloop\\\/\",\"https:\\\/\\\/x.com\\\/zenloopHQ\",\"https:\\\/\\\/www.linkedin.com\\\/company\\\/zenloop\",\"https:\\\/\\\/www.instagram.com\\\/zenloophq\\\/\",\"https:\\\/\\\/www.youtube.com\\\/channel\\\/UCJDQprWMAcIesSAcawVIcsw\"]}]}<\/script>\n<!-- \/ Yoast SEO Premium plugin. -->","yoast_head_json":{"title":"Mailings personalisieren und Kunden individuell ansprechen mit optilyz und zenloop","description":"Die Print Software mit automatisierten, optimierten Mailing-Kampagnen f\u00fcr hyper-personalisierte Direktwerbung auf vielen verschiedenen Medien.","robots":{"index":"index","follow":"follow","max-snippet":"max-snippet:-1","max-image-preview":"max-image-preview:large","max-video-preview":"max-video-preview:-1"},"canonical":"https:\/\/www.zenloop.com\/de\/partner\/optilyz\/","og_locale":"de_DE","og_type":"article","og_title":"optilyz + zenloop","og_description":"Die Print Software mit automatisierten, optimierten Mailing-Kampagnen f\u00fcr hyper-personalisierte Direktwerbung auf vielen verschiedenen Medien.","og_url":"https:\/\/www.zenloop.com\/de\/partner\/optilyz\/","og_site_name":"zenloop","article_publisher":"https:\/\/www.facebook.com\/zenloop\/","article_modified_time":"2022-04-25T08:39:04+00:00","og_image":[{"width":1200,"height":628,"url":"https:\/\/www.zenloop.com\/de\/wp-content\/uploads\/sites\/3\/2022\/03\/article-promoters-preview.jpg","type":"image\/jpeg"}],"twitter_card":"summary_large_image","twitter_site":"@zenloopHQ","schema":{"@context":"https:\/\/schema.org","@graph":[{"@type":"WebPage","@id":"https:\/\/www.zenloop.com\/de\/partner\/optilyz\/","url":"https:\/\/www.zenloop.com\/de\/partner\/optilyz\/","name":"Mailings personalisieren und Kunden individuell ansprechen mit optilyz und zenloop","isPartOf":{"@id":"https:\/\/www.zenloop.com\/de\/#website"},"primaryImageOfPage":{"@id":"https:\/\/www.zenloop.com\/de\/partner\/optilyz\/#primaryimage"},"image":{"@id":"https:\/\/www.zenloop.com\/de\/partner\/optilyz\/#primaryimage"},"thumbnailUrl":"https:\/\/www.zenloop.com\/de\/wp-content\/uploads\/sites\/3\/2022\/04\/energy-logo-zenloop.svg","datePublished":"2022-04-22T10:19:21+00:00","dateModified":"2022-04-25T08:39:04+00:00","description":"Die Print Software mit automatisierten, optimierten Mailing-Kampagnen f\u00fcr hyper-personalisierte Direktwerbung auf vielen verschiedenen Medien.","breadcrumb":{"@id":"https:\/\/www.zenloop.com\/de\/partner\/optilyz\/#breadcrumb"},"inLanguage":"de-DE","potentialAction":[{"@type":"ReadAction","target":["https:\/\/www.zenloop.com\/de\/partner\/optilyz\/"]}]},{"@type":"ImageObject","inLanguage":"de-DE","@id":"https:\/\/www.zenloop.com\/de\/partner\/optilyz\/#primaryimage","url":"https:\/\/www.zenloop.com\/de\/wp-content\/uploads\/sites\/3\/2022\/04\/energy-logo-zenloop.svg","contentUrl":"https:\/\/www.zenloop.com\/de\/wp-content\/uploads\/sites\/3\/2022\/04\/energy-logo-zenloop.svg","width":129,"height":72,"caption":"energy-logo-zenloop"},{"@type":"BreadcrumbList","@id":"https:\/\/www.zenloop.com\/de\/partner\/optilyz\/#breadcrumb","itemListElement":[{"@type":"ListItem","position":1,"name":"zenloop Partner Community","item":"https:\/\/www.zenloop.com\/de\/partner\/"},{"@type":"ListItem","position":2,"name":"optilyz + zenloop"}]},{"@type":"WebSite","@id":"https:\/\/www.zenloop.com\/de\/#website","url":"https:\/\/www.zenloop.com\/de\/","name":"zenloop","description":"Customer Experience Management und Action Management","publisher":{"@id":"https:\/\/www.zenloop.com\/de\/#organization"},"potentialAction":[{"@type":"SearchAction","target":{"@type":"EntryPoint","urlTemplate":"https:\/\/www.zenloop.com\/de\/?s={search_term_string}"},"query-input":{"@type":"PropertyValueSpecification","valueRequired":true,"valueName":"search_term_string"}}],"inLanguage":"de-DE"},{"@type":"Organization","@id":"https:\/\/www.zenloop.com\/de\/#organization","name":"zenloop","url":"https:\/\/www.zenloop.com\/de\/","logo":{"@type":"ImageObject","inLanguage":"de-DE","@id":"https:\/\/www.zenloop.com\/de\/#\/schema\/logo\/image\/","url":"https:\/\/www.zenloop.com\/de\/wp-content\/uploads\/sites\/3\/2022\/03\/zenloop-2.svg","contentUrl":"https:\/\/www.zenloop.com\/de\/wp-content\/uploads\/sites\/3\/2022\/03\/zenloop-2.svg","width":129,"height":72,"caption":"zenloop"},"image":{"@id":"https:\/\/www.zenloop.com\/de\/#\/schema\/logo\/image\/"},"sameAs":["https:\/\/www.facebook.com\/zenloop\/","https:\/\/x.com\/zenloopHQ","https:\/\/www.linkedin.com\/company\/zenloop","https:\/\/www.instagram.com\/zenloophq\/","https:\/\/www.youtube.com\/channel\/UCJDQprWMAcIesSAcawVIcsw"]}]}},"_links":{"self":[{"href":"https:\/\/www.zenloop.com\/de\/wp-json\/wp\/v2\/pages\/3069","targetHints":{"allow":["GET"]}}],"collection":[{"href":"https:\/\/www.zenloop.com\/de\/wp-json\/wp\/v2\/pages"}],"about":[{"href":"https:\/\/www.zenloop.com\/de\/wp-json\/wp\/v2\/types\/page"}],"author":[{"embeddable":true,"href":"https:\/\/www.zenloop.com\/de\/wp-json\/wp\/v2\/users\/2"}],"replies":[{"embeddable":true,"href":"https:\/\/www.zenloop.com\/de\/wp-json\/wp\/v2\/comments?post=3069"}],"version-history":[{"count":0,"href":"https:\/\/www.zenloop.com\/de\/wp-json\/wp\/v2\/pages\/3069\/revisions"}],"up":[{"embeddable":true,"href":"https:\/\/www.zenloop.com\/de\/wp-json\/wp\/v2\/pages\/840"}],"wp:featuredmedia":[{"embeddable":true,"href":"https:\/\/www.zenloop.com\/de\/wp-json\/wp\/v2\/media\/3463"}],"wp:attachment":[{"href":"https:\/\/www.zenloop.com\/de\/wp-json\/wp\/v2\/media?parent=3069"}],"curies":[{"name":"wp","href":"https:\/\/api.w.org\/{rel}","templated":true}]}}