{"id":3062,"date":"2022-04-22T11:11:18","date_gmt":"2022-04-22T11:11:18","guid":{"rendered":"http:\/\/yhs.uyx.mybluehost.me\/de\/?page_id=3062"},"modified":"2022-08-10T11:43:16","modified_gmt":"2022-08-10T11:43:16","slug":"findologic","status":"publish","type":"page","link":"https:\/\/www.zenloop.com\/de\/partner\/findologic\/","title":{"rendered":"Findologic + zenloop"},"content":{"rendered":"<section         class=\"block-hero partners-header margin-bottom padding-both\" style=\"background-image:url('');\" id=\"\"\n>\n\t<div class=\"container\">\n\t\t\n\t\t\n\t\t<div class=\"grid \" style=\"grid-template-columns:1fr 1fr\">\n\t\t\t<div class=\"col flex-center\">\n\t\t\t\t\t\t\t\t\t\t\t\t\t\t\t\t<h1>Findologic + zenloop<\/h1>\n\t\t\t\t\t\t\t\t\t\t\t\t\t\t\t\t\t\t\t\t\t\t\t\t\t\t\t\t\t<h4>Suchergebnisse erleichtern mit Findologic und zenloop<\/h4>\n\t\t\t\t\t\t\t\t\t\t\t\t\t\t\t\t<p class=\"small-text\">Mit dem Linguistic Shopping Assistant Li.S.A.\u00ae individuelle Suchanfragen mit ma\u00dfgeschneiderten Ergebnissen vereinen. Durch Personalisierungsm\u00f6glichkeiten lassen sich gew\u00fcnschte Inhalte und die relevantesten Produktvorschl\u00e4ge spezifisch f\u00fcr jeden einzelnen Kunden ausspielen. Findologic bietet ein umfangreiches Tool, mit dem besonders das oft vernachl\u00e4ssigte Mobil-Erlebnis verbessert werden soll. Dies garantiert eine bessere Performance und weniger Churn-Momente ausgehend von Frustration im Shopping-Erlebnis.<\/p>\n\n\t\t\t\t\t\t\t\t\t\t\n\t\t\t\t<\/div>\n\t\t\t\t<div class=\"col flex-center image-side \">\n\t\t\t\t\t\t\t\t\t\t\t<img loading=\"lazy\" decoding=\"async\" width=\"940\" height=\"700\" src=\"https:\/\/www.zenloop.com\/de\/wp-content\/uploads\/sites\/3\/2022\/04\/page-header-findologic.jpeg\" class=\"attachment-full size-full\" alt=\"page-header-findologic\" srcset=\"https:\/\/www.zenloop.com\/de\/wp-content\/uploads\/sites\/3\/2022\/04\/page-header-findologic.jpeg 940w, https:\/\/www.zenloop.com\/de\/wp-content\/uploads\/sites\/3\/2022\/04\/page-header-findologic-300x223.jpeg 300w, https:\/\/www.zenloop.com\/de\/wp-content\/uploads\/sites\/3\/2022\/04\/page-header-findologic-768x572.jpeg 768w\" sizes=\"auto, (max-width: 940px) 100vw, 940px\" \/>\t\t\t\t\t\t\t\t\t<\/div>\n\t\t\t<\/div>\n\t\t<\/div>\n<\/section>\n\n<section         class=\"block-spalten partners-image-left margin-both no-padding\" style=\"background-image:url('');\" id=\"\"\n>\n\t<div class=\"container\">\n\t\t\n\t\t\t\t\n\t\t<div class=\"grid\" style=\"grid-template-columns:\trepeat( 2, 1fr)\">\t\t\t\t\n\t\t\t\t<div class=\"col flex-center\">\n\t\t\t\t\t<p><a href=\"https:\/\/www.zenloop.com\/de\/wp-content\/uploads\/sites\/3\/2022\/08\/Findologic-Partner-LP-Graphic-Example-NPS-Survey-1.svg\"><img loading=\"lazy\" decoding=\"async\" class=\"alignnone size-full wp-image-4372\" src=\"https:\/\/www.zenloop.com\/de\/wp-content\/uploads\/sites\/3\/2022\/08\/Findologic-Partner-LP-Graphic-Example-NPS-Survey-1.svg\" alt=\"image of a magnifying glass over a desktop\" width=\"360\" height=\"265\" \/><\/a><\/p>\n\t\t\t\t<\/div>\n\t\t\t\n\t\t\t\t\t\t\t\n\t\t\t\t<div class=\"col \">\n\t\t\t\t\t<h2>Intelligente Suche durch Li.S.A.<sup>\u00ae<\/sup><\/h2>\n<p>Weitreichendes Verst\u00e4ndnis der Userdaten ist entscheidend \u2013 es erm\u00f6glicht Online-H\u00e4ndler Strategien zu entwickeln und die Customer Experience nachhaltig zu optimieren. Bei jeder Interaktion ist Li.S.A. in der Lage auf dem Wissen globaler Userdaten aufzubauen und die Ergebnisse kontinuierlich und automatisch zu verbessern.<\/p>\n\t\t\t\t<\/div>\n\t\t\t\n\t\t\t<\/div>\n\t\t\n\t<\/div>\n<\/section>\n\n<section         class=\"block-spalten partners-image-right margin-both no-padding\" style=\"background-image:url('');\" id=\"\"\n>\n\t<div class=\"container\">\n\t\t\n\t\t\t\t\n\t\t<div class=\"grid\" style=\"grid-template-columns:\trepeat( 2, 1fr)\">\t\t\t\t\n\t\t\t\t<div class=\"col flex-center\">\n\t\t\t\t\t<h2>K\u00fcnstliche Intelligenz mit Intent Discovery<\/h2>\n<p>Grundliegendes Verst\u00e4ndnis zu Daten und die Ableitung der Erkenntnisse in Echtzeit ist komplex. Die K.I. Plattform Li.S.A. l\u00f6st jedoch genau das. Mit Li.S.A. erkennen wir die Absichten der User und \u00e4ndern das Einkaufserlebnis basierend auf dem Verhalten dynamisch. Dies kann zu einer unmittelbaren Steigerung der Kundenzufriedenheit f\u00fchren, da es die Nutzung f\u00fcr Kunden vereinfacht.<\/p>\n\t\t\t\t<\/div>\n\t\t\t\n\t\t\t\t\t\t\t\n\t\t\t\t<div class=\"col flex-center\">\n\t\t\t\t\t<p><a href=\"https:\/\/www.zenloop.com\/de\/wp-content\/uploads\/sites\/3\/2022\/08\/Findologic-Partner-LP-Graphic-Example-NPS-Survey-2.svg\"><img loading=\"lazy\" decoding=\"async\" class=\"alignnone size-full wp-image-4373\" src=\"https:\/\/www.zenloop.com\/de\/wp-content\/uploads\/sites\/3\/2022\/08\/Findologic-Partner-LP-Graphic-Example-NPS-Survey-2.svg\" alt=\"image of a person sitting on a computer with a wired brain in the back\" width=\"360\" height=\"265\" \/><\/a><\/p>\n\t\t\t\t<\/div>\n\t\t\t\n\t\t\t<\/div>\n\t\t\n\t<\/div>\n<\/section>\n\n<section         class=\"block-spalten partners-image-left margin-both no-padding\" style=\"background-image:url('');\" id=\"\"\n>\n\t<div class=\"container\">\n\t\t\n\t\t\t\t\n\t\t<div class=\"grid\" style=\"grid-template-columns:\trepeat( 2, 1fr)\">\t\t\t\t\n\t\t\t\t<div class=\"col flex-center\">\n\t\t\t\t\t<p><a href=\"https:\/\/www.zenloop.com\/de\/wp-content\/uploads\/sites\/3\/2022\/08\/Findologic-Partner-LP-Graphic-Example-NPS-Survey-3.svg\"><img loading=\"lazy\" decoding=\"async\" class=\"alignnone size-full wp-image-4374\" src=\"https:\/\/www.zenloop.com\/de\/wp-content\/uploads\/sites\/3\/2022\/08\/Findologic-Partner-LP-Graphic-Example-NPS-Survey-3.svg\" alt=\"image of people hanging around a computer screen\" width=\"360\" height=\"265\" \/><\/a><\/p>\n\t\t\t\t<\/div>\n\t\t\t\n\t\t\t\t\t\t\t\n\t\t\t\t<div class=\"col \">\n\t\t\t\t\t<h2>Personalisierte Ergebnisse liefern<\/h2>\n<p>Ein \u201cone-size fits all approach\u201d zu Suche und Navigation frustriert Kunden. Allzu oft werden Benutzer mit einer Vielzahl zuf\u00e4lliger Ergebnissen konfrontiert, sodass sie lange nach wirklich relevanten Produkten suchen m\u00fcssen. Basierend auf intelligenten Algorithmen ist Li.S.A. in der Lage, Verhaltensweisen zu analysieren, die Absichten jedes einzelnen Benutzers zu verstehen und personalisierte Empfehlungen zu liefern, welche mit einer gr\u00f6\u00dferen Wahrscheinlichkeit konvertieren.<\/p>\n\t\t\t\t<\/div>\n\t\t\t\n\t\t\t<\/div>\n\t\t\n\t<\/div>\n<\/section>\n\n<section         class=\"block-article-listings  no-margin padding-both\" style=\"background-color:#ecedef;\" id=\"\"\n>\n\t<div class=\"container\">\n\t\t<div class=\"article-listings-area\">\n\t\t\t<div class=\"six columns\">\n\t\t\t\t<h2>Blog Highlights<\/h2>\n\t\t\t\t<div class=\"article-listings\">\n\t\t\t\t\t\t\t\t\t\t\t\t\t\t\t\t\t\t<div class=\"article-listing\">\n\t\t\t\t\t\t\t\t<h5>Kundenzufriedenheit<\/h5>\n\t\t\t\t\t\t\t\t<div class=\"article-description\">Das A und O f\u00fcr ein gutes Gesch\u00e4ft<\/div>\n\t\t\t\t\t\t\t\t<div class=\"article-data\">\n\t\t\t\t\t\t\t\t\t<div class=\"read-time\">6 Min. Lesezeit \/<\/div>\n\t\t\t\t\t\t\t\t\t<a href=\"\/de\/blog\/kundenzufriedenheit-hub\">Mehr erfahren ><\/a>\n\t\t\t\t\t\t\t\t<\/div>\n\t\t\t\t\t\t\t<\/div>\n\t\t\t\t\t\t\t\t\t\t\t\t\t\t\t\t\t\t\t\t\t\t\t\t<div class=\"article-listing\">\n\t\t\t\t\t\t\t\t<h5>Customer Experience Management<\/h5>\n\t\t\t\t\t\t\t\t<div class=\"article-description\">Erfolgreiche Umsetzung und Beispiele\r\n<\/div>\n\t\t\t\t\t\t\t\t<div class=\"article-data\">\n\t\t\t\t\t\t\t\t\t<div class=\"read-time\">8 Min. Lesezeit \/<\/div>\n\t\t\t\t\t\t\t\t\t<a href=\"https:\/\/www.zenloop.com\/de\/blog\/customer-experience-management\/\">Mehr erfahren ><\/a>\n\t\t\t\t\t\t\t\t<\/div>\n\t\t\t\t\t\t\t<\/div>\n\t\t\t\t\t\t\t\t\t\t\t\t\t\t\t\t\t\t\t\t\t\t\t\t<div class=\"article-listing\">\n\t\t\t\t\t\t\t\t<h5>Kundenzentrierung<\/h5>\n\t\t\t\t\t\t\t\t<div class=\"article-description\">Mehr Umsatz durch zufriedene, loyale Kunden<\/div>\n\t\t\t\t\t\t\t\t<div class=\"article-data\">\n\t\t\t\t\t\t\t\t\t<div class=\"read-time\">9 Min. Lesezeit \/<\/div>\n\t\t\t\t\t\t\t\t\t<a href=\"\/de\/ressourcen\/retention\/kundenzentrierung\">Mehr erfahren ><\/a>\n\t\t\t\t\t\t\t\t<\/div>\n\t\t\t\t\t\t\t<\/div>\n\t\t\t\t\t\t\t\t\t\t\t\t\t\t\t<\/div>\n\t\t\t\t\n\t\t\t\t\t\t\t\t<a href=\"\/resources\/retention\" class=\"button see-all\">Zur\u00fcck zur \u00dcbersicht<\/a>\n\t\t\t\t\t\t\t\t\n\t\t\t<\/div>\n\t\t\t<div class=\"six columns align-right right-side\">\n\t\t\t\t<p><img loading=\"lazy\" decoding=\"async\" class=\"alignnone size-full wp-image-1604\" src=\"https:\/\/www.zenloop.com\/de\/wp-content\/uploads\/2022\/03\/blog-article-module-image.jpeg\" alt=\"blog-article-module-image\" width=\"860\" height=\"1030\" data-mce-src=\"https:\/\/www.zenloop.com\/de\/wp-content\/uploads\/2022\/03\/blog-article-module-image.jpeg\" srcset=\"https:\/\/www.zenloop.com\/de\/wp-content\/uploads\/sites\/3\/2022\/03\/blog-article-module-image.jpeg 860w, https:\/\/www.zenloop.com\/de\/wp-content\/uploads\/sites\/3\/2022\/03\/blog-article-module-image-250x300.jpeg 250w, https:\/\/www.zenloop.com\/de\/wp-content\/uploads\/sites\/3\/2022\/03\/blog-article-module-image-855x1024.jpeg 855w, https:\/\/www.zenloop.com\/de\/wp-content\/uploads\/sites\/3\/2022\/03\/blog-article-module-image-768x920.jpeg 768w\" sizes=\"auto, (max-width: 860px) 100vw, 860px\" \/><\/p>\n\t\t\t<\/div>\n\t\t<\/div>\n\t<\/div>\n<\/section>\n\n<section         class=\"block-partners  no-margin padding-both\" style=\"background-image:url('');\" id=\"\"\n>\n\t\t<div class=\"container\">\n            <h2 class=\"section-title\">Weitere Technologie-Partner<\/h2>\t\t\t<div class=\"grid\" style=\"grid-template-columns:1fr 1fr 1fr 1fr\">\n                                    <a href=\"\/de\/partner\/shopify\" class=\"partner-listing\">\n                        <div class=\"image\"><img loading=\"lazy\" decoding=\"async\" width=\"60\" height=\"60\" src=\"https:\/\/www.zenloop.com\/de\/wp-content\/uploads\/sites\/3\/2022\/04\/integration-icon-shopify.svg\" class=\"attachment-full size-full\" alt=\"integration-icon-shopify\" \/><\/div>\n                        <div class=\"partner-name\">Shopify<\/div>\n                    <\/a>\n                                    <a href=\"\/de\/partner\/shopware\" class=\"partner-listing\">\n                        <div class=\"image\"><img loading=\"lazy\" decoding=\"async\" width=\"64\" height=\"64\" src=\"https:\/\/www.zenloop.com\/de\/wp-content\/uploads\/sites\/3\/2022\/03\/shopware-zenloop-integration.svg\" class=\"attachment-full size-full\" alt=\"\" \/><\/div>\n                        <div class=\"partner-name\">Shopware<\/div>\n                    <\/a>\n                                    <a href=\"\/de\/partner\/styla\" class=\"partner-listing\">\n                        <div class=\"image\"><img loading=\"lazy\" decoding=\"async\" width=\"64\" height=\"64\" src=\"https:\/\/www.zenloop.com\/de\/wp-content\/uploads\/sites\/3\/2022\/04\/styla.svg\" class=\"attachment-full size-full\" alt=\"\" \/><\/div>\n                        <div class=\"partner-name\">Styla<\/div>\n                    <\/a>\n                                    <a href=\"\/de\/partner\/salesforce\" class=\"partner-listing\">\n                        <div class=\"image\"><img loading=\"lazy\" decoding=\"async\" width=\"64\" height=\"64\" src=\"https:\/\/www.zenloop.com\/de\/wp-content\/uploads\/sites\/3\/2022\/03\/salesforce-zenloop-integration.svg\" class=\"attachment-full size-full\" alt=\"\" \/><\/div>\n                        <div class=\"partner-name\">Salesforce<\/div>\n                    <\/a>\n                                    <a href=\"\/de\/partner\/tradebyte\" class=\"partner-listing\">\n                        <div class=\"image\"><img loading=\"lazy\" decoding=\"async\" width=\"64\" height=\"64\" src=\"https:\/\/www.zenloop.com\/de\/wp-content\/uploads\/sites\/3\/2022\/04\/tradebyte.svg\" class=\"attachment-full size-full\" alt=\"\" \/><\/div>\n                        <div class=\"partner-name\">Tradebyte<\/div>\n                    <\/a>\n                                    <a href=\"\/de\/partner\/freshdesk\" class=\"partner-listing\">\n                        <div class=\"image\"><img loading=\"lazy\" decoding=\"async\" width=\"60\" height=\"60\" src=\"https:\/\/www.zenloop.com\/de\/wp-content\/uploads\/sites\/3\/2022\/04\/integration-icon-freshdesk.svg\" class=\"attachment-full size-full\" alt=\"\" \/><\/div>\n                        <div class=\"partner-name\">Freshdesk<\/div>\n                    <\/a>\n                                    <a href=\"\/de\/partner\/zendesk\" class=\"partner-listing\">\n                        <div class=\"image\"><img loading=\"lazy\" decoding=\"async\" width=\"60\" height=\"60\" src=\"https:\/\/www.zenloop.com\/de\/wp-content\/uploads\/sites\/3\/2022\/04\/integration-icon-zendesk.svg\" class=\"attachment-full size-full\" alt=\"\" \/><\/div>\n                        <div class=\"partner-name\">Zendesk<\/div>\n                    <\/a>\n                                    <a href=\"\/de\/partner\/contentsquare\" class=\"partner-listing\">\n                        <div class=\"image\"><img loading=\"lazy\" decoding=\"async\" width=\"64\" height=\"64\" src=\"https:\/\/www.zenloop.com\/de\/wp-content\/uploads\/sites\/3\/2022\/04\/contentsquare.svg\" class=\"attachment-full size-full\" alt=\"\" \/><\/div>\n                        <div class=\"partner-name\">Contentsquare<\/div>\n                    <\/a>\n                                    <a href=\"\/de\/partner\/trbo\" class=\"partner-listing\">\n                        <div class=\"image\"><img loading=\"lazy\" decoding=\"async\" width=\"64\" height=\"64\" src=\"https:\/\/www.zenloop.com\/de\/wp-content\/uploads\/sites\/3\/2022\/04\/trbo.svg\" class=\"attachment-full size-full\" alt=\"\" \/><\/div>\n                        <div class=\"partner-name\">trbo<\/div>\n                    <\/a>\n                                    <a href=\"\/de\/partner\/crossengage\" class=\"partner-listing\">\n                        <div class=\"image\"><img loading=\"lazy\" decoding=\"async\" width=\"64\" height=\"64\" src=\"https:\/\/www.zenloop.com\/de\/wp-content\/uploads\/sites\/3\/2022\/04\/crossengage.svg\" class=\"attachment-full size-full\" alt=\"\" \/><\/div>\n                        <div class=\"partner-name\">CrossEngage<\/div>\n                    <\/a>\n                                    <a href=\"\/de\/partner\/optimizely\" class=\"partner-listing\">\n                        <div class=\"image\"><img loading=\"lazy\" decoding=\"async\" width=\"60\" height=\"60\" src=\"https:\/\/www.zenloop.com\/de\/wp-content\/uploads\/sites\/3\/2022\/04\/integration-icon-optimizely.svg\" class=\"attachment-full size-full\" alt=\"\" \/><\/div>\n                        <div class=\"partner-name\">Optimizely<\/div>\n                    <\/a>\n                                    <a href=\"\/de\/technology-partner\" class=\"partner-listing\">\n                        <div class=\"image\"><\/div>\n                        <div class=\"partner-name\"> &#8230;und viele mehr!<\/div>\n                    <\/a>\n                            <\/div>\n\t\t<\/div>\n<\/section>\n\n<section         class=\"block-spalten partners-footer-cta no-margin small-padding-top\" style=\"background-color:#ecedef;\" id=\"\"\n>\n\t<div class=\"container\">\n\t\t\n\t\t\t\t\n\t\t<div class=\"grid\" style=\"grid-template-columns:\t7fr 5fr\">\t\t\t\t\n\t\t\t\t<div class=\"col \">\n\t\t\t\t\t<h2 class=\"demo-module__headline h2\">Die Vorteile von Findologic und zenloop nutzen<\/h2>\n<p><span class=\"\" style=\"display:block;clear:both;height: 0px;padding-top: 50px;border-top-width:0px;border-bottom-width:0px;\"><\/span><a class=\"button\" href=\"\/de\/demo-anfragen\">Kostenfreie Beratung anfragen<\/a><\/p>\n\t\t\t\t<\/div>\n\t\t\t\n\t\t\t\t\t\t\t\n\t\t\t\t<div class=\"col \">\n\t\t\t\t\t<p><img loading=\"lazy\" decoding=\"async\" class=\"alignnone wp-image-859 size-full\" src=\"https:\/\/www.zenloop.com\/de\/wp-content\/uploads\/2022\/03\/person-e1646731098431.jpg\" alt=\"Demo module\" width=\"940\" height=\"761\" srcset=\"https:\/\/www.zenloop.com\/de\/wp-content\/uploads\/sites\/3\/2022\/03\/person-e1646731098431.jpg 940w, https:\/\/www.zenloop.com\/de\/wp-content\/uploads\/sites\/3\/2022\/03\/person-e1646731098431-300x243.jpg 300w, https:\/\/www.zenloop.com\/de\/wp-content\/uploads\/sites\/3\/2022\/03\/person-e1646731098431-768x622.jpg 768w\" sizes=\"auto, (max-width: 940px) 100vw, 940px\" \/><\/p>\n\t\t\t\t<\/div>\n\t\t\t\n\t\t\t<\/div>\n\t\t\n\t<\/div>\n<\/section>","protected":false},"excerpt":{"rendered":"","protected":false},"author":2,"featured_media":3084,"parent":840,"menu_order":0,"comment_status":"closed","ping_status":"closed","template":"","meta":{"_acf_changed":false,"inline_featured_image":false,"footnotes":""},"class_list":["post-3062","page","type-page","status-publish","has-post-thumbnail","hentry"],"acf":[],"yoast_head":"<!-- This site is optimized with the Yoast SEO Premium plugin v21.6 (Yoast SEO v27.4) - https:\/\/yoast.com\/product\/yoast-seo-premium-wordpress\/ -->\n<title>Suchergebnisse erleichtern mit Findologic und zenloop<\/title>\n<meta name=\"description\" content=\"Mit dem Linguistic Shopping Assistant Li.S.A.\u00ae individuelle Suchanfragen mit ma\u00dfgeschneiderten Ergebnissen vereinen.\" \/>\n<meta name=\"robots\" content=\"index, follow, max-snippet:-1, max-image-preview:large, max-video-preview:-1\" \/>\n<link rel=\"canonical\" href=\"https:\/\/www.zenloop.com\/de\/partner\/findologic\/\" \/>\n<meta property=\"og:locale\" content=\"de_DE\" \/>\n<meta property=\"og:type\" content=\"article\" \/>\n<meta property=\"og:title\" content=\"Findologic + zenloop\" \/>\n<meta property=\"og:description\" content=\"Mit dem Linguistic Shopping Assistant Li.S.A.\u00ae individuelle Suchanfragen mit ma\u00dfgeschneiderten Ergebnissen vereinen.\" \/>\n<meta property=\"og:url\" content=\"https:\/\/www.zenloop.com\/de\/partner\/findologic\/\" \/>\n<meta property=\"og:site_name\" content=\"zenloop\" \/>\n<meta property=\"article:publisher\" content=\"https:\/\/www.facebook.com\/zenloop\/\" \/>\n<meta property=\"article:modified_time\" content=\"2022-08-10T11:43:16+00:00\" \/>\n<meta property=\"og:image\" content=\"https:\/\/www.zenloop.com\/de\/wp-content\/uploads\/sites\/3\/2022\/04\/page-header-findologic.jpeg\" \/>\n\t<meta property=\"og:image:width\" content=\"940\" \/>\n\t<meta property=\"og:image:height\" content=\"700\" \/>\n\t<meta property=\"og:image:type\" content=\"image\/jpeg\" \/>\n<meta name=\"twitter:card\" content=\"summary_large_image\" \/>\n<meta name=\"twitter:site\" content=\"@zenloopHQ\" \/>\n<script type=\"application\/ld+json\" class=\"yoast-schema-graph\">{\"@context\":\"https:\\\/\\\/schema.org\",\"@graph\":[{\"@type\":\"WebPage\",\"@id\":\"https:\\\/\\\/www.zenloop.com\\\/de\\\/partner\\\/findologic\\\/\",\"url\":\"https:\\\/\\\/www.zenloop.com\\\/de\\\/partner\\\/findologic\\\/\",\"name\":\"Suchergebnisse erleichtern mit Findologic und zenloop\",\"isPartOf\":{\"@id\":\"https:\\\/\\\/www.zenloop.com\\\/de\\\/#website\"},\"primaryImageOfPage\":{\"@id\":\"https:\\\/\\\/www.zenloop.com\\\/de\\\/partner\\\/findologic\\\/#primaryimage\"},\"image\":{\"@id\":\"https:\\\/\\\/www.zenloop.com\\\/de\\\/partner\\\/findologic\\\/#primaryimage\"},\"thumbnailUrl\":\"https:\\\/\\\/www.zenloop.com\\\/de\\\/wp-content\\\/uploads\\\/sites\\\/3\\\/2022\\\/04\\\/page-header-findologic.jpeg\",\"datePublished\":\"2022-04-22T11:11:18+00:00\",\"dateModified\":\"2022-08-10T11:43:16+00:00\",\"description\":\"Mit dem Linguistic Shopping Assistant Li.S.A.\u00ae individuelle Suchanfragen mit ma\u00dfgeschneiderten Ergebnissen vereinen.\",\"breadcrumb\":{\"@id\":\"https:\\\/\\\/www.zenloop.com\\\/de\\\/partner\\\/findologic\\\/#breadcrumb\"},\"inLanguage\":\"de-DE\",\"potentialAction\":[{\"@type\":\"ReadAction\",\"target\":[\"https:\\\/\\\/www.zenloop.com\\\/de\\\/partner\\\/findologic\\\/\"]}]},{\"@type\":\"ImageObject\",\"inLanguage\":\"de-DE\",\"@id\":\"https:\\\/\\\/www.zenloop.com\\\/de\\\/partner\\\/findologic\\\/#primaryimage\",\"url\":\"https:\\\/\\\/www.zenloop.com\\\/de\\\/wp-content\\\/uploads\\\/sites\\\/3\\\/2022\\\/04\\\/page-header-findologic.jpeg\",\"contentUrl\":\"https:\\\/\\\/www.zenloop.com\\\/de\\\/wp-content\\\/uploads\\\/sites\\\/3\\\/2022\\\/04\\\/page-header-findologic.jpeg\",\"width\":940,\"height\":700,\"caption\":\"page-header-findologic\"},{\"@type\":\"BreadcrumbList\",\"@id\":\"https:\\\/\\\/www.zenloop.com\\\/de\\\/partner\\\/findologic\\\/#breadcrumb\",\"itemListElement\":[{\"@type\":\"ListItem\",\"position\":1,\"name\":\"zenloop Partner Community\",\"item\":\"https:\\\/\\\/www.zenloop.com\\\/de\\\/partner\\\/\"},{\"@type\":\"ListItem\",\"position\":2,\"name\":\"Findologic + zenloop\"}]},{\"@type\":\"WebSite\",\"@id\":\"https:\\\/\\\/www.zenloop.com\\\/de\\\/#website\",\"url\":\"https:\\\/\\\/www.zenloop.com\\\/de\\\/\",\"name\":\"zenloop\",\"description\":\"Customer Experience Management und Action Management\",\"publisher\":{\"@id\":\"https:\\\/\\\/www.zenloop.com\\\/de\\\/#organization\"},\"potentialAction\":[{\"@type\":\"SearchAction\",\"target\":{\"@type\":\"EntryPoint\",\"urlTemplate\":\"https:\\\/\\\/www.zenloop.com\\\/de\\\/?s={search_term_string}\"},\"query-input\":{\"@type\":\"PropertyValueSpecification\",\"valueRequired\":true,\"valueName\":\"search_term_string\"}}],\"inLanguage\":\"de-DE\"},{\"@type\":\"Organization\",\"@id\":\"https:\\\/\\\/www.zenloop.com\\\/de\\\/#organization\",\"name\":\"zenloop\",\"url\":\"https:\\\/\\\/www.zenloop.com\\\/de\\\/\",\"logo\":{\"@type\":\"ImageObject\",\"inLanguage\":\"de-DE\",\"@id\":\"https:\\\/\\\/www.zenloop.com\\\/de\\\/#\\\/schema\\\/logo\\\/image\\\/\",\"url\":\"https:\\\/\\\/www.zenloop.com\\\/de\\\/wp-content\\\/uploads\\\/sites\\\/3\\\/2022\\\/03\\\/zenloop-2.svg\",\"contentUrl\":\"https:\\\/\\\/www.zenloop.com\\\/de\\\/wp-content\\\/uploads\\\/sites\\\/3\\\/2022\\\/03\\\/zenloop-2.svg\",\"width\":129,\"height\":72,\"caption\":\"zenloop\"},\"image\":{\"@id\":\"https:\\\/\\\/www.zenloop.com\\\/de\\\/#\\\/schema\\\/logo\\\/image\\\/\"},\"sameAs\":[\"https:\\\/\\\/www.facebook.com\\\/zenloop\\\/\",\"https:\\\/\\\/x.com\\\/zenloopHQ\",\"https:\\\/\\\/www.linkedin.com\\\/company\\\/zenloop\",\"https:\\\/\\\/www.instagram.com\\\/zenloophq\\\/\",\"https:\\\/\\\/www.youtube.com\\\/channel\\\/UCJDQprWMAcIesSAcawVIcsw\"]}]}<\/script>\n<!-- \/ Yoast SEO Premium plugin. -->","yoast_head_json":{"title":"Suchergebnisse erleichtern mit Findologic und zenloop","description":"Mit dem Linguistic Shopping Assistant Li.S.A.\u00ae individuelle Suchanfragen mit ma\u00dfgeschneiderten Ergebnissen vereinen.","robots":{"index":"index","follow":"follow","max-snippet":"max-snippet:-1","max-image-preview":"max-image-preview:large","max-video-preview":"max-video-preview:-1"},"canonical":"https:\/\/www.zenloop.com\/de\/partner\/findologic\/","og_locale":"de_DE","og_type":"article","og_title":"Findologic + zenloop","og_description":"Mit dem Linguistic Shopping Assistant Li.S.A.\u00ae individuelle Suchanfragen mit ma\u00dfgeschneiderten Ergebnissen vereinen.","og_url":"https:\/\/www.zenloop.com\/de\/partner\/findologic\/","og_site_name":"zenloop","article_publisher":"https:\/\/www.facebook.com\/zenloop\/","article_modified_time":"2022-08-10T11:43:16+00:00","og_image":[{"width":940,"height":700,"url":"https:\/\/www.zenloop.com\/de\/wp-content\/uploads\/sites\/3\/2022\/04\/page-header-findologic.jpeg","type":"image\/jpeg"}],"twitter_card":"summary_large_image","twitter_site":"@zenloopHQ","schema":{"@context":"https:\/\/schema.org","@graph":[{"@type":"WebPage","@id":"https:\/\/www.zenloop.com\/de\/partner\/findologic\/","url":"https:\/\/www.zenloop.com\/de\/partner\/findologic\/","name":"Suchergebnisse erleichtern mit Findologic und zenloop","isPartOf":{"@id":"https:\/\/www.zenloop.com\/de\/#website"},"primaryImageOfPage":{"@id":"https:\/\/www.zenloop.com\/de\/partner\/findologic\/#primaryimage"},"image":{"@id":"https:\/\/www.zenloop.com\/de\/partner\/findologic\/#primaryimage"},"thumbnailUrl":"https:\/\/www.zenloop.com\/de\/wp-content\/uploads\/sites\/3\/2022\/04\/page-header-findologic.jpeg","datePublished":"2022-04-22T11:11:18+00:00","dateModified":"2022-08-10T11:43:16+00:00","description":"Mit dem Linguistic Shopping Assistant Li.S.A.\u00ae individuelle Suchanfragen mit ma\u00dfgeschneiderten Ergebnissen vereinen.","breadcrumb":{"@id":"https:\/\/www.zenloop.com\/de\/partner\/findologic\/#breadcrumb"},"inLanguage":"de-DE","potentialAction":[{"@type":"ReadAction","target":["https:\/\/www.zenloop.com\/de\/partner\/findologic\/"]}]},{"@type":"ImageObject","inLanguage":"de-DE","@id":"https:\/\/www.zenloop.com\/de\/partner\/findologic\/#primaryimage","url":"https:\/\/www.zenloop.com\/de\/wp-content\/uploads\/sites\/3\/2022\/04\/page-header-findologic.jpeg","contentUrl":"https:\/\/www.zenloop.com\/de\/wp-content\/uploads\/sites\/3\/2022\/04\/page-header-findologic.jpeg","width":940,"height":700,"caption":"page-header-findologic"},{"@type":"BreadcrumbList","@id":"https:\/\/www.zenloop.com\/de\/partner\/findologic\/#breadcrumb","itemListElement":[{"@type":"ListItem","position":1,"name":"zenloop Partner Community","item":"https:\/\/www.zenloop.com\/de\/partner\/"},{"@type":"ListItem","position":2,"name":"Findologic + zenloop"}]},{"@type":"WebSite","@id":"https:\/\/www.zenloop.com\/de\/#website","url":"https:\/\/www.zenloop.com\/de\/","name":"zenloop","description":"Customer Experience Management und Action Management","publisher":{"@id":"https:\/\/www.zenloop.com\/de\/#organization"},"potentialAction":[{"@type":"SearchAction","target":{"@type":"EntryPoint","urlTemplate":"https:\/\/www.zenloop.com\/de\/?s={search_term_string}"},"query-input":{"@type":"PropertyValueSpecification","valueRequired":true,"valueName":"search_term_string"}}],"inLanguage":"de-DE"},{"@type":"Organization","@id":"https:\/\/www.zenloop.com\/de\/#organization","name":"zenloop","url":"https:\/\/www.zenloop.com\/de\/","logo":{"@type":"ImageObject","inLanguage":"de-DE","@id":"https:\/\/www.zenloop.com\/de\/#\/schema\/logo\/image\/","url":"https:\/\/www.zenloop.com\/de\/wp-content\/uploads\/sites\/3\/2022\/03\/zenloop-2.svg","contentUrl":"https:\/\/www.zenloop.com\/de\/wp-content\/uploads\/sites\/3\/2022\/03\/zenloop-2.svg","width":129,"height":72,"caption":"zenloop"},"image":{"@id":"https:\/\/www.zenloop.com\/de\/#\/schema\/logo\/image\/"},"sameAs":["https:\/\/www.facebook.com\/zenloop\/","https:\/\/x.com\/zenloopHQ","https:\/\/www.linkedin.com\/company\/zenloop","https:\/\/www.instagram.com\/zenloophq\/","https:\/\/www.youtube.com\/channel\/UCJDQprWMAcIesSAcawVIcsw"]}]}},"_links":{"self":[{"href":"https:\/\/www.zenloop.com\/de\/wp-json\/wp\/v2\/pages\/3062","targetHints":{"allow":["GET"]}}],"collection":[{"href":"https:\/\/www.zenloop.com\/de\/wp-json\/wp\/v2\/pages"}],"about":[{"href":"https:\/\/www.zenloop.com\/de\/wp-json\/wp\/v2\/types\/page"}],"author":[{"embeddable":true,"href":"https:\/\/www.zenloop.com\/de\/wp-json\/wp\/v2\/users\/2"}],"replies":[{"embeddable":true,"href":"https:\/\/www.zenloop.com\/de\/wp-json\/wp\/v2\/comments?post=3062"}],"version-history":[{"count":0,"href":"https:\/\/www.zenloop.com\/de\/wp-json\/wp\/v2\/pages\/3062\/revisions"}],"up":[{"embeddable":true,"href":"https:\/\/www.zenloop.com\/de\/wp-json\/wp\/v2\/pages\/840"}],"wp:featuredmedia":[{"embeddable":true,"href":"https:\/\/www.zenloop.com\/de\/wp-json\/wp\/v2\/media\/3084"}],"wp:attachment":[{"href":"https:\/\/www.zenloop.com\/de\/wp-json\/wp\/v2\/media?parent=3062"}],"curies":[{"name":"wp","href":"https:\/\/api.w.org\/{rel}","templated":true}]}}