{"id":2458,"date":"2022-03-23T16:36:56","date_gmt":"2022-03-23T16:36:56","guid":{"rendered":"http:\/\/yhs.uyx.mybluehost.me\/de\/?page_id=2458"},"modified":"2025-07-22T08:59:53","modified_gmt":"2025-07-22T08:59:53","slug":"solution-partner","status":"publish","type":"page","link":"https:\/\/www.zenloop.com\/de\/solution-partner\/","title":{"rendered":"Solution Partners"},"content":{"rendered":"<section         class=\"block-hero  no-margin padding-both\" style=\"background-image:url('');\" id=\"\"\n>\n\t<div class=\"container\">\n\t\t\n\t\t\n\t\t<div class=\"grid \" style=\"grid-template-columns:1fr 1fr\">\n\t\t\t<div class=\"col flex-center\">\n\t\t\t\t\t\t\t\t\t\t\t\t\t\t\t\t<h1>Solution Partner<\/h1>\n\t\t\t\t\t\t\t\t\t\t\t\t\t\t\t\t\t\t\t\t\t\t\t\t\t\t\t\t\t<h4>Kundenbed\u00fcrfnisse in den Mittelpunkt stellen<\/h4>\n\t\t\t\t\t\t\t\t\t\t\t\t\t\t\t\t<p class=\"small-text\">Das Solution-Partner-Programm besteht aus einem Netzwerk von Agenturen, Beratungsunternehmen und Systemintegratoren und konzentriert sich auf die erfolgreiche Konfiguration, Integration und Anwendung der zenloop Software.<\/p>\n\n\t\t\t\t\t\t\t\t\t\t\n\t\t\t\t<\/div>\n\t\t\t\t<div class=\"col flex-center image-side \">\n\t\t\t\t\t\t\t\t\t\t\t<img loading=\"lazy\" decoding=\"async\" width=\"1832\" height=\"1576\" src=\"https:\/\/www.zenloop.com\/de\/wp-content\/uploads\/sites\/3\/2024\/07\/Web-Image-White-1-1.png\" class=\"attachment-full size-full\" alt=\"\" srcset=\"https:\/\/www.zenloop.com\/de\/wp-content\/uploads\/sites\/3\/2024\/07\/Web-Image-White-1-1.png 1832w, https:\/\/www.zenloop.com\/de\/wp-content\/uploads\/sites\/3\/2024\/07\/Web-Image-White-1-1-300x258.png 300w, https:\/\/www.zenloop.com\/de\/wp-content\/uploads\/sites\/3\/2024\/07\/Web-Image-White-1-1-1024x881.png 1024w, https:\/\/www.zenloop.com\/de\/wp-content\/uploads\/sites\/3\/2024\/07\/Web-Image-White-1-1-768x661.png 768w, https:\/\/www.zenloop.com\/de\/wp-content\/uploads\/sites\/3\/2024\/07\/Web-Image-White-1-1-1536x1321.png 1536w\" sizes=\"auto, (max-width: 1832px) 100vw, 1832px\" \/>\t\t\t\t\t\t\t\t\t<\/div>\n\t\t\t<\/div>\n\t\t<\/div>\n<\/section>\n\n<section         class=\"block-features  no-margin padding-both\" style=\"background-image:url('');color:#02193c;\" id=\"\"\n>\n\t<div class=\"container\">\n\t\t<h2 class=\"section-title\">Deine Vorteile als Solution Partner<\/h2>\t\t<div class=\"grid\" style=\"grid-template-columns:\t1fr\">\n\t\t<div class=\"grid features\" style=\"grid-template-columns:repeat(3, 1fr);grid-gap: 0 30px;\">\n\t\t\t\t\t<a class=\"col feature \" >\n\t\t\t\t<i class=\"block__icon fal fa-stars icon\"><\/i>\n\t\t\t\t<h5>Leistungsportfolio komplettieren<\/h5>\n\t\t\t\t\t\t\t\t<div class=\"description \">Erweitere deine Kompetenzen in puncto Kundenbindung, individuell anpassbar an jedes Unternehmen.\r\n<\/div>\n\t\t\t\t\t\t\t<\/a>\n\t\t\t\t\t<a class=\"col feature \" >\n\t\t\t\t<i class=\"block__icon fal fa-money-bill-wave icon\"><\/i>\n\t\t\t\t<h5>Einnahmequellen erschlie\u00dfen<\/h5>\n\t\t\t\t\t\t\t\t<div class=\"description \">zenloop ist deutscher Marktf\u00fchrer f\u00fcr Retention Management Software. Unser Kundenkreis w\u00e4chst von Tag zu Tag.<\/div>\n\t\t\t\t\t\t\t<\/a>\n\t\t\t\t\t<a class=\"col feature \" >\n\t\t\t\t<i class=\"block__icon fal fa-handshake icon\"><\/i>\n\t\t\t\t<h5>Gro\u00dfartige Co-Marketing-Events<\/h5>\n\t\t\t\t\t\t\t\t<div class=\"description \">Schaffe neue Netzwerke durch regelm\u00e4\u00dfige gemeinsame Events wie Konferenzen, Dinner und Webinars.<\/div>\n\t\t\t\t\t\t\t<\/a>\n\t\t\t\t<\/div>\n\t\t<\/div>\n\n\t\t\n\t<\/div>\n<\/section>\n\n<section         class=\"block-spalten  no-margin custom\" style=\"background-color:#02193c;color:#ffffff;padding-top:90px;padding-bottom:40px;\" id=\"\"\n>\n\t<div class=\"container\">\n\t\t\n\t\t\t\t\n\t\t<div class=\"grid\" style=\"grid-template-columns:\trepeat( 1, 1fr)\">\t\t\t\t\n\t\t\t\t<div class=\"col \">\n\t\t\t\t\t<h2 class=\"lp-logo-list__headline\">F\u00fchrende Unternehmen setzen auf starke Kundenbindung mit zenloop<\/h2>\n\t\t\t\t<\/div>\n\t\t\t\n\t\t\t<\/div>\n\t\t\n\t<\/div>\n<\/section>\n\n<section         class=\"block-spalten  no-margin padding-bottom\" style=\"background-color:#02193c;\" id=\"\"\n>\n\t<div class=\"container\">\n\t\t\n\t\t\t\t\n\t\t<div class=\"grid\" style=\"grid-template-columns:\t1fr 1fr 1fr 1fr 1fr 1fr\">\t\t\t\t\n\t\t\t\t<div class=\"col flex-center\">\n\t\t\t\t\t<p><img loading=\"lazy\" decoding=\"async\" class=\"alignnone size-full wp-image-4282\" src=\"https:\/\/www.zenloop.com\/de\/wp-content\/uploads\/sites\/3\/2022\/08\/otto-group-white.svg\" alt=\"otto logo\" width=\"128\" height=\"72\" \/><\/p>\n\t\t\t\t<\/div>\n\t\t\t\n\t\t\t\t\t\t\t\n\t\t\t\t<div class=\"col flex-center\">\n\t\t\t\t\t<p><img loading=\"lazy\" decoding=\"async\" class=\"alignnone size-full wp-image-4297\" src=\"https:\/\/www.zenloop.com\/de\/wp-content\/uploads\/sites\/3\/2022\/08\/volkswagen-white.svg\" alt=\"volkswagen logo\" width=\"128\" height=\"72\" \/><\/p>\n\t\t\t\t<\/div>\n\t\t\t\n\t\t\t\t\t\t\t\n\t\t\t\t<div class=\"col flex-center\">\n\t\t\t\t\t<p><a href=\"https:\/\/www.zenloop.com\/de\/wp-content\/uploads\/sites\/3\/2022\/08\/lichtblick-white.svg\"><img loading=\"lazy\" decoding=\"async\" class=\"alignnone size-full wp-image-4360\" src=\"https:\/\/www.zenloop.com\/de\/wp-content\/uploads\/sites\/3\/2022\/08\/lichtblick-white.svg\" alt=\"lichtblick logo\" width=\"128\" height=\"72\" \/><\/a><\/p>\n\t\t\t\t<\/div>\n\t\t\t\n\t\t\t\t\t\t\t\n\t\t\t\t<div class=\"col flex-center\">\n\t\t\t\t\t<p><img loading=\"lazy\" decoding=\"async\" class=\"alignnone size-full wp-image-4294\" src=\"https:\/\/www.zenloop.com\/de\/wp-content\/uploads\/sites\/3\/2022\/08\/trade-republic-white.svg\" alt=\"trade republic logo\" width=\"128\" height=\"72\" \/><\/p>\n\t\t\t\t<\/div>\n\t\t\t\n\t\t\t\t\t\t\t\n\t\t\t\t<div class=\"col flex-center\">\n\t\t\t\t\t<p><a href=\"https:\/\/www.zenloop.com\/de\/wp-content\/uploads\/sites\/3\/2022\/08\/atu-white.svg\"><img loading=\"lazy\" decoding=\"async\" class=\"alignnone size-full wp-image-4362\" src=\"https:\/\/www.zenloop.com\/de\/wp-content\/uploads\/sites\/3\/2022\/08\/atu-white.svg\" alt=\"atu logo\" width=\"128\" height=\"72\" \/><\/a><\/p>\n\t\t\t\t<\/div>\n\t\t\t\n\t\t\t\t\t\t\t\n\t\t\t\t<div class=\"col \">\n\t\t\t\t\t<p><img loading=\"lazy\" decoding=\"async\" class=\"alignnone size-full wp-image-4299\" src=\"https:\/\/www.zenloop.com\/de\/wp-content\/uploads\/sites\/3\/2022\/08\/krombacher-white.svg\" alt=\"krombacher logo\" width=\"128\" height=\"72\" \/><\/p>\n\t\t\t\t<\/div>\n\t\t\t\n\t\t\t\t\t\t\t\n\t\t\t\t<div class=\"col flex-center\">\n\t\t\t\t\t<p><img loading=\"lazy\" decoding=\"async\" class=\"alignnone size-full wp-image-4291\" src=\"https:\/\/www.zenloop.com\/de\/wp-content\/uploads\/sites\/3\/2022\/08\/Beiersdorf-white.svg\" alt=\"beiersdorf logo\" width=\"129\" height=\"72\" \/><\/p>\n\t\t\t\t<\/div>\n\t\t\t\n\t\t\t\t\t\t\t\n\t\t\t\t<div class=\"col flex-center\">\n\t\t\t\t\t<p><img loading=\"lazy\" decoding=\"async\" class=\"alignnone size-full wp-image-4295\" src=\"https:\/\/www.zenloop.com\/de\/wp-content\/uploads\/sites\/3\/2022\/08\/thalia-white.svg\" alt=\"thalia logo\" width=\"128\" height=\"72\" \/><\/p>\n\t\t\t\t<\/div>\n\t\t\t\n\t\t\t\t\t\t\t\n\t\t\t\t<div class=\"col flex-center\">\n\t\t\t\t\t<p><img loading=\"lazy\" decoding=\"async\" class=\"alignnone size-full wp-image-4293\" src=\"https:\/\/www.zenloop.com\/de\/wp-content\/uploads\/sites\/3\/2022\/08\/warner-music-group-white.svg\" alt=\"warner music group logo\" width=\"128\" height=\"72\" \/><\/p>\n\t\t\t\t<\/div>\n\t\t\t\n\t\t\t\t\t\t\t\n\t\t\t\t<div class=\"col flex-center\">\n\t\t\t\t\t<p><img loading=\"lazy\" decoding=\"async\" class=\"alignnone size-full wp-image-4283\" src=\"https:\/\/www.zenloop.com\/de\/wp-content\/uploads\/sites\/3\/2022\/08\/douglas-white.svg\" alt=\"douglas logo\" width=\"128\" height=\"72\" \/><\/p>\n\t\t\t\t<\/div>\n\t\t\t\n\t\t\t\t\t\t\t\n\t\t\t\t<div class=\"col flex-center\">\n\t\t\t\t\t<p><img loading=\"lazy\" decoding=\"async\" class=\"alignnone size-full wp-image-4290\" src=\"https:\/\/www.zenloop.com\/de\/wp-content\/uploads\/sites\/3\/2022\/08\/melitta-white.svg\" alt=\"melitta logo\" width=\"128\" height=\"72\" \/><\/p>\n\t\t\t\t<\/div>\n\t\t\t\n\t\t\t\t\t\t\t\n\t\t\t\t<div class=\"col flex-center\">\n\t\t\t\t\t<p><img loading=\"lazy\" decoding=\"async\" class=\"alignnone size-full wp-image-4288\" src=\"https:\/\/www.zenloop.com\/de\/wp-content\/uploads\/sites\/3\/2022\/08\/henkel-white.svg\" alt=\"henkel logo\" width=\"128\" height=\"72\" \/><\/p>\n\t\t\t\t<\/div>\n\t\t\t\n\t\t\t<\/div>\n\t\t\n\t<\/div>\n<\/section>\n\n<section         class=\"block-scores  no-margin padding-both\" style=\"background-color:#ecedef;color:#02193c;\" id=\"\"\n>\n\t<div class=\"container\">\n\t\t<h2 class=\"section-title\">Erstklassige Bewertungen f\u00fcr zenloop<\/h2>\n\t\t\t\t<div class=\"grid scores\" style=\"grid-template-columns:1fr 1fr 1fr 1fr 1fr 1fr\">\n\t\t\t\t\t\t\t\t\t\t\t\t<div class=\"col\">\n\t\t\t\t\t\t<img loading=\"lazy\" decoding=\"async\" width=\"128\" height=\"32\" src=\"https:\/\/www.zenloop.com\/de\/wp-content\/uploads\/sites\/3\/2022\/03\/trustpilot-zenloop-review.svg\" class=\"attachment-full size-full\" alt=\"\" \/>\t\t\t\t\t\t<div class=\"rating\">4,3 \/ 5<\/div>\n\t\t\t\t\t\t<div class=\"stars\">\n\t\t\t\t\t\t\t\t\t\t\t\t\t\t<img decoding=\"async\" src=\"\/wp-content\/themes\/toast\/assets\/images\/star-full.svg\" class=\"star \">\n\t\t\t\t\t\t\t\t\t\t\t\t\t\t<img decoding=\"async\" src=\"\/wp-content\/themes\/toast\/assets\/images\/star-full.svg\" class=\"star \">\n\t\t\t\t\t\t\t\t\t\t\t\t\t\t<img decoding=\"async\" src=\"\/wp-content\/themes\/toast\/assets\/images\/star-full.svg\" class=\"star \">\n\t\t\t\t\t\t\t\t\t\t\t\t\t\t<img decoding=\"async\" src=\"\/wp-content\/themes\/toast\/assets\/images\/star-full.svg\" class=\"star \">\n\t\t\t\t\t\t\t\t\t\t\t\t\t\t<img decoding=\"async\" src=\"\/wp-content\/themes\/toast\/assets\/images\/star-full.svg\" class=\"star uncheck\">\n\t\t\t\t\t\t\t\t\t\t\t\t\t<\/div>\n\t\t\t\t\t<\/div>\n\t\t\t\t\t\t\t\t\t<div class=\"col\">\n\t\t\t\t\t\t<img loading=\"lazy\" decoding=\"async\" width=\"128\" height=\"32\" src=\"https:\/\/www.zenloop.com\/de\/wp-content\/uploads\/sites\/3\/2022\/03\/capterra-zenloop-review.svg\" class=\"attachment-full size-full\" alt=\"\" \/>\t\t\t\t\t\t<div class=\"rating\">4,9 \/ 5<\/div>\n\t\t\t\t\t\t<div class=\"stars\">\n\t\t\t\t\t\t\t\t\t\t\t\t\t\t<img decoding=\"async\" src=\"\/wp-content\/themes\/toast\/assets\/images\/star-full.svg\" class=\"star \">\n\t\t\t\t\t\t\t\t\t\t\t\t\t\t<img decoding=\"async\" src=\"\/wp-content\/themes\/toast\/assets\/images\/star-full.svg\" class=\"star \">\n\t\t\t\t\t\t\t\t\t\t\t\t\t\t<img decoding=\"async\" src=\"\/wp-content\/themes\/toast\/assets\/images\/star-full.svg\" class=\"star \">\n\t\t\t\t\t\t\t\t\t\t\t\t\t\t<img decoding=\"async\" src=\"\/wp-content\/themes\/toast\/assets\/images\/star-full.svg\" class=\"star \">\n\t\t\t\t\t\t\t\t\t\t\t\t\t\t<img decoding=\"async\" src=\"\/wp-content\/themes\/toast\/assets\/images\/star-full.svg\" class=\"star \">\n\t\t\t\t\t\t\t\t\t\t\t\t\t<\/div>\n\t\t\t\t\t<\/div>\n\t\t\t\t\t\t\t\t\t<div class=\"col\">\n\t\t\t\t\t\t<img loading=\"lazy\" decoding=\"async\" width=\"128\" height=\"32\" src=\"https:\/\/www.zenloop.com\/de\/wp-content\/uploads\/sites\/3\/2022\/03\/getapp-zenloop-review.svg\" class=\"attachment-full size-full\" alt=\"\" \/>\t\t\t\t\t\t<div class=\"rating\">4,9 \/ 5<\/div>\n\t\t\t\t\t\t<div class=\"stars\">\n\t\t\t\t\t\t\t\t\t\t\t\t\t\t<img decoding=\"async\" src=\"\/wp-content\/themes\/toast\/assets\/images\/star-full.svg\" class=\"star \">\n\t\t\t\t\t\t\t\t\t\t\t\t\t\t<img decoding=\"async\" src=\"\/wp-content\/themes\/toast\/assets\/images\/star-full.svg\" class=\"star \">\n\t\t\t\t\t\t\t\t\t\t\t\t\t\t<img decoding=\"async\" src=\"\/wp-content\/themes\/toast\/assets\/images\/star-full.svg\" class=\"star \">\n\t\t\t\t\t\t\t\t\t\t\t\t\t\t<img decoding=\"async\" src=\"\/wp-content\/themes\/toast\/assets\/images\/star-full.svg\" class=\"star \">\n\t\t\t\t\t\t\t\t\t\t\t\t\t\t<img decoding=\"async\" src=\"\/wp-content\/themes\/toast\/assets\/images\/star-full.svg\" class=\"star \">\n\t\t\t\t\t\t\t\t\t\t\t\t\t<\/div>\n\t\t\t\t\t<\/div>\n\t\t\t\t\t\t\t\t\t<div class=\"col\">\n\t\t\t\t\t\t<img loading=\"lazy\" decoding=\"async\" width=\"128\" height=\"32\" src=\"https:\/\/www.zenloop.com\/de\/wp-content\/uploads\/sites\/3\/2022\/03\/financesonline-zenloop-review.svg\" class=\"attachment-full size-full\" alt=\"\" \/>\t\t\t\t\t\t<div class=\"rating\">4,0 \/ 5<\/div>\n\t\t\t\t\t\t<div class=\"stars\">\n\t\t\t\t\t\t\t\t\t\t\t\t\t\t<img decoding=\"async\" src=\"\/wp-content\/themes\/toast\/assets\/images\/star-full.svg\" class=\"star \">\n\t\t\t\t\t\t\t\t\t\t\t\t\t\t<img decoding=\"async\" src=\"\/wp-content\/themes\/toast\/assets\/images\/star-full.svg\" class=\"star \">\n\t\t\t\t\t\t\t\t\t\t\t\t\t\t<img decoding=\"async\" src=\"\/wp-content\/themes\/toast\/assets\/images\/star-full.svg\" class=\"star \">\n\t\t\t\t\t\t\t\t\t\t\t\t\t\t<img decoding=\"async\" src=\"\/wp-content\/themes\/toast\/assets\/images\/star-full.svg\" class=\"star \">\n\t\t\t\t\t\t\t\t\t\t\t\t\t\t<img decoding=\"async\" src=\"\/wp-content\/themes\/toast\/assets\/images\/star-full.svg\" class=\"star uncheck\">\n\t\t\t\t\t\t\t\t\t\t\t\t\t<\/div>\n\t\t\t\t\t<\/div>\n\t\t\t\t\t\t\t\t\t<div class=\"col\">\n\t\t\t\t\t\t<img loading=\"lazy\" decoding=\"async\" width=\"128\" height=\"32\" src=\"https:\/\/www.zenloop.com\/de\/wp-content\/uploads\/sites\/3\/2022\/03\/google-zenloop-review.svg\" class=\"attachment-full size-full\" alt=\"\" \/>\t\t\t\t\t\t<div class=\"rating\">5\/5<\/div>\n\t\t\t\t\t\t<div class=\"stars\">\n\t\t\t\t\t\t\t\t\t\t\t\t\t\t<img decoding=\"async\" src=\"\/wp-content\/themes\/toast\/assets\/images\/star-full.svg\" class=\"star \">\n\t\t\t\t\t\t\t\t\t\t\t\t\t\t<img decoding=\"async\" src=\"\/wp-content\/themes\/toast\/assets\/images\/star-full.svg\" class=\"star \">\n\t\t\t\t\t\t\t\t\t\t\t\t\t\t<img decoding=\"async\" src=\"\/wp-content\/themes\/toast\/assets\/images\/star-full.svg\" class=\"star \">\n\t\t\t\t\t\t\t\t\t\t\t\t\t\t<img decoding=\"async\" src=\"\/wp-content\/themes\/toast\/assets\/images\/star-full.svg\" class=\"star \">\n\t\t\t\t\t\t\t\t\t\t\t\t\t\t<img decoding=\"async\" src=\"\/wp-content\/themes\/toast\/assets\/images\/star-full.svg\" class=\"star \">\n\t\t\t\t\t\t\t\t\t\t\t\t\t<\/div>\n\t\t\t\t\t<\/div>\n\t\t\t\t\t\t\t\t\t<div class=\"col\">\n\t\t\t\t\t\t<img loading=\"lazy\" decoding=\"async\" width=\"128\" height=\"32\" src=\"https:\/\/www.zenloop.com\/de\/wp-content\/uploads\/sites\/3\/2022\/03\/g2-crowd-zenloop-review.svg\" class=\"attachment-full size-full\" alt=\"\" \/>\t\t\t\t\t\t<div class=\"rating\">4,8 \/ 5<\/div>\n\t\t\t\t\t\t<div class=\"stars\">\n\t\t\t\t\t\t\t\t\t\t\t\t\t\t<img decoding=\"async\" src=\"\/wp-content\/themes\/toast\/assets\/images\/star-full.svg\" class=\"star \">\n\t\t\t\t\t\t\t\t\t\t\t\t\t\t<img decoding=\"async\" src=\"\/wp-content\/themes\/toast\/assets\/images\/star-full.svg\" class=\"star \">\n\t\t\t\t\t\t\t\t\t\t\t\t\t\t<img decoding=\"async\" src=\"\/wp-content\/themes\/toast\/assets\/images\/star-full.svg\" class=\"star \">\n\t\t\t\t\t\t\t\t\t\t\t\t\t\t<img decoding=\"async\" src=\"\/wp-content\/themes\/toast\/assets\/images\/star-full.svg\" class=\"star \">\n\t\t\t\t\t\t\t\t\t\t\t\t\t\t<img decoding=\"async\" src=\"\/wp-content\/themes\/toast\/assets\/images\/star-full.svg\" class=\"star \">\n\t\t\t\t\t\t\t\t\t\t\t\t\t<\/div>\n\t\t\t\t\t<\/div>\n\t\t\t\t\t\t\t\t\t<\/div>\n\t<\/div>\n<\/section>\n\n<section         class=\"block-spalten bottom-panel no-margin small-padding-top\" style=\"background-color:#ffffff;\" id=\"\"\n>\n\t<div class=\"container\">\n\t\t\n\t\t\t\t\n\t\t<div class=\"grid\" style=\"grid-template-columns:\t7fr 5fr\">\t\t\t\t\n\t\t\t\t<div class=\"col \">\n\t\t\t\t\t<h2>Interesse an starker Kundenbindung mit zenloop?<\/h2>\n<p><a class=\"button\" href=\"\/de\/kontakt\">Kontakt aufnehmen<\/a><\/p>\n\t\t\t\t<\/div>\n\t\t\t\n\t\t\t\t\t\t\t\n\t\t\t\t<div class=\"col \">\n\t\t\t\t\t<p><img loading=\"lazy\" decoding=\"async\" class=\"aligncenter size-full wp-image-1431\" src=\"https:\/\/www.zenloop.com\/de\/wp-content\/uploads\/2022\/03\/person_white_bg-e1647443728944.jpg\" alt=\"\" width=\"940\" height=\"761\" \/><\/p>\n\t\t\t\t<\/div>\n\t\t\t\n\t\t\t<\/div>\n\t\t\n\t<\/div>\n<\/section>","protected":false},"excerpt":{"rendered":"","protected":false},"author":2,"featured_media":3463,"parent":0,"menu_order":0,"comment_status":"closed","ping_status":"closed","template":"","meta":{"_acf_changed":true,"inline_featured_image":false,"footnotes":""},"class_list":["post-2458","page","type-page","status-publish","has-post-thumbnail","hentry"],"acf":[],"yoast_head":"<!-- This site is optimized with the Yoast SEO Premium plugin v21.6 (Yoast SEO v27.4) - https:\/\/yoast.com\/product\/yoast-seo-premium-wordpress\/ -->\n<title>Solution Partner \u00dcberblick | zenloop<\/title>\n<meta name=\"description\" content=\"Kundenbed\u00fcrfnisse in den Mittelpunkt stellen. Gemeinsam mit unseren Solution Partnern meistern wir die technologischen Herausforderungen der Zukunft.\" \/>\n<meta name=\"robots\" content=\"index, follow, max-snippet:-1, max-image-preview:large, max-video-preview:-1\" \/>\n<link rel=\"canonical\" href=\"https:\/\/www.zenloop.com\/de\/solution-partner\/\" \/>\n<meta property=\"og:locale\" content=\"de_DE\" \/>\n<meta property=\"og:type\" content=\"article\" \/>\n<meta property=\"og:title\" content=\"Solution Partners\" \/>\n<meta property=\"og:description\" content=\"Kundenbed\u00fcrfnisse in den Mittelpunkt stellen. Gemeinsam mit unseren Solution Partnern meistern wir die technologischen Herausforderungen der Zukunft.\" \/>\n<meta property=\"og:url\" content=\"https:\/\/www.zenloop.com\/de\/solution-partner\/\" \/>\n<meta property=\"og:site_name\" content=\"zenloop\" \/>\n<meta property=\"article:publisher\" content=\"https:\/\/www.facebook.com\/zenloop\/\" \/>\n<meta property=\"article:modified_time\" content=\"2025-07-22T08:59:53+00:00\" \/>\n<meta property=\"og:image\" content=\"https:\/\/www.zenloop.com\/de\/wp-content\/uploads\/sites\/3\/2022\/03\/article-promoters-preview.jpg\" \/>\n\t<meta property=\"og:image:width\" content=\"1200\" \/>\n\t<meta property=\"og:image:height\" content=\"628\" \/>\n\t<meta property=\"og:image:type\" content=\"image\/jpeg\" \/>\n<meta name=\"twitter:card\" content=\"summary_large_image\" \/>\n<meta name=\"twitter:site\" content=\"@zenloopHQ\" \/>\n<meta name=\"twitter:label1\" content=\"Gesch\u00e4tzte Lesezeit\" \/>\n\t<meta name=\"twitter:data1\" content=\"11 Minuten\" \/>\n<script type=\"application\/ld+json\" class=\"yoast-schema-graph\">{\"@context\":\"https:\\\/\\\/schema.org\",\"@graph\":[{\"@type\":\"WebPage\",\"@id\":\"https:\\\/\\\/www.zenloop.com\\\/de\\\/solution-partner\\\/\",\"url\":\"https:\\\/\\\/www.zenloop.com\\\/de\\\/solution-partner\\\/\",\"name\":\"Solution Partner \u00dcberblick | zenloop\",\"isPartOf\":{\"@id\":\"https:\\\/\\\/www.zenloop.com\\\/de\\\/#website\"},\"primaryImageOfPage\":{\"@id\":\"https:\\\/\\\/www.zenloop.com\\\/de\\\/solution-partner\\\/#primaryimage\"},\"image\":{\"@id\":\"https:\\\/\\\/www.zenloop.com\\\/de\\\/solution-partner\\\/#primaryimage\"},\"thumbnailUrl\":\"https:\\\/\\\/www.zenloop.com\\\/de\\\/wp-content\\\/uploads\\\/sites\\\/3\\\/2022\\\/04\\\/energy-logo-zenloop.svg\",\"datePublished\":\"2022-03-23T16:36:56+00:00\",\"dateModified\":\"2025-07-22T08:59:53+00:00\",\"description\":\"Kundenbed\u00fcrfnisse in den Mittelpunkt stellen. Gemeinsam mit unseren Solution Partnern meistern wir die technologischen Herausforderungen der Zukunft.\",\"inLanguage\":\"de-DE\",\"potentialAction\":[{\"@type\":\"ReadAction\",\"target\":[\"https:\\\/\\\/www.zenloop.com\\\/de\\\/solution-partner\\\/\"]}]},{\"@type\":\"ImageObject\",\"inLanguage\":\"de-DE\",\"@id\":\"https:\\\/\\\/www.zenloop.com\\\/de\\\/solution-partner\\\/#primaryimage\",\"url\":\"https:\\\/\\\/www.zenloop.com\\\/de\\\/wp-content\\\/uploads\\\/sites\\\/3\\\/2022\\\/04\\\/energy-logo-zenloop.svg\",\"contentUrl\":\"https:\\\/\\\/www.zenloop.com\\\/de\\\/wp-content\\\/uploads\\\/sites\\\/3\\\/2022\\\/04\\\/energy-logo-zenloop.svg\",\"width\":129,\"height\":72,\"caption\":\"energy-logo-zenloop\"},{\"@type\":\"WebSite\",\"@id\":\"https:\\\/\\\/www.zenloop.com\\\/de\\\/#website\",\"url\":\"https:\\\/\\\/www.zenloop.com\\\/de\\\/\",\"name\":\"zenloop\",\"description\":\"Customer Experience Management und Action Management\",\"publisher\":{\"@id\":\"https:\\\/\\\/www.zenloop.com\\\/de\\\/#organization\"},\"potentialAction\":[{\"@type\":\"SearchAction\",\"target\":{\"@type\":\"EntryPoint\",\"urlTemplate\":\"https:\\\/\\\/www.zenloop.com\\\/de\\\/?s={search_term_string}\"},\"query-input\":{\"@type\":\"PropertyValueSpecification\",\"valueRequired\":true,\"valueName\":\"search_term_string\"}}],\"inLanguage\":\"de-DE\"},{\"@type\":\"Organization\",\"@id\":\"https:\\\/\\\/www.zenloop.com\\\/de\\\/#organization\",\"name\":\"zenloop\",\"url\":\"https:\\\/\\\/www.zenloop.com\\\/de\\\/\",\"logo\":{\"@type\":\"ImageObject\",\"inLanguage\":\"de-DE\",\"@id\":\"https:\\\/\\\/www.zenloop.com\\\/de\\\/#\\\/schema\\\/logo\\\/image\\\/\",\"url\":\"https:\\\/\\\/www.zenloop.com\\\/de\\\/wp-content\\\/uploads\\\/sites\\\/3\\\/2022\\\/03\\\/zenloop-2.svg\",\"contentUrl\":\"https:\\\/\\\/www.zenloop.com\\\/de\\\/wp-content\\\/uploads\\\/sites\\\/3\\\/2022\\\/03\\\/zenloop-2.svg\",\"width\":129,\"height\":72,\"caption\":\"zenloop\"},\"image\":{\"@id\":\"https:\\\/\\\/www.zenloop.com\\\/de\\\/#\\\/schema\\\/logo\\\/image\\\/\"},\"sameAs\":[\"https:\\\/\\\/www.facebook.com\\\/zenloop\\\/\",\"https:\\\/\\\/x.com\\\/zenloopHQ\",\"https:\\\/\\\/www.linkedin.com\\\/company\\\/zenloop\",\"https:\\\/\\\/www.instagram.com\\\/zenloophq\\\/\",\"https:\\\/\\\/www.youtube.com\\\/channel\\\/UCJDQprWMAcIesSAcawVIcsw\"]}]}<\/script>\n<!-- \/ Yoast SEO Premium plugin. -->","yoast_head_json":{"title":"Solution Partner \u00dcberblick | zenloop","description":"Kundenbed\u00fcrfnisse in den Mittelpunkt stellen. Gemeinsam mit unseren Solution Partnern meistern wir die technologischen Herausforderungen der Zukunft.","robots":{"index":"index","follow":"follow","max-snippet":"max-snippet:-1","max-image-preview":"max-image-preview:large","max-video-preview":"max-video-preview:-1"},"canonical":"https:\/\/www.zenloop.com\/de\/solution-partner\/","og_locale":"de_DE","og_type":"article","og_title":"Solution Partners","og_description":"Kundenbed\u00fcrfnisse in den Mittelpunkt stellen. Gemeinsam mit unseren Solution Partnern meistern wir die technologischen Herausforderungen der Zukunft.","og_url":"https:\/\/www.zenloop.com\/de\/solution-partner\/","og_site_name":"zenloop","article_publisher":"https:\/\/www.facebook.com\/zenloop\/","article_modified_time":"2025-07-22T08:59:53+00:00","og_image":[{"width":1200,"height":628,"url":"https:\/\/www.zenloop.com\/de\/wp-content\/uploads\/sites\/3\/2022\/03\/article-promoters-preview.jpg","type":"image\/jpeg"}],"twitter_card":"summary_large_image","twitter_site":"@zenloopHQ","twitter_misc":{"Gesch\u00e4tzte Lesezeit":"11 Minuten"},"schema":{"@context":"https:\/\/schema.org","@graph":[{"@type":"WebPage","@id":"https:\/\/www.zenloop.com\/de\/solution-partner\/","url":"https:\/\/www.zenloop.com\/de\/solution-partner\/","name":"Solution Partner \u00dcberblick | zenloop","isPartOf":{"@id":"https:\/\/www.zenloop.com\/de\/#website"},"primaryImageOfPage":{"@id":"https:\/\/www.zenloop.com\/de\/solution-partner\/#primaryimage"},"image":{"@id":"https:\/\/www.zenloop.com\/de\/solution-partner\/#primaryimage"},"thumbnailUrl":"https:\/\/www.zenloop.com\/de\/wp-content\/uploads\/sites\/3\/2022\/04\/energy-logo-zenloop.svg","datePublished":"2022-03-23T16:36:56+00:00","dateModified":"2025-07-22T08:59:53+00:00","description":"Kundenbed\u00fcrfnisse in den Mittelpunkt stellen. Gemeinsam mit unseren Solution Partnern meistern wir die technologischen Herausforderungen der Zukunft.","inLanguage":"de-DE","potentialAction":[{"@type":"ReadAction","target":["https:\/\/www.zenloop.com\/de\/solution-partner\/"]}]},{"@type":"ImageObject","inLanguage":"de-DE","@id":"https:\/\/www.zenloop.com\/de\/solution-partner\/#primaryimage","url":"https:\/\/www.zenloop.com\/de\/wp-content\/uploads\/sites\/3\/2022\/04\/energy-logo-zenloop.svg","contentUrl":"https:\/\/www.zenloop.com\/de\/wp-content\/uploads\/sites\/3\/2022\/04\/energy-logo-zenloop.svg","width":129,"height":72,"caption":"energy-logo-zenloop"},{"@type":"WebSite","@id":"https:\/\/www.zenloop.com\/de\/#website","url":"https:\/\/www.zenloop.com\/de\/","name":"zenloop","description":"Customer Experience Management und Action Management","publisher":{"@id":"https:\/\/www.zenloop.com\/de\/#organization"},"potentialAction":[{"@type":"SearchAction","target":{"@type":"EntryPoint","urlTemplate":"https:\/\/www.zenloop.com\/de\/?s={search_term_string}"},"query-input":{"@type":"PropertyValueSpecification","valueRequired":true,"valueName":"search_term_string"}}],"inLanguage":"de-DE"},{"@type":"Organization","@id":"https:\/\/www.zenloop.com\/de\/#organization","name":"zenloop","url":"https:\/\/www.zenloop.com\/de\/","logo":{"@type":"ImageObject","inLanguage":"de-DE","@id":"https:\/\/www.zenloop.com\/de\/#\/schema\/logo\/image\/","url":"https:\/\/www.zenloop.com\/de\/wp-content\/uploads\/sites\/3\/2022\/03\/zenloop-2.svg","contentUrl":"https:\/\/www.zenloop.com\/de\/wp-content\/uploads\/sites\/3\/2022\/03\/zenloop-2.svg","width":129,"height":72,"caption":"zenloop"},"image":{"@id":"https:\/\/www.zenloop.com\/de\/#\/schema\/logo\/image\/"},"sameAs":["https:\/\/www.facebook.com\/zenloop\/","https:\/\/x.com\/zenloopHQ","https:\/\/www.linkedin.com\/company\/zenloop","https:\/\/www.instagram.com\/zenloophq\/","https:\/\/www.youtube.com\/channel\/UCJDQprWMAcIesSAcawVIcsw"]}]}},"_links":{"self":[{"href":"https:\/\/www.zenloop.com\/de\/wp-json\/wp\/v2\/pages\/2458","targetHints":{"allow":["GET"]}}],"collection":[{"href":"https:\/\/www.zenloop.com\/de\/wp-json\/wp\/v2\/pages"}],"about":[{"href":"https:\/\/www.zenloop.com\/de\/wp-json\/wp\/v2\/types\/page"}],"author":[{"embeddable":true,"href":"https:\/\/www.zenloop.com\/de\/wp-json\/wp\/v2\/users\/2"}],"replies":[{"embeddable":true,"href":"https:\/\/www.zenloop.com\/de\/wp-json\/wp\/v2\/comments?post=2458"}],"version-history":[{"count":0,"href":"https:\/\/www.zenloop.com\/de\/wp-json\/wp\/v2\/pages\/2458\/revisions"}],"wp:featuredmedia":[{"embeddable":true,"href":"https:\/\/www.zenloop.com\/de\/wp-json\/wp\/v2\/media\/3463"}],"wp:attachment":[{"href":"https:\/\/www.zenloop.com\/de\/wp-json\/wp\/v2\/media?parent=2458"}],"curies":[{"name":"wp","href":"https:\/\/api.w.org\/{rel}","templated":true}]}}