{"id":1944,"date":"2022-03-18T17:11:39","date_gmt":"2022-03-18T17:11:39","guid":{"rendered":"http:\/\/yhs.uyx.mybluehost.me\/de\/?page_id=1944"},"modified":"2024-07-08T10:22:15","modified_gmt":"2024-07-08T10:22:15","slug":"zendesk","status":"publish","type":"page","link":"https:\/\/www.zenloop.com\/de\/partner\/zendesk\/","title":{"rendered":"Zendesk + zenloop"},"content":{"rendered":"<section         class=\"block-hero partners-header margin-bottom padding-both\" style=\"background-image:url('');\" id=\"\"\n>\n\t<div class=\"container\">\n\t\t\n\t\t\n\t\t<div class=\"grid \" style=\"grid-template-columns:1fr 1fr\">\n\t\t\t<div class=\"col flex-center\">\n\t\t\t\t\t\t\t\t\t\t\t\t\t\t\t\t<h1>Zendesk + zenloop<\/h1>\n\t\t\t\t\t\t\t\t\t\t\t\t\t\t\t\t\t\t\t\t\t\t\t\t\t\t\t\t\t<h4>Via Zendesk Login und zenloop Kundenbindung automatisieren<\/h4>\n\t\t\t\t\t\t\t\t\t\t\t\t\t\t\t\t<p class=\"small-text\">Zendesk bietet eine skalierbare und Cloud-basierte Helpdesk-Ticketing, Self-Service und Kundenservice Plattform f\u00fcr Unternehmen alle Branchen. Nach dem Zendesk Login ist die zenloop App \u00fcber die API abrufbar. Mit der App lassen sich benutzerdefinierte Warnmeldungen, Benachrichtigungen und kritische Fehler an autorisierte Mitarbeiter senden, was R\u00fcckgewinnungsma\u00dfnahmen beschleunigt.\r\n\r\n\r\n<\/p>\n\n\t\t\t\t\t\t\t\t\t\t\n\t\t\t\t<\/div>\n\t\t\t\t<div class=\"col flex-center image-side \">\n\t\t\t\t\t\t\t\t\t\t\t<img loading=\"lazy\" decoding=\"async\" width=\"940\" height=\"700\" src=\"https:\/\/www.zenloop.com\/de\/wp-content\/uploads\/sites\/3\/2022\/03\/new-page-header-zendesk.jpg\" class=\"attachment-full size-full\" alt=\"new-page-header-zendesk\" srcset=\"https:\/\/www.zenloop.com\/de\/wp-content\/uploads\/sites\/3\/2022\/03\/new-page-header-zendesk.jpg 940w, https:\/\/www.zenloop.com\/de\/wp-content\/uploads\/sites\/3\/2022\/03\/new-page-header-zendesk-300x223.jpg 300w, https:\/\/www.zenloop.com\/de\/wp-content\/uploads\/sites\/3\/2022\/03\/new-page-header-zendesk-768x572.jpg 768w\" sizes=\"auto, (max-width: 940px) 100vw, 940px\" \/>\t\t\t\t\t\t\t\t\t<\/div>\n\t\t\t<\/div>\n\t\t<\/div>\n<\/section>\n\n<section         class=\"block-spalten partners-image-left margin-both no-padding\" style=\"background-image:url('');\" id=\"\"\n>\n\t<div class=\"container\">\n\t\t\n\t\t\t\t\n\t\t<div class=\"grid\" style=\"grid-template-columns:\trepeat( 2, 1fr)\">\t\t\t\t\n\t\t\t\t<div class=\"col flex-center\">\n\t\t\t\t\t<p><img loading=\"lazy\" decoding=\"async\" class=\"aligncenter size-full wp-image-1946\" src=\"https:\/\/zenloop1.wpengine.com\/de\/wp-content\/uploads\/2022\/03\/zendesk-Partner-Graphic-1-Automatisierte-Tickets.jpg\" alt=\"zendesk-Partner-Graphic-1-Automatisierte-Tickets\" width=\"1080\" height=\"728\" srcset=\"https:\/\/www.zenloop.com\/de\/wp-content\/uploads\/sites\/3\/2022\/03\/zendesk-Partner-Graphic-1-Automatisierte-Tickets.jpg 1080w, https:\/\/www.zenloop.com\/de\/wp-content\/uploads\/sites\/3\/2022\/03\/zendesk-Partner-Graphic-1-Automatisierte-Tickets-300x202.jpg 300w, https:\/\/www.zenloop.com\/de\/wp-content\/uploads\/sites\/3\/2022\/03\/zendesk-Partner-Graphic-1-Automatisierte-Tickets-1024x690.jpg 1024w, https:\/\/www.zenloop.com\/de\/wp-content\/uploads\/sites\/3\/2022\/03\/zendesk-Partner-Graphic-1-Automatisierte-Tickets-768x518.jpg 768w\" sizes=\"auto, (max-width: 1080px) 100vw, 1080px\" \/><\/p>\n\t\t\t\t<\/div>\n\t\t\t\n\t\t\t\t\t\t\t\n\t\t\t\t<div class=\"col flex-center\">\n\t\t\t\t\t<h2>Mit automatisierten Tickets Kunden zur\u00fcckgewinnen<\/h2>\n<p>Die zenloop Integration mit Zendesk erm\u00f6glicht es, neue Tickets automatisch erstellen zu lassen, sobald kritisches Kundenfeedback eingeht. Der Kundensupport kann somit ohne Zeitverz\u00f6gerung unzufriedene Kunden ansprechen und R\u00fcckgewinnungsma\u00dfnahmen einleiten.<\/p>\n\t\t\t\t<\/div>\n\t\t\t\n\t\t\t<\/div>\n\t\t\n\t<\/div>\n<\/section>\n\n<section         class=\"block-spalten partners-image-right margin-both no-padding\" style=\"background-image:url('');\" id=\"\"\n>\n\t<div class=\"container\">\n\t\t\n\t\t\t\t\n\t\t<div class=\"grid\" style=\"grid-template-columns:\trepeat( 2, 1fr)\">\t\t\t\t\n\t\t\t\t<div class=\"col flex-center\">\n\t\t\t\t\t<h2>Alerts benachrichtigen Mitarbeiter zu kritischen Kunden<\/h2>\n<p>\u201eAlerts\u201d verschicken automatisch Ticket-Updates an Mitarbeiter, ohne in die zenloop-Anwendung wechseln zu m\u00fcssen. So werden Kundenfeedback und NPS\u00ae-Performance einfacher und schneller aufgearbeitet, da verantwortliche Kollegen bei auftretenden Problemen und Bugs sofort per Ticket alarmiert werden. So k\u00f6nnen sie entweder per Email oder Zendesk Chat direkt Kontakt aufnehmen.<\/p>\n\t\t\t\t<\/div>\n\t\t\t\n\t\t\t\t\t\t\t\n\t\t\t\t<div class=\"col flex-center\">\n\t\t\t\t\t<p><img loading=\"lazy\" decoding=\"async\" class=\"aligncenter size-full wp-image-1947\" src=\"https:\/\/zenloop1.wpengine.com\/de\/wp-content\/uploads\/2022\/03\/zendesk-Partner-Graphic-2-Alert-EN.jpg\" alt=\"zendesk-Partner-Graphic-2-Alert-EN\" width=\"1080\" height=\"894\" srcset=\"https:\/\/www.zenloop.com\/de\/wp-content\/uploads\/sites\/3\/2022\/03\/zendesk-Partner-Graphic-2-Alert-EN.jpg 1080w, https:\/\/www.zenloop.com\/de\/wp-content\/uploads\/sites\/3\/2022\/03\/zendesk-Partner-Graphic-2-Alert-EN-300x248.jpg 300w, https:\/\/www.zenloop.com\/de\/wp-content\/uploads\/sites\/3\/2022\/03\/zendesk-Partner-Graphic-2-Alert-EN-1024x848.jpg 1024w, https:\/\/www.zenloop.com\/de\/wp-content\/uploads\/sites\/3\/2022\/03\/zendesk-Partner-Graphic-2-Alert-EN-768x636.jpg 768w\" sizes=\"auto, (max-width: 1080px) 100vw, 1080px\" \/><\/p>\n\t\t\t\t<\/div>\n\t\t\t\n\t\t\t<\/div>\n\t\t\n\t<\/div>\n<\/section>\n\n<section         class=\"block-article-listings  no-margin padding-both\" style=\"background-color:#ecedef;\" id=\"\"\n>\n\t<div class=\"container\">\n\t\t<div class=\"article-listings-area\">\n\t\t\t<div class=\"six columns\">\n\t\t\t\t<h2>Help Center Articles<\/h2>\n\t\t\t\t<div class=\"article-listings\">\n\t\t\t\t\t\t\t\t\t\t\t\t\t\t\t\t\t\t<div class=\"article-listing\">\n\t\t\t\t\t\t\t\t<h5>Kurzanleitung: Einrichtung der zenloop API<\/h5>\n\t\t\t\t\t\t\t\t<div class=\"article-description\">Wie das Application Programming Interface von zenloop eingerichtet werden kann\r\n<\/div>\n\t\t\t\t\t\t\t\t<div class=\"article-data\">\n\t\t\t\t\t\t\t\t\t<div class=\"read-time\">1 Min. Lesezeit \/<\/div>\n\t\t\t\t\t\t\t\t\t<a href=\"https:\/\/docs.zenloop.com\/reference\"> Mehr erfahren ><\/a>\n\t\t\t\t\t\t\t\t<\/div>\n\t\t\t\t\t\t\t<\/div>\n\t\t\t\t\t\t\t\t\t\t\t\t\t\t\t\t\t\t\t\t\t\t\t\t<div class=\"article-listing\">\n\t\t\t\t\t\t\t\t<h5>Quick Guide: Connect\/disconnect Zendesk and zenloop<\/h5>\n\t\t\t\t\t\t\t\t<div class=\"article-description\">A step by step connection guide<\/div>\n\t\t\t\t\t\t\t\t<div class=\"article-data\">\n\t\t\t\t\t\t\t\t\t<div class=\"read-time\">3 Min. Lesezeit \/<\/div>\n\t\t\t\t\t\t\t\t\t<a href=\"https:\/\/support.zenloop.com\/en\/articles\/2015106-connect-your-zenloop-account-to-zendesk\">Mehr erfahren ><\/a>\n\t\t\t\t\t\t\t\t<\/div>\n\t\t\t\t\t\t\t<\/div>\n\t\t\t\t\t\t\t\t\t\t\t\t\t\t\t\t\t\t\t\t\t\t\t\t<div class=\"article-listing\">\n\t\t\t\t\t\t\t\t<h5>Quick Guide: Trigger zenloop surveys from Zendesk<\/h5>\n\t\t\t\t\t\t\t\t<div class=\"article-description\">How to gather customer feedback after Zendesk events<\/div>\n\t\t\t\t\t\t\t\t<div class=\"article-data\">\n\t\t\t\t\t\t\t\t\t<div class=\"read-time\">3 Min. Lesezeit \/<\/div>\n\t\t\t\t\t\t\t\t\t<a href=\"https:\/\/support.zenloop.com\/en\/articles\/4396738-trigger-zenloop-surveys-from-zendesk\"> Mehr erfahren ><\/a>\n\t\t\t\t\t\t\t\t<\/div>\n\t\t\t\t\t\t\t<\/div>\n\t\t\t\t\t\t\t\t\t\t\t\t\t\t\t<\/div>\n\t\t\t\t\n\t\t\t\t\t\t\t\t<a href=\"\/de\/blog\" class=\"button see-all\">Zur\u00fcck zur \u00dcbersichtsseite<\/a>\n\t\t\t\t\t\t\t\t\n\t\t\t<\/div>\n\t\t\t<div class=\"six columns align-right right-side\">\n\t\t\t\t<p><img loading=\"lazy\" decoding=\"async\" class=\"alignnone size-full wp-image-2801\" src=\"https:\/\/zenloop1.wpengine.com\/de\/wp-content\/uploads\/sites\/3\/2022\/04\/helpcenter-article-module-image.jpeg\" alt=\"\" width=\"860\" height=\"1030\" srcset=\"https:\/\/www.zenloop.com\/de\/wp-content\/uploads\/sites\/3\/2022\/04\/helpcenter-article-module-image.jpeg 860w, https:\/\/www.zenloop.com\/de\/wp-content\/uploads\/sites\/3\/2022\/04\/helpcenter-article-module-image-250x300.jpeg 250w, https:\/\/www.zenloop.com\/de\/wp-content\/uploads\/sites\/3\/2022\/04\/helpcenter-article-module-image-855x1024.jpeg 855w, https:\/\/www.zenloop.com\/de\/wp-content\/uploads\/sites\/3\/2022\/04\/helpcenter-article-module-image-768x920.jpeg 768w\" sizes=\"auto, (max-width: 860px) 100vw, 860px\" \/><\/p>\n\t\t\t<\/div>\n\t\t<\/div>\n\t<\/div>\n<\/section>\n\n<section         class=\"block-partners  no-margin padding-both\" style=\"background-image:url('');\" id=\"\"\n>\n\t\t<div class=\"container\">\n            <h2 class=\"section-title\">Weitere Technologie-Partner<\/h2>\t\t\t<div class=\"grid\" style=\"grid-template-columns:1fr 1fr 1fr 1fr\">\n                                    <a href=\"\/de\/partner\/dixa\" class=\"partner-listing\">\n                        <div class=\"image\"><img loading=\"lazy\" decoding=\"async\" width=\"64\" height=\"64\" src=\"https:\/\/www.zenloop.com\/de\/wp-content\/uploads\/sites\/3\/2022\/04\/dixa.svg\" class=\"attachment-full size-full\" alt=\"\" \/><\/div>\n                        <div class=\"partner-name\">Dixa<\/div>\n                    <\/a>\n                                    <a href=\"\/de\/partner\/paqato\" class=\"partner-listing\">\n                        <div class=\"image\"><img loading=\"lazy\" decoding=\"async\" width=\"64\" height=\"64\" src=\"https:\/\/www.zenloop.com\/de\/wp-content\/uploads\/sites\/3\/2022\/04\/paqato.svg\" class=\"attachment-full size-full\" alt=\"\" \/><\/div>\n                        <div class=\"partner-name\">Paqato<\/div>\n                    <\/a>\n                                    <a href=\"\/de\/partner\/contentsquare\" class=\"partner-listing\">\n                        <div class=\"image\"><img loading=\"lazy\" decoding=\"async\" width=\"64\" height=\"64\" src=\"https:\/\/www.zenloop.com\/de\/wp-content\/uploads\/sites\/3\/2022\/04\/contentsquare.svg\" class=\"attachment-full size-full\" alt=\"\" \/><\/div>\n                        <div class=\"partner-name\">Contentsquare<\/div>\n                    <\/a>\n                                    <a href=\"\/de\/partner\/freshdesk\" class=\"partner-listing\">\n                        <div class=\"image\"><img loading=\"lazy\" decoding=\"async\" width=\"60\" height=\"60\" src=\"https:\/\/www.zenloop.com\/de\/wp-content\/uploads\/sites\/3\/2022\/04\/integration-icon-freshdesk.svg\" class=\"attachment-full size-full\" alt=\"\" \/><\/div>\n                        <div class=\"partner-name\">Freshdesk<\/div>\n                    <\/a>\n                                    <a href=\"\/de\/partner\/dynamicyield\" class=\"partner-listing\">\n                        <div class=\"image\"><img loading=\"lazy\" decoding=\"async\" width=\"64\" height=\"64\" src=\"https:\/\/www.zenloop.com\/de\/wp-content\/uploads\/sites\/3\/2022\/04\/dynamicyield.svg\" class=\"attachment-full size-full\" alt=\"\" \/><\/div>\n                        <div class=\"partner-name\">Dynamic Yield<\/div>\n                    <\/a>\n                                    <a href=\"\/de\/partner\/parcellab\" class=\"partner-listing\">\n                        <div class=\"image\"><img loading=\"lazy\" decoding=\"async\" width=\"64\" height=\"64\" src=\"https:\/\/www.zenloop.com\/de\/wp-content\/uploads\/sites\/3\/2022\/04\/parcellab.svg\" class=\"attachment-full size-full\" alt=\"\" \/><\/div>\n                        <div class=\"partner-name\">parcelLab<\/div>\n                    <\/a>\n                                    <a href=\"\/de\/partner\/optilyz\" class=\"partner-listing\">\n                        <div class=\"image\"><img loading=\"lazy\" decoding=\"async\" width=\"64\" height=\"64\" src=\"https:\/\/www.zenloop.com\/de\/wp-content\/uploads\/sites\/3\/2022\/04\/optilyz.svg\" class=\"attachment-full size-full\" alt=\"\" \/><\/div>\n                        <div class=\"partner-name\">Optilyz<\/div>\n                    <\/a>\n                                    <a href=\"\/de\/partner\/parcelperform\" class=\"partner-listing\">\n                        <div class=\"image\"><img loading=\"lazy\" decoding=\"async\" width=\"64\" height=\"64\" src=\"https:\/\/www.zenloop.com\/de\/wp-content\/uploads\/sites\/3\/2022\/04\/parcelperform.svg\" class=\"attachment-full size-full\" alt=\"\" \/><\/div>\n                        <div class=\"partner-name\">Parcel Perform<\/div>\n                    <\/a>\n                                    <a href=\"\/de\/partner\/tradebyte\" class=\"partner-listing\">\n                        <div class=\"image\"><img loading=\"lazy\" decoding=\"async\" width=\"64\" height=\"64\" src=\"https:\/\/www.zenloop.com\/de\/wp-content\/uploads\/sites\/3\/2022\/04\/tradebyte.svg\" class=\"attachment-full size-full\" alt=\"\" \/><\/div>\n                        <div class=\"partner-name\">Tradebyte<\/div>\n                    <\/a>\n                                    <a href=\"\/de\/partner\/salesforce\" class=\"partner-listing\">\n                        <div class=\"image\"><img loading=\"lazy\" decoding=\"async\" width=\"64\" height=\"64\" src=\"https:\/\/www.zenloop.com\/de\/wp-content\/uploads\/sites\/3\/2022\/03\/salesforce-zenloop-integration.svg\" class=\"attachment-full size-full\" alt=\"\" \/><\/div>\n                        <div class=\"partner-name\">Salesforce<\/div>\n                    <\/a>\n                                    <a href=\"\/de\/partner\/styla\" class=\"partner-listing\">\n                        <div class=\"image\"><img loading=\"lazy\" decoding=\"async\" width=\"64\" height=\"64\" src=\"https:\/\/www.zenloop.com\/de\/wp-content\/uploads\/sites\/3\/2022\/04\/styla.svg\" class=\"attachment-full size-full\" alt=\"\" \/><\/div>\n                        <div class=\"partner-name\">Styla<\/div>\n                    <\/a>\n                                    <a href=\"\/de\/technology-partner\" class=\"partner-listing\">\n                        <div class=\"image\"><\/div>\n                        <div class=\"partner-name\"> &#8230;und viele mehr!<\/div>\n                    <\/a>\n                            <\/div>\n\t\t<\/div>\n<\/section>\n\n<section         class=\"block-spalten partners-footer-cta no-margin small-padding-top\" style=\"background-color:#ecedef;\" id=\"\"\n>\n\t<div class=\"container\">\n\t\t\n\t\t\t\t\n\t\t<div class=\"grid\" style=\"grid-template-columns:\t7fr 5fr\">\t\t\t\t\n\t\t\t\t<div class=\"col \">\n\t\t\t\t\t<h2>Die Vorteile von Zendesk und zenloop nutzen<\/h2>\n<p><a class=\"button\" href=\"\/de\/demo-anfragen\">Kostenfreie Beratung anfragen<\/a><\/p>\n\t\t\t\t<\/div>\n\t\t\t\n\t\t\t\t\t\t\t\n\t\t\t\t<div class=\"col \">\n\t\t\t\t\t<p><img loading=\"lazy\" decoding=\"async\" class=\"alignnone wp-image-859 size-full\" src=\"https:\/\/zenloop1.wpengine.com\/de\/wp-content\/uploads\/2022\/03\/person-e1646731098431.jpg\" alt=\"Demo module\" width=\"940\" height=\"761\" srcset=\"https:\/\/www.zenloop.com\/de\/wp-content\/uploads\/sites\/3\/2022\/03\/person-e1646731098431.jpg 940w, https:\/\/www.zenloop.com\/de\/wp-content\/uploads\/sites\/3\/2022\/03\/person-e1646731098431-300x243.jpg 300w, https:\/\/www.zenloop.com\/de\/wp-content\/uploads\/sites\/3\/2022\/03\/person-e1646731098431-768x622.jpg 768w\" sizes=\"auto, (max-width: 940px) 100vw, 940px\" \/><\/p>\n\t\t\t\t<\/div>\n\t\t\t\n\t\t\t<\/div>\n\t\t\n\t<\/div>\n<\/section>","protected":false},"excerpt":{"rendered":"","protected":false},"author":2,"featured_media":3463,"parent":840,"menu_order":0,"comment_status":"closed","ping_status":"closed","template":"","meta":{"_acf_changed":true,"inline_featured_image":false,"footnotes":""},"class_list":["post-1944","page","type-page","status-publish","has-post-thumbnail","hentry"],"acf":[],"yoast_head":"<!-- This site is optimized with the Yoast SEO Premium plugin v21.6 (Yoast SEO v27.4) - https:\/\/yoast.com\/product\/yoast-seo-premium-wordpress\/ -->\n<title>Via Zendesk Login und zenloop Kundenbindung automatisieren<\/title>\n<meta name=\"description\" content=\"Nach dem Zendesk Login Expertise von Zendesk und zenloop f\u00fcr leistungsstarke Kundeninteraktion nutzen \u2013 effizient, flexibel, f\u00fcr Shops aller Gr\u00f6\u00dfen.\" \/>\n<meta name=\"robots\" content=\"index, follow, max-snippet:-1, max-image-preview:large, max-video-preview:-1\" \/>\n<link rel=\"canonical\" href=\"https:\/\/www.zenloop.com\/de\/partner\/zendesk\/\" \/>\n<meta property=\"og:locale\" content=\"de_DE\" \/>\n<meta property=\"og:type\" content=\"article\" \/>\n<meta property=\"og:title\" content=\"Zendesk + zenloop\" \/>\n<meta property=\"og:description\" content=\"Nach dem Zendesk Login Expertise von Zendesk und zenloop f\u00fcr leistungsstarke Kundeninteraktion nutzen \u2013 effizient, flexibel, f\u00fcr Shops aller Gr\u00f6\u00dfen.\" \/>\n<meta property=\"og:url\" content=\"https:\/\/www.zenloop.com\/de\/partner\/zendesk\/\" \/>\n<meta property=\"og:site_name\" content=\"zenloop\" \/>\n<meta property=\"article:publisher\" content=\"https:\/\/www.facebook.com\/zenloop\/\" \/>\n<meta property=\"article:modified_time\" content=\"2024-07-08T10:22:15+00:00\" \/>\n<meta property=\"og:image\" content=\"https:\/\/www.zenloop.com\/de\/wp-content\/uploads\/sites\/3\/2022\/03\/article-promoters-preview.jpg\" \/>\n\t<meta property=\"og:image:width\" content=\"1200\" \/>\n\t<meta property=\"og:image:height\" content=\"628\" \/>\n\t<meta property=\"og:image:type\" content=\"image\/jpeg\" \/>\n<meta name=\"twitter:card\" content=\"summary_large_image\" \/>\n<meta name=\"twitter:site\" content=\"@zenloopHQ\" \/>\n<meta name=\"twitter:label1\" content=\"Gesch\u00e4tzte Lesezeit\" \/>\n\t<meta name=\"twitter:data1\" content=\"5 Minuten\" \/>\n<script type=\"application\/ld+json\" class=\"yoast-schema-graph\">{\"@context\":\"https:\\\/\\\/schema.org\",\"@graph\":[{\"@type\":\"WebPage\",\"@id\":\"https:\\\/\\\/www.zenloop.com\\\/de\\\/partner\\\/zendesk\\\/\",\"url\":\"https:\\\/\\\/www.zenloop.com\\\/de\\\/partner\\\/zendesk\\\/\",\"name\":\"Via Zendesk Login und zenloop Kundenbindung automatisieren\",\"isPartOf\":{\"@id\":\"https:\\\/\\\/www.zenloop.com\\\/de\\\/#website\"},\"primaryImageOfPage\":{\"@id\":\"https:\\\/\\\/www.zenloop.com\\\/de\\\/partner\\\/zendesk\\\/#primaryimage\"},\"image\":{\"@id\":\"https:\\\/\\\/www.zenloop.com\\\/de\\\/partner\\\/zendesk\\\/#primaryimage\"},\"thumbnailUrl\":\"https:\\\/\\\/www.zenloop.com\\\/de\\\/wp-content\\\/uploads\\\/sites\\\/3\\\/2022\\\/04\\\/energy-logo-zenloop.svg\",\"datePublished\":\"2022-03-18T17:11:39+00:00\",\"dateModified\":\"2024-07-08T10:22:15+00:00\",\"description\":\"Nach dem Zendesk Login Expertise von Zendesk und zenloop f\u00fcr leistungsstarke Kundeninteraktion nutzen \u2013 effizient, flexibel, f\u00fcr Shops aller Gr\u00f6\u00dfen.\",\"breadcrumb\":{\"@id\":\"https:\\\/\\\/www.zenloop.com\\\/de\\\/partner\\\/zendesk\\\/#breadcrumb\"},\"inLanguage\":\"de-DE\",\"potentialAction\":[{\"@type\":\"ReadAction\",\"target\":[\"https:\\\/\\\/www.zenloop.com\\\/de\\\/partner\\\/zendesk\\\/\"]}]},{\"@type\":\"ImageObject\",\"inLanguage\":\"de-DE\",\"@id\":\"https:\\\/\\\/www.zenloop.com\\\/de\\\/partner\\\/zendesk\\\/#primaryimage\",\"url\":\"https:\\\/\\\/www.zenloop.com\\\/de\\\/wp-content\\\/uploads\\\/sites\\\/3\\\/2022\\\/04\\\/energy-logo-zenloop.svg\",\"contentUrl\":\"https:\\\/\\\/www.zenloop.com\\\/de\\\/wp-content\\\/uploads\\\/sites\\\/3\\\/2022\\\/04\\\/energy-logo-zenloop.svg\",\"width\":129,\"height\":72,\"caption\":\"energy-logo-zenloop\"},{\"@type\":\"BreadcrumbList\",\"@id\":\"https:\\\/\\\/www.zenloop.com\\\/de\\\/partner\\\/zendesk\\\/#breadcrumb\",\"itemListElement\":[{\"@type\":\"ListItem\",\"position\":1,\"name\":\"zenloop Partner Community\",\"item\":\"https:\\\/\\\/www.zenloop.com\\\/de\\\/partner\\\/\"},{\"@type\":\"ListItem\",\"position\":2,\"name\":\"Zendesk + zenloop\"}]},{\"@type\":\"WebSite\",\"@id\":\"https:\\\/\\\/www.zenloop.com\\\/de\\\/#website\",\"url\":\"https:\\\/\\\/www.zenloop.com\\\/de\\\/\",\"name\":\"zenloop\",\"description\":\"Customer Experience Management und Action Management\",\"publisher\":{\"@id\":\"https:\\\/\\\/www.zenloop.com\\\/de\\\/#organization\"},\"potentialAction\":[{\"@type\":\"SearchAction\",\"target\":{\"@type\":\"EntryPoint\",\"urlTemplate\":\"https:\\\/\\\/www.zenloop.com\\\/de\\\/?s={search_term_string}\"},\"query-input\":{\"@type\":\"PropertyValueSpecification\",\"valueRequired\":true,\"valueName\":\"search_term_string\"}}],\"inLanguage\":\"de-DE\"},{\"@type\":\"Organization\",\"@id\":\"https:\\\/\\\/www.zenloop.com\\\/de\\\/#organization\",\"name\":\"zenloop\",\"url\":\"https:\\\/\\\/www.zenloop.com\\\/de\\\/\",\"logo\":{\"@type\":\"ImageObject\",\"inLanguage\":\"de-DE\",\"@id\":\"https:\\\/\\\/www.zenloop.com\\\/de\\\/#\\\/schema\\\/logo\\\/image\\\/\",\"url\":\"https:\\\/\\\/www.zenloop.com\\\/de\\\/wp-content\\\/uploads\\\/sites\\\/3\\\/2022\\\/03\\\/zenloop-2.svg\",\"contentUrl\":\"https:\\\/\\\/www.zenloop.com\\\/de\\\/wp-content\\\/uploads\\\/sites\\\/3\\\/2022\\\/03\\\/zenloop-2.svg\",\"width\":129,\"height\":72,\"caption\":\"zenloop\"},\"image\":{\"@id\":\"https:\\\/\\\/www.zenloop.com\\\/de\\\/#\\\/schema\\\/logo\\\/image\\\/\"},\"sameAs\":[\"https:\\\/\\\/www.facebook.com\\\/zenloop\\\/\",\"https:\\\/\\\/x.com\\\/zenloopHQ\",\"https:\\\/\\\/www.linkedin.com\\\/company\\\/zenloop\",\"https:\\\/\\\/www.instagram.com\\\/zenloophq\\\/\",\"https:\\\/\\\/www.youtube.com\\\/channel\\\/UCJDQprWMAcIesSAcawVIcsw\"]}]}<\/script>\n<!-- \/ Yoast SEO Premium plugin. -->","yoast_head_json":{"title":"Via Zendesk Login und zenloop Kundenbindung automatisieren","description":"Nach dem Zendesk Login Expertise von Zendesk und zenloop f\u00fcr leistungsstarke Kundeninteraktion nutzen \u2013 effizient, flexibel, f\u00fcr Shops aller Gr\u00f6\u00dfen.","robots":{"index":"index","follow":"follow","max-snippet":"max-snippet:-1","max-image-preview":"max-image-preview:large","max-video-preview":"max-video-preview:-1"},"canonical":"https:\/\/www.zenloop.com\/de\/partner\/zendesk\/","og_locale":"de_DE","og_type":"article","og_title":"Zendesk + zenloop","og_description":"Nach dem Zendesk Login Expertise von Zendesk und zenloop f\u00fcr leistungsstarke Kundeninteraktion nutzen \u2013 effizient, flexibel, f\u00fcr Shops aller Gr\u00f6\u00dfen.","og_url":"https:\/\/www.zenloop.com\/de\/partner\/zendesk\/","og_site_name":"zenloop","article_publisher":"https:\/\/www.facebook.com\/zenloop\/","article_modified_time":"2024-07-08T10:22:15+00:00","og_image":[{"width":1200,"height":628,"url":"https:\/\/www.zenloop.com\/de\/wp-content\/uploads\/sites\/3\/2022\/03\/article-promoters-preview.jpg","type":"image\/jpeg"}],"twitter_card":"summary_large_image","twitter_site":"@zenloopHQ","twitter_misc":{"Gesch\u00e4tzte Lesezeit":"5 Minuten"},"schema":{"@context":"https:\/\/schema.org","@graph":[{"@type":"WebPage","@id":"https:\/\/www.zenloop.com\/de\/partner\/zendesk\/","url":"https:\/\/www.zenloop.com\/de\/partner\/zendesk\/","name":"Via Zendesk Login und zenloop Kundenbindung automatisieren","isPartOf":{"@id":"https:\/\/www.zenloop.com\/de\/#website"},"primaryImageOfPage":{"@id":"https:\/\/www.zenloop.com\/de\/partner\/zendesk\/#primaryimage"},"image":{"@id":"https:\/\/www.zenloop.com\/de\/partner\/zendesk\/#primaryimage"},"thumbnailUrl":"https:\/\/www.zenloop.com\/de\/wp-content\/uploads\/sites\/3\/2022\/04\/energy-logo-zenloop.svg","datePublished":"2022-03-18T17:11:39+00:00","dateModified":"2024-07-08T10:22:15+00:00","description":"Nach dem Zendesk Login Expertise von Zendesk und zenloop f\u00fcr leistungsstarke Kundeninteraktion nutzen \u2013 effizient, flexibel, f\u00fcr Shops aller Gr\u00f6\u00dfen.","breadcrumb":{"@id":"https:\/\/www.zenloop.com\/de\/partner\/zendesk\/#breadcrumb"},"inLanguage":"de-DE","potentialAction":[{"@type":"ReadAction","target":["https:\/\/www.zenloop.com\/de\/partner\/zendesk\/"]}]},{"@type":"ImageObject","inLanguage":"de-DE","@id":"https:\/\/www.zenloop.com\/de\/partner\/zendesk\/#primaryimage","url":"https:\/\/www.zenloop.com\/de\/wp-content\/uploads\/sites\/3\/2022\/04\/energy-logo-zenloop.svg","contentUrl":"https:\/\/www.zenloop.com\/de\/wp-content\/uploads\/sites\/3\/2022\/04\/energy-logo-zenloop.svg","width":129,"height":72,"caption":"energy-logo-zenloop"},{"@type":"BreadcrumbList","@id":"https:\/\/www.zenloop.com\/de\/partner\/zendesk\/#breadcrumb","itemListElement":[{"@type":"ListItem","position":1,"name":"zenloop Partner Community","item":"https:\/\/www.zenloop.com\/de\/partner\/"},{"@type":"ListItem","position":2,"name":"Zendesk + zenloop"}]},{"@type":"WebSite","@id":"https:\/\/www.zenloop.com\/de\/#website","url":"https:\/\/www.zenloop.com\/de\/","name":"zenloop","description":"Customer Experience Management und Action Management","publisher":{"@id":"https:\/\/www.zenloop.com\/de\/#organization"},"potentialAction":[{"@type":"SearchAction","target":{"@type":"EntryPoint","urlTemplate":"https:\/\/www.zenloop.com\/de\/?s={search_term_string}"},"query-input":{"@type":"PropertyValueSpecification","valueRequired":true,"valueName":"search_term_string"}}],"inLanguage":"de-DE"},{"@type":"Organization","@id":"https:\/\/www.zenloop.com\/de\/#organization","name":"zenloop","url":"https:\/\/www.zenloop.com\/de\/","logo":{"@type":"ImageObject","inLanguage":"de-DE","@id":"https:\/\/www.zenloop.com\/de\/#\/schema\/logo\/image\/","url":"https:\/\/www.zenloop.com\/de\/wp-content\/uploads\/sites\/3\/2022\/03\/zenloop-2.svg","contentUrl":"https:\/\/www.zenloop.com\/de\/wp-content\/uploads\/sites\/3\/2022\/03\/zenloop-2.svg","width":129,"height":72,"caption":"zenloop"},"image":{"@id":"https:\/\/www.zenloop.com\/de\/#\/schema\/logo\/image\/"},"sameAs":["https:\/\/www.facebook.com\/zenloop\/","https:\/\/x.com\/zenloopHQ","https:\/\/www.linkedin.com\/company\/zenloop","https:\/\/www.instagram.com\/zenloophq\/","https:\/\/www.youtube.com\/channel\/UCJDQprWMAcIesSAcawVIcsw"]}]}},"_links":{"self":[{"href":"https:\/\/www.zenloop.com\/de\/wp-json\/wp\/v2\/pages\/1944","targetHints":{"allow":["GET"]}}],"collection":[{"href":"https:\/\/www.zenloop.com\/de\/wp-json\/wp\/v2\/pages"}],"about":[{"href":"https:\/\/www.zenloop.com\/de\/wp-json\/wp\/v2\/types\/page"}],"author":[{"embeddable":true,"href":"https:\/\/www.zenloop.com\/de\/wp-json\/wp\/v2\/users\/2"}],"replies":[{"embeddable":true,"href":"https:\/\/www.zenloop.com\/de\/wp-json\/wp\/v2\/comments?post=1944"}],"version-history":[{"count":0,"href":"https:\/\/www.zenloop.com\/de\/wp-json\/wp\/v2\/pages\/1944\/revisions"}],"up":[{"embeddable":true,"href":"https:\/\/www.zenloop.com\/de\/wp-json\/wp\/v2\/pages\/840"}],"wp:featuredmedia":[{"embeddable":true,"href":"https:\/\/www.zenloop.com\/de\/wp-json\/wp\/v2\/media\/3463"}],"wp:attachment":[{"href":"https:\/\/www.zenloop.com\/de\/wp-json\/wp\/v2\/media?parent=1944"}],"curies":[{"name":"wp","href":"https:\/\/api.w.org\/{rel}","templated":true}]}}