{"id":1933,"date":"2022-03-18T15:57:07","date_gmt":"2022-03-18T15:57:07","guid":{"rendered":"http:\/\/yhs.uyx.mybluehost.me\/de\/?page_id=1933"},"modified":"2022-04-25T10:15:15","modified_gmt":"2022-04-25T10:15:15","slug":"styla","status":"publish","type":"page","link":"https:\/\/www.zenloop.com\/de\/partner\/styla\/","title":{"rendered":"Styla + zenloop"},"content":{"rendered":"<section         class=\"block-hero partners-header margin-bottom padding-both\" style=\"background-image:url('');\" id=\"\"\n>\n\t<div class=\"container\">\n\t\t\n\t\t\n\t\t<div class=\"grid \" style=\"grid-template-columns:1fr 1fr\">\n\t\t\t<div class=\"col flex-center\">\n\t\t\t\t\t\t\t\t\t\t\t\t\t\t\t\t<h1>Styla + zenloop<\/h1>\n\t\t\t\t\t\t\t\t\t\t\t\t\t\t\t\t\t\t\t\t\t\t\t\t\t\t\t\t\t<h4>Erstklassige Customer Experiences mit dem Styla Experience Manager und zenloop<\/h4>\n\t\t\t\t\t\t\t\t\t\t\t\t\t\t\t\t<p class=\"small-text\">Mit dem Styla Experience Manager k\u00f6nnen E-Commerce Unternehmen automatisiert ein nahtloses Shoppingerlebnis kreieren und damit ihre digitale User Experience st\u00e4rken. In Kombination mit der Retentionplattform zenloop k\u00f6nnen Untermehmen das Kundenerlebnis nach dem Kauf verfolgen und messen und so die Kundenbindung nachhaltig steigern.\r\n\r\n\r\n<\/p>\n\n\t\t\t\t\t\t\t\t\t\t\n\t\t\t\t<\/div>\n\t\t\t\t<div class=\"col flex-center image-side \">\n\t\t\t\t\t\t\t\t\t\t\t<img loading=\"lazy\" decoding=\"async\" width=\"940\" height=\"700\" src=\"https:\/\/www.zenloop.com\/de\/wp-content\/uploads\/sites\/3\/2022\/03\/new-page-header-spryker.jpg\" class=\"attachment-full size-full\" alt=\"new-page-header-spryker\" srcset=\"https:\/\/www.zenloop.com\/de\/wp-content\/uploads\/sites\/3\/2022\/03\/new-page-header-spryker.jpg 940w, https:\/\/www.zenloop.com\/de\/wp-content\/uploads\/sites\/3\/2022\/03\/new-page-header-spryker-300x223.jpg 300w, https:\/\/www.zenloop.com\/de\/wp-content\/uploads\/sites\/3\/2022\/03\/new-page-header-spryker-768x572.jpg 768w\" sizes=\"auto, (max-width: 940px) 100vw, 940px\" \/>\t\t\t\t\t\t\t\t\t<\/div>\n\t\t\t<\/div>\n\t\t<\/div>\n<\/section>\n\n<section         class=\"block-spalten partners-image-left margin-both no-padding\" style=\"background-image:url('');\" id=\"\"\n>\n\t<div class=\"container\">\n\t\t\n\t\t\t\t\n\t\t<div class=\"grid\" style=\"grid-template-columns:\trepeat( 2, 1fr)\">\t\t\t\t\n\t\t\t\t<div class=\"col flex-center\">\n\t\t\t\t\t<p><img loading=\"lazy\" decoding=\"async\" class=\"aligncenter size-full wp-image-1912\" src=\"https:\/\/zenloop1.wpengine.com\/de\/wp-content\/uploads\/2022\/03\/Seven-Senders-Partner-LP-Graphic-3-Promoters.jpg\" alt=\"Seven-Senders-Partner-LP-Graphic-3-Promoters\" width=\"694\" height=\"536\" srcset=\"https:\/\/www.zenloop.com\/de\/wp-content\/uploads\/sites\/3\/2022\/03\/Seven-Senders-Partner-LP-Graphic-3-Promoters.jpg 694w, https:\/\/www.zenloop.com\/de\/wp-content\/uploads\/sites\/3\/2022\/03\/Seven-Senders-Partner-LP-Graphic-3-Promoters-300x232.jpg 300w\" sizes=\"auto, (max-width: 694px) 100vw, 694px\" \/><\/p>\n\t\t\t\t<\/div>\n\t\t\t\n\t\t\t\t\t\t\t\n\t\t\t\t<div class=\"col flex-center\">\n\t\t\t\t\t<h2>Personalisierter Content entlang der Customer Journey<\/h2>\n<p>Ein personalisiertes Kauferlebnis kann Kundenzufriedenheit f\u00f6rdern und zu einer h\u00f6heren Conversion Rate f\u00fchren. \u00dcber den Styla Experience Manager und zenloop identifizieren Unternehmen erfolgreiche Touchpoints entlang der Customer Journey und stellen ihren Kunden personalisierte und relevante Inhalte zur Verf\u00fcgung. So k\u00f6nnen Unternehmen Feedbackdaten nutzen, um ihre Kunden zur richtigen Zeit mit passenden Angeboten zu erreichen.<\/p>\n\t\t\t\t<\/div>\n\t\t\t\n\t\t\t<\/div>\n\t\t\n\t<\/div>\n<\/section>\n\n<section         class=\"block-spalten partners-image-right margin-both no-padding\" style=\"background-image:url('');\" id=\"\"\n>\n\t<div class=\"container\">\n\t\t\n\t\t\t\t\n\t\t<div class=\"grid\" style=\"grid-template-columns:\trepeat( 2, 1fr)\">\t\t\t\t\n\t\t\t\t<div class=\"col flex-center\">\n\t\t\t\t\t<h2>Nachhaltige Kundenbindung durch erstklassige Customer Experience<\/h2>\n<p>Durch personalisierte Inhalte kann die Verweildauer und das Engagement der Kunden im Onlineshop gesteigert werden. Pain Points entlang der Customer Journey werden identifiziert und addressiert, was zu einem optimalen Shopping-Erlebnis f\u00fchrt. So entstehen langfristige Kundenbeziehungen und nachhaltige Kundenbindung.<\/p>\n\t\t\t\t<\/div>\n\t\t\t\n\t\t\t\t\t\t\t\n\t\t\t\t<div class=\"col flex-center\">\n\t\t\t\t\t<p><img loading=\"lazy\" decoding=\"async\" class=\"aligncenter size-full wp-image-1914\" src=\"https:\/\/zenloop1.wpengine.com\/de\/wp-content\/uploads\/2022\/03\/Seven-Senders-Partner-LP-Graphic-1-Service.jpg\" alt=\"\" width=\"680\" height=\"620\" srcset=\"https:\/\/www.zenloop.com\/de\/wp-content\/uploads\/sites\/3\/2022\/03\/Seven-Senders-Partner-LP-Graphic-1-Service.jpg 680w, https:\/\/www.zenloop.com\/de\/wp-content\/uploads\/sites\/3\/2022\/03\/Seven-Senders-Partner-LP-Graphic-1-Service-300x274.jpg 300w\" sizes=\"auto, (max-width: 680px) 100vw, 680px\" \/><\/p>\n\t\t\t\t<\/div>\n\t\t\t\n\t\t\t<\/div>\n\t\t\n\t<\/div>\n<\/section>\n\n<section         class=\"block-spalten partners-image-left margin-both no-padding\" style=\"background-image:url('');\" id=\"\"\n>\n\t<div class=\"container\">\n\t\t\n\t\t\t\t\n\t\t<div class=\"grid\" style=\"grid-template-columns:\trepeat( 2, 1fr)\">\t\t\t\t\n\t\t\t\t<div class=\"col flex-center\">\n\t\t\t\t\t<p><img loading=\"lazy\" decoding=\"async\" class=\"aligncenter size-full wp-image-1936\" src=\"https:\/\/zenloop1.wpengine.com\/de\/wp-content\/uploads\/2022\/03\/Styla-Partner-LP-Graphic-3-Alerts-EN-1.jpg\" alt=\"Styla-Partner-LP-Graphic-3-Alerts-EN-1\" width=\"608\" height=\"506\" srcset=\"https:\/\/www.zenloop.com\/de\/wp-content\/uploads\/sites\/3\/2022\/03\/Styla-Partner-LP-Graphic-3-Alerts-EN-1.jpg 608w, https:\/\/www.zenloop.com\/de\/wp-content\/uploads\/sites\/3\/2022\/03\/Styla-Partner-LP-Graphic-3-Alerts-EN-1-300x250.jpg 300w\" sizes=\"auto, (max-width: 608px) 100vw, 608px\" \/><\/p>\n\t\t\t\t<\/div>\n\t\t\t\n\t\t\t\t\t\t\t\n\t\t\t\t<div class=\"col flex-center\">\n\t\t\t\t\t<h2>Schnelle Handlungsf\u00e4higkeit durch Automatisierung<\/h2>\n<p>Dank der Automatisierungstechnologien mit dem Styla Experience Manager und zenloop k\u00f6nnen Unternehmen m\u00fchsame Kreations- und Distributionsprozesse, sowie die manuelle Bearbeitung von Kundenfeedback vermeiden. So k\u00f6nnen Ressourcen effizient dort eingesetzt werden, wo sie gebraucht werden. Dies erm\u00f6glicht eine hohe Anpassungsf\u00e4higkeit und schnelle Reaktion auf Kundenw\u00fcnsche.<\/p>\n\t\t\t\t<\/div>\n\t\t\t\n\t\t\t<\/div>\n\t\t\n\t<\/div>\n<\/section>\n\n<section         class=\"block-article-listings  no-margin padding-both\" style=\"background-color:#ecedef;\" id=\"\"\n>\n\t<div class=\"container\">\n\t\t<div class=\"article-listings-area\">\n\t\t\t<div class=\"six columns\">\n\t\t\t\t<h2>Blog Highlights<\/h2>\n\t\t\t\t<div class=\"article-listings\">\n\t\t\t\t\t\t\t\t\t\t\t\t\t\t\t\t\t\t<div class=\"article-listing\">\n\t\t\t\t\t\t\t\t<h5>Das Kundenerlebnis<\/h5>\n\t\t\t\t\t\t\t\t<div class=\"article-description\">Tipps f\u00fcr erfolgreiche Kundenerfahrungen\r\n<\/div>\n\t\t\t\t\t\t\t\t<div class=\"article-data\">\n\t\t\t\t\t\t\t\t\t<div class=\"read-time\">8 Min. Lesezeit \/<\/div>\n\t\t\t\t\t\t\t\t\t<a href=\"\/de\/blog\/erfolgsfaktor-kundenerlebnis\">Mehr erfahren ><\/a>\n\t\t\t\t\t\t\t\t<\/div>\n\t\t\t\t\t\t\t<\/div>\n\t\t\t\t\t\t\t\t\t\t\t\t\t\t\t\t\t\t\t\t\t\t\t\t<div class=\"article-listing\">\n\t\t\t\t\t\t\t\t<h5>Customer Journey im Zusammenhang mit NPS\u00ae<\/h5>\n\t\t\t\t\t\t\t\t<div class=\"article-description\">Kundenorientierung ausbauen und -zufriedenheit analysieren\r\n<\/div>\n\t\t\t\t\t\t\t\t<div class=\"article-data\">\n\t\t\t\t\t\t\t\t\t<div class=\"read-time\">7 Min. Lesezeit \/<\/div>\n\t\t\t\t\t\t\t\t\t<a href=\"\/de\/blog\/customer-journey-und-nps\">Mehr erfahren ><\/a>\n\t\t\t\t\t\t\t\t<\/div>\n\t\t\t\t\t\t\t<\/div>\n\t\t\t\t\t\t\t\t\t\t\t\t\t\t\t\t\t\t\t\t\t\t\t\t<div class=\"article-listing\">\n\t\t\t\t\t\t\t\t<h5>5 Arten Effektiver Kundenbindung<\/h5>\n\t\t\t\t\t\t\t\t<div class=\"article-description\">Ma\u00dfnahmen um Kunden langfristig an sich zu binden\r\n<\/div>\n\t\t\t\t\t\t\t\t<div class=\"article-data\">\n\t\t\t\t\t\t\t\t\t<div class=\"read-time\">8 Min. Lesezeit \/<\/div>\n\t\t\t\t\t\t\t\t\t<a href=\"\/de\/blog\/fuenf-arten-effektiver-kundenbindung\"> Mehr erfahren ><\/a>\n\t\t\t\t\t\t\t\t<\/div>\n\t\t\t\t\t\t\t<\/div>\n\t\t\t\t\t\t\t\t\t\t\t\t\t\t\t<\/div>\n\t\t\t\t\n\t\t\t\t\t\t\t\t<a href=\"\/resources\/retention\" class=\"button see-all\">Back to Overview<\/a>\n\t\t\t\t\t\t\t\t\n\t\t\t<\/div>\n\t\t\t<div class=\"six columns align-right right-side\">\n\t\t\t\t<p><img loading=\"lazy\" decoding=\"async\" class=\"aligncenter size-full wp-image-1929\" src=\"https:\/\/zenloop1.wpengine.com\/de\/wp-content\/uploads\/2022\/03\/blog-article-module-image.jpg\" alt=\"blog-article-module-image\" width=\"860\" height=\"1030\" srcset=\"https:\/\/www.zenloop.com\/de\/wp-content\/uploads\/sites\/3\/2022\/03\/blog-article-module-image.jpg 860w, https:\/\/www.zenloop.com\/de\/wp-content\/uploads\/sites\/3\/2022\/03\/blog-article-module-image-250x300.jpg 250w, https:\/\/www.zenloop.com\/de\/wp-content\/uploads\/sites\/3\/2022\/03\/blog-article-module-image-855x1024.jpg 855w, https:\/\/www.zenloop.com\/de\/wp-content\/uploads\/sites\/3\/2022\/03\/blog-article-module-image-768x920.jpg 768w\" sizes=\"auto, (max-width: 860px) 100vw, 860px\" \/><\/p>\n\t\t\t<\/div>\n\t\t<\/div>\n\t<\/div>\n<\/section>\n\n<section         class=\"block-partners  no-margin padding-both\" style=\"background-image:url('');\" id=\"\"\n>\n\t\t<div class=\"container\">\n            <h2 class=\"section-title\">Weitere Technologie-Partner<\/h2>\t\t\t<div class=\"grid\" style=\"grid-template-columns:1fr 1fr 1fr 1fr\">\n                                    <a href=\"\/de\/partner\/shopware\" class=\"partner-listing\">\n                        <div class=\"image\"><img loading=\"lazy\" decoding=\"async\" width=\"64\" height=\"64\" src=\"https:\/\/www.zenloop.com\/de\/wp-content\/uploads\/sites\/3\/2022\/03\/shopware-zenloop-integration.svg\" class=\"attachment-full size-full\" alt=\"\" \/><\/div>\n                        <div class=\"partner-name\">Shopware<\/div>\n                    <\/a>\n                                    <a href=\"\/de\/partner\/shopify\" class=\"partner-listing\">\n                        <div class=\"image\"><img loading=\"lazy\" decoding=\"async\" width=\"64\" height=\"64\" src=\"https:\/\/www.zenloop.com\/de\/wp-content\/uploads\/sites\/3\/2022\/03\/shopify-zenloop-integration.svg\" class=\"attachment-full size-full\" alt=\"\" \/><\/div>\n                        <div class=\"partner-name\">Shopify<\/div>\n                    <\/a>\n                                    <a href=\"\/de\/partner\/salesforce\" class=\"partner-listing\">\n                        <div class=\"image\"><img loading=\"lazy\" decoding=\"async\" width=\"64\" height=\"64\" src=\"https:\/\/www.zenloop.com\/de\/wp-content\/uploads\/sites\/3\/2022\/03\/salesforce-zenloop-integration.svg\" class=\"attachment-full size-full\" alt=\"\" \/><\/div>\n                        <div class=\"partner-name\">Salesforce<\/div>\n                    <\/a>\n                                    <a href=\"\/de\/partner\/tradebyte\" class=\"partner-listing\">\n                        <div class=\"image\"><img loading=\"lazy\" decoding=\"async\" width=\"64\" height=\"64\" src=\"https:\/\/www.zenloop.com\/de\/wp-content\/uploads\/sites\/3\/2022\/04\/tradebyte.svg\" class=\"attachment-full size-full\" alt=\"\" \/><\/div>\n                        <div class=\"partner-name\">Tradebyte<\/div>\n                    <\/a>\n                                    <a href=\"\/de\/partner\/zendesk\" class=\"partner-listing\">\n                        <div class=\"image\"><img loading=\"lazy\" decoding=\"async\" width=\"60\" height=\"60\" src=\"https:\/\/www.zenloop.com\/de\/wp-content\/uploads\/sites\/3\/2022\/04\/integration-icon-zendesk.svg\" class=\"attachment-full size-full\" alt=\"\" \/><\/div>\n                        <div class=\"partner-name\">Zendesk<\/div>\n                    <\/a>\n                                    <a href=\"\/de\/partner\/contentsquare\" class=\"partner-listing\">\n                        <div class=\"image\"><img loading=\"lazy\" decoding=\"async\" width=\"64\" height=\"64\" src=\"https:\/\/www.zenloop.com\/de\/wp-content\/uploads\/sites\/3\/2022\/04\/contentsquare.svg\" class=\"attachment-full size-full\" alt=\"\" \/><\/div>\n                        <div class=\"partner-name\">Contentsquare<\/div>\n                    <\/a>\n                                    <a href=\"\/de\/partner\/dynamicyield\" class=\"partner-listing\">\n                        <div class=\"image\"><img loading=\"lazy\" decoding=\"async\" width=\"64\" height=\"64\" src=\"https:\/\/www.zenloop.com\/de\/wp-content\/uploads\/sites\/3\/2022\/04\/dynamicyield.svg\" class=\"attachment-full size-full\" alt=\"\" \/><\/div>\n                        <div class=\"partner-name\">Dynamic Yield<\/div>\n                    <\/a>\n                                    <a href=\"\/de\/partner\/trbo\" class=\"partner-listing\">\n                        <div class=\"image\"><img loading=\"lazy\" decoding=\"async\" width=\"64\" height=\"64\" src=\"https:\/\/www.zenloop.com\/de\/wp-content\/uploads\/sites\/3\/2022\/04\/trbo.svg\" class=\"attachment-full size-full\" alt=\"\" \/><\/div>\n                        <div class=\"partner-name\">trbo<\/div>\n                    <\/a>\n                                    <a href=\"\/de\/partner\/crossengage\" class=\"partner-listing\">\n                        <div class=\"image\"><img loading=\"lazy\" decoding=\"async\" width=\"64\" height=\"64\" src=\"https:\/\/www.zenloop.com\/de\/wp-content\/uploads\/sites\/3\/2022\/04\/crossengage.svg\" class=\"attachment-full size-full\" alt=\"\" \/><\/div>\n                        <div class=\"partner-name\">CrossEngage<\/div>\n                    <\/a>\n                                    <a href=\"\/de\/partner\/freshdesk\" class=\"partner-listing\">\n                        <div class=\"image\"><img loading=\"lazy\" decoding=\"async\" width=\"60\" height=\"60\" src=\"https:\/\/www.zenloop.com\/de\/wp-content\/uploads\/sites\/3\/2022\/04\/integration-icon-freshdesk.svg\" class=\"attachment-full size-full\" alt=\"\" \/><\/div>\n                        <div class=\"partner-name\">Freshdesk<\/div>\n                    <\/a>\n                                    <a href=\"\/de\/partner\/optimizely\" class=\"partner-listing\">\n                        <div class=\"image\"><img loading=\"lazy\" decoding=\"async\" width=\"60\" height=\"60\" src=\"https:\/\/www.zenloop.com\/de\/wp-content\/uploads\/sites\/3\/2022\/04\/integration-icon-optimizely.svg\" class=\"attachment-full size-full\" alt=\"\" \/><\/div>\n                        <div class=\"partner-name\">Optimizely<\/div>\n                    <\/a>\n                                    <a href=\"\/de\/technology-partner\" class=\"partner-listing\">\n                        <div class=\"image\"><\/div>\n                        <div class=\"partner-name\"> &#8230;und viele mehr!<\/div>\n                    <\/a>\n                            <\/div>\n\t\t<\/div>\n<\/section>\n\n<section         class=\"block-spalten partners-footer-cta no-margin small-padding-top\" style=\"background-color:#ecedef;\" id=\"\"\n>\n\t<div class=\"container\">\n\t\t\n\t\t\t\t\n\t\t<div class=\"grid\" style=\"grid-template-columns:\t7fr 5fr\">\t\t\t\t\n\t\t\t\t<div class=\"col \">\n\t\t\t\t\t<h2>Die Vorteile von Styla und zenloop nutzen<\/h2>\n<p><a class=\"button\" href=\"\/de\/demo-anfragen\">Kostenfreie Beratung anfragen<\/a><\/p>\n\t\t\t\t<\/div>\n\t\t\t\n\t\t\t\t\t\t\t\n\t\t\t\t<div class=\"col \">\n\t\t\t\t\t<p><img loading=\"lazy\" decoding=\"async\" class=\"alignnone wp-image-859 size-full\" src=\"https:\/\/zenloop1.wpengine.com\/de\/wp-content\/uploads\/2022\/03\/person-e1646731098431.jpg\" alt=\"Demo module\" width=\"940\" height=\"761\" srcset=\"https:\/\/www.zenloop.com\/de\/wp-content\/uploads\/sites\/3\/2022\/03\/person-e1646731098431.jpg 940w, https:\/\/www.zenloop.com\/de\/wp-content\/uploads\/sites\/3\/2022\/03\/person-e1646731098431-300x243.jpg 300w, https:\/\/www.zenloop.com\/de\/wp-content\/uploads\/sites\/3\/2022\/03\/person-e1646731098431-768x622.jpg 768w\" sizes=\"auto, (max-width: 940px) 100vw, 940px\" \/><\/p>\n\t\t\t\t<\/div>\n\t\t\t\n\t\t\t<\/div>\n\t\t\n\t<\/div>\n<\/section>","protected":false},"excerpt":{"rendered":"","protected":false},"author":2,"featured_media":3463,"parent":840,"menu_order":0,"comment_status":"closed","ping_status":"closed","template":"","meta":{"_acf_changed":false,"inline_featured_image":false,"footnotes":""},"class_list":["post-1933","page","type-page","status-publish","has-post-thumbnail","hentry"],"acf":[],"yoast_head":"<!-- This site is optimized with the Yoast SEO Premium plugin v21.6 (Yoast SEO v27.5) - https:\/\/yoast.com\/product\/yoast-seo-premium-wordpress\/ -->\n<title>Erfolgreiche Customer Experiences mit Styla GmbH und zenloop<\/title>\n<meta name=\"description\" content=\"Erfahren Sie, wie Unternehmen mit der Styla GmbH &amp; zenloop erfolgreiche digitale Kundenerlebnisse schaffen und die Kundenbindung nachhaltig steigern.\" \/>\n<meta name=\"robots\" content=\"index, follow, max-snippet:-1, max-image-preview:large, max-video-preview:-1\" \/>\n<link rel=\"canonical\" href=\"https:\/\/www.zenloop.com\/de\/partner\/styla\/\" \/>\n<meta property=\"og:locale\" content=\"de_DE\" \/>\n<meta property=\"og:type\" content=\"article\" \/>\n<meta property=\"og:title\" content=\"Styla + zenloop\" \/>\n<meta property=\"og:description\" content=\"Erfahren Sie, wie Unternehmen mit der Styla GmbH &amp; zenloop erfolgreiche digitale Kundenerlebnisse schaffen und die Kundenbindung nachhaltig steigern.\" \/>\n<meta property=\"og:url\" content=\"https:\/\/www.zenloop.com\/de\/partner\/styla\/\" \/>\n<meta property=\"og:site_name\" content=\"zenloop\" \/>\n<meta property=\"article:publisher\" content=\"https:\/\/www.facebook.com\/zenloop\/\" \/>\n<meta property=\"article:modified_time\" content=\"2022-04-25T10:15:15+00:00\" \/>\n<meta property=\"og:image\" content=\"https:\/\/www.zenloop.com\/de\/wp-content\/uploads\/sites\/3\/2022\/03\/article-promoters-preview.jpg\" \/>\n\t<meta property=\"og:image:width\" content=\"1200\" \/>\n\t<meta property=\"og:image:height\" content=\"628\" \/>\n\t<meta property=\"og:image:type\" content=\"image\/jpeg\" \/>\n<meta name=\"twitter:card\" content=\"summary_large_image\" \/>\n<meta name=\"twitter:site\" content=\"@zenloopHQ\" \/>\n<script type=\"application\/ld+json\" class=\"yoast-schema-graph\">{\"@context\":\"https:\\\/\\\/schema.org\",\"@graph\":[{\"@type\":\"WebPage\",\"@id\":\"https:\\\/\\\/www.zenloop.com\\\/de\\\/partner\\\/styla\\\/\",\"url\":\"https:\\\/\\\/www.zenloop.com\\\/de\\\/partner\\\/styla\\\/\",\"name\":\"Erfolgreiche Customer Experiences mit Styla GmbH und zenloop\",\"isPartOf\":{\"@id\":\"https:\\\/\\\/www.zenloop.com\\\/de\\\/#website\"},\"primaryImageOfPage\":{\"@id\":\"https:\\\/\\\/www.zenloop.com\\\/de\\\/partner\\\/styla\\\/#primaryimage\"},\"image\":{\"@id\":\"https:\\\/\\\/www.zenloop.com\\\/de\\\/partner\\\/styla\\\/#primaryimage\"},\"thumbnailUrl\":\"https:\\\/\\\/www.zenloop.com\\\/de\\\/wp-content\\\/uploads\\\/sites\\\/3\\\/2022\\\/04\\\/energy-logo-zenloop.svg\",\"datePublished\":\"2022-03-18T15:57:07+00:00\",\"dateModified\":\"2022-04-25T10:15:15+00:00\",\"description\":\"Erfahren Sie, wie Unternehmen mit der Styla GmbH & zenloop erfolgreiche digitale Kundenerlebnisse schaffen und die Kundenbindung nachhaltig steigern.\",\"breadcrumb\":{\"@id\":\"https:\\\/\\\/www.zenloop.com\\\/de\\\/partner\\\/styla\\\/#breadcrumb\"},\"inLanguage\":\"de-DE\",\"potentialAction\":[{\"@type\":\"ReadAction\",\"target\":[\"https:\\\/\\\/www.zenloop.com\\\/de\\\/partner\\\/styla\\\/\"]}]},{\"@type\":\"ImageObject\",\"inLanguage\":\"de-DE\",\"@id\":\"https:\\\/\\\/www.zenloop.com\\\/de\\\/partner\\\/styla\\\/#primaryimage\",\"url\":\"https:\\\/\\\/www.zenloop.com\\\/de\\\/wp-content\\\/uploads\\\/sites\\\/3\\\/2022\\\/04\\\/energy-logo-zenloop.svg\",\"contentUrl\":\"https:\\\/\\\/www.zenloop.com\\\/de\\\/wp-content\\\/uploads\\\/sites\\\/3\\\/2022\\\/04\\\/energy-logo-zenloop.svg\",\"width\":129,\"height\":72,\"caption\":\"energy-logo-zenloop\"},{\"@type\":\"BreadcrumbList\",\"@id\":\"https:\\\/\\\/www.zenloop.com\\\/de\\\/partner\\\/styla\\\/#breadcrumb\",\"itemListElement\":[{\"@type\":\"ListItem\",\"position\":1,\"name\":\"zenloop Partner Community\",\"item\":\"https:\\\/\\\/www.zenloop.com\\\/de\\\/partner\\\/\"},{\"@type\":\"ListItem\",\"position\":2,\"name\":\"Styla + zenloop\"}]},{\"@type\":\"WebSite\",\"@id\":\"https:\\\/\\\/www.zenloop.com\\\/de\\\/#website\",\"url\":\"https:\\\/\\\/www.zenloop.com\\\/de\\\/\",\"name\":\"zenloop\",\"description\":\"Customer Experience Management und Action Management\",\"publisher\":{\"@id\":\"https:\\\/\\\/www.zenloop.com\\\/de\\\/#organization\"},\"potentialAction\":[{\"@type\":\"SearchAction\",\"target\":{\"@type\":\"EntryPoint\",\"urlTemplate\":\"https:\\\/\\\/www.zenloop.com\\\/de\\\/?s={search_term_string}\"},\"query-input\":{\"@type\":\"PropertyValueSpecification\",\"valueRequired\":true,\"valueName\":\"search_term_string\"}}],\"inLanguage\":\"de-DE\"},{\"@type\":\"Organization\",\"@id\":\"https:\\\/\\\/www.zenloop.com\\\/de\\\/#organization\",\"name\":\"zenloop\",\"url\":\"https:\\\/\\\/www.zenloop.com\\\/de\\\/\",\"logo\":{\"@type\":\"ImageObject\",\"inLanguage\":\"de-DE\",\"@id\":\"https:\\\/\\\/www.zenloop.com\\\/de\\\/#\\\/schema\\\/logo\\\/image\\\/\",\"url\":\"https:\\\/\\\/www.zenloop.com\\\/de\\\/wp-content\\\/uploads\\\/sites\\\/3\\\/2022\\\/03\\\/zenloop-2.svg\",\"contentUrl\":\"https:\\\/\\\/www.zenloop.com\\\/de\\\/wp-content\\\/uploads\\\/sites\\\/3\\\/2022\\\/03\\\/zenloop-2.svg\",\"width\":129,\"height\":72,\"caption\":\"zenloop\"},\"image\":{\"@id\":\"https:\\\/\\\/www.zenloop.com\\\/de\\\/#\\\/schema\\\/logo\\\/image\\\/\"},\"sameAs\":[\"https:\\\/\\\/www.facebook.com\\\/zenloop\\\/\",\"https:\\\/\\\/x.com\\\/zenloopHQ\",\"https:\\\/\\\/www.linkedin.com\\\/company\\\/zenloop\",\"https:\\\/\\\/www.instagram.com\\\/zenloophq\\\/\",\"https:\\\/\\\/www.youtube.com\\\/channel\\\/UCJDQprWMAcIesSAcawVIcsw\"]}]}<\/script>\n<!-- \/ Yoast SEO Premium plugin. -->","yoast_head_json":{"title":"Erfolgreiche Customer Experiences mit Styla GmbH und zenloop","description":"Erfahren Sie, wie Unternehmen mit der Styla GmbH & zenloop erfolgreiche digitale Kundenerlebnisse schaffen und die Kundenbindung nachhaltig steigern.","robots":{"index":"index","follow":"follow","max-snippet":"max-snippet:-1","max-image-preview":"max-image-preview:large","max-video-preview":"max-video-preview:-1"},"canonical":"https:\/\/www.zenloop.com\/de\/partner\/styla\/","og_locale":"de_DE","og_type":"article","og_title":"Styla + zenloop","og_description":"Erfahren Sie, wie Unternehmen mit der Styla GmbH & zenloop erfolgreiche digitale Kundenerlebnisse schaffen und die Kundenbindung nachhaltig steigern.","og_url":"https:\/\/www.zenloop.com\/de\/partner\/styla\/","og_site_name":"zenloop","article_publisher":"https:\/\/www.facebook.com\/zenloop\/","article_modified_time":"2022-04-25T10:15:15+00:00","og_image":[{"width":1200,"height":628,"url":"https:\/\/www.zenloop.com\/de\/wp-content\/uploads\/sites\/3\/2022\/03\/article-promoters-preview.jpg","type":"image\/jpeg"}],"twitter_card":"summary_large_image","twitter_site":"@zenloopHQ","schema":{"@context":"https:\/\/schema.org","@graph":[{"@type":"WebPage","@id":"https:\/\/www.zenloop.com\/de\/partner\/styla\/","url":"https:\/\/www.zenloop.com\/de\/partner\/styla\/","name":"Erfolgreiche Customer Experiences mit Styla GmbH und zenloop","isPartOf":{"@id":"https:\/\/www.zenloop.com\/de\/#website"},"primaryImageOfPage":{"@id":"https:\/\/www.zenloop.com\/de\/partner\/styla\/#primaryimage"},"image":{"@id":"https:\/\/www.zenloop.com\/de\/partner\/styla\/#primaryimage"},"thumbnailUrl":"https:\/\/www.zenloop.com\/de\/wp-content\/uploads\/sites\/3\/2022\/04\/energy-logo-zenloop.svg","datePublished":"2022-03-18T15:57:07+00:00","dateModified":"2022-04-25T10:15:15+00:00","description":"Erfahren Sie, wie Unternehmen mit der Styla GmbH & zenloop erfolgreiche digitale Kundenerlebnisse schaffen und die Kundenbindung nachhaltig steigern.","breadcrumb":{"@id":"https:\/\/www.zenloop.com\/de\/partner\/styla\/#breadcrumb"},"inLanguage":"de-DE","potentialAction":[{"@type":"ReadAction","target":["https:\/\/www.zenloop.com\/de\/partner\/styla\/"]}]},{"@type":"ImageObject","inLanguage":"de-DE","@id":"https:\/\/www.zenloop.com\/de\/partner\/styla\/#primaryimage","url":"https:\/\/www.zenloop.com\/de\/wp-content\/uploads\/sites\/3\/2022\/04\/energy-logo-zenloop.svg","contentUrl":"https:\/\/www.zenloop.com\/de\/wp-content\/uploads\/sites\/3\/2022\/04\/energy-logo-zenloop.svg","width":129,"height":72,"caption":"energy-logo-zenloop"},{"@type":"BreadcrumbList","@id":"https:\/\/www.zenloop.com\/de\/partner\/styla\/#breadcrumb","itemListElement":[{"@type":"ListItem","position":1,"name":"zenloop Partner Community","item":"https:\/\/www.zenloop.com\/de\/partner\/"},{"@type":"ListItem","position":2,"name":"Styla + zenloop"}]},{"@type":"WebSite","@id":"https:\/\/www.zenloop.com\/de\/#website","url":"https:\/\/www.zenloop.com\/de\/","name":"zenloop","description":"Customer Experience Management und Action Management","publisher":{"@id":"https:\/\/www.zenloop.com\/de\/#organization"},"potentialAction":[{"@type":"SearchAction","target":{"@type":"EntryPoint","urlTemplate":"https:\/\/www.zenloop.com\/de\/?s={search_term_string}"},"query-input":{"@type":"PropertyValueSpecification","valueRequired":true,"valueName":"search_term_string"}}],"inLanguage":"de-DE"},{"@type":"Organization","@id":"https:\/\/www.zenloop.com\/de\/#organization","name":"zenloop","url":"https:\/\/www.zenloop.com\/de\/","logo":{"@type":"ImageObject","inLanguage":"de-DE","@id":"https:\/\/www.zenloop.com\/de\/#\/schema\/logo\/image\/","url":"https:\/\/www.zenloop.com\/de\/wp-content\/uploads\/sites\/3\/2022\/03\/zenloop-2.svg","contentUrl":"https:\/\/www.zenloop.com\/de\/wp-content\/uploads\/sites\/3\/2022\/03\/zenloop-2.svg","width":129,"height":72,"caption":"zenloop"},"image":{"@id":"https:\/\/www.zenloop.com\/de\/#\/schema\/logo\/image\/"},"sameAs":["https:\/\/www.facebook.com\/zenloop\/","https:\/\/x.com\/zenloopHQ","https:\/\/www.linkedin.com\/company\/zenloop","https:\/\/www.instagram.com\/zenloophq\/","https:\/\/www.youtube.com\/channel\/UCJDQprWMAcIesSAcawVIcsw"]}]}},"_links":{"self":[{"href":"https:\/\/www.zenloop.com\/de\/wp-json\/wp\/v2\/pages\/1933","targetHints":{"allow":["GET"]}}],"collection":[{"href":"https:\/\/www.zenloop.com\/de\/wp-json\/wp\/v2\/pages"}],"about":[{"href":"https:\/\/www.zenloop.com\/de\/wp-json\/wp\/v2\/types\/page"}],"author":[{"embeddable":true,"href":"https:\/\/www.zenloop.com\/de\/wp-json\/wp\/v2\/users\/2"}],"replies":[{"embeddable":true,"href":"https:\/\/www.zenloop.com\/de\/wp-json\/wp\/v2\/comments?post=1933"}],"version-history":[{"count":0,"href":"https:\/\/www.zenloop.com\/de\/wp-json\/wp\/v2\/pages\/1933\/revisions"}],"up":[{"embeddable":true,"href":"https:\/\/www.zenloop.com\/de\/wp-json\/wp\/v2\/pages\/840"}],"wp:featuredmedia":[{"embeddable":true,"href":"https:\/\/www.zenloop.com\/de\/wp-json\/wp\/v2\/media\/3463"}],"wp:attachment":[{"href":"https:\/\/www.zenloop.com\/de\/wp-json\/wp\/v2\/media?parent=1933"}],"curies":[{"name":"wp","href":"https:\/\/api.w.org\/{rel}","templated":true}]}}